{"id":237154,"date":"2020-06-16T07:50:40","date_gmt":"2020-06-16T05:50:40","guid":{"rendered":"https:\/\/www.nimaerreti.it\/blog\/"},"modified":"2023-06-19T15:22:09","modified_gmt":"2023-06-19T13:22:09","slug":"blog","status":"publish","type":"page","link":"https:\/\/www.nimaerreti.it\/fr\/blog\/","title":{"rendered":"Blog"},"content":{"rendered":"<p>[et_pb_section fb_built=\u00a0\u00bb1&Prime; admin_label=\u00a0\u00bbLanding Hero\u00a0\u00bb _builder_version=\u00a0\u00bb4.16&Prime; background_image=\u00a0\u00bbhttps:\/\/www.nimaerreti.it\/wp-content\/uploads\/2020\/10\/Nima-Erre.Ti-Packaging-Azienda-Sviluppo-Macchine-Confezionamento-Automatico_pc_tablet.jpg\u00a0\u00bb custom_padding=\u00a0\u00bb70px|0px|8px|0px||\u00a0\u00bb animation_direction=\u00a0\u00bbtop\u00a0\u00bb background_last_edited=\u00a0\u00bbon|tablet\u00a0\u00bb background_image_tablet=\u00a0\u00bbhttps:\/\/www.nimaerreti.it\/wp-content\/uploads\/2020\/10\/Nima-Erre.Ti-Packaging-Azienda-Sviluppo-Macchine-Confezionamento-Automatico_mobile.jpg\u00a0\u00bb background_image_phone=\u00a0\u00bbhttps:\/\/www.nimaerreti.it\/wp-content\/uploads\/2020\/10\/Nima-Erre.Ti-Packaging-Azienda-Sviluppo-Macchine-Confezionamento-Automatico_mobile.jpg\u00a0\u00bb background_enable_image_tablet=\u00a0\u00bbon\u00a0\u00bb background_enable_image_phone=\u00a0\u00bbon\u00a0\u00bb locked=\u00a0\u00bboff\u00a0\u00bb global_colors_info=\u00a0\u00bb{}\u00a0\u00bb alt_tablet=\u00a0\u00bbNima Erre.Ti Packaging, Azienda Sviluppo Macchine Confezionamento Automatico_mobile\u00a0\u00bb title_text_tablet=\u00a0\u00bbNima Erre.Ti Packaging, Azienda Sviluppo Macchine Confezionamento Automatico_mobile\u00a0\u00bb alt_phone=\u00a0\u00bbNima Erre.Ti Packaging, Azienda Sviluppo Macchine Confezionamento Automatico_mobile\u00a0\u00bb title_text_phone=\u00a0\u00bbNima Erre.Ti Packaging, Azienda Sviluppo Macchine Confezionamento Automatico_mobile\u00a0\u00bb][et_pb_row column_structure=\u00a0\u00bb1_2,1_2&Prime; _builder_version=\u00a0\u00bb4.16&Prime; custom_margin=\u00a0\u00bb|auto|20px|auto||\u00a0\u00bb custom_width_px=\u00a0\u00bb1280px\u00a0\u00bb global_colors_info=\u00a0\u00bb{}\u00a0\u00bb][et_pb_column type=\u00a0\u00bb1_2&Prime; _builder_version=\u00a0\u00bb4.16&Prime; custom_padding=\u00a0\u00bb|||\u00a0\u00bb global_colors_info=\u00a0\u00bb{}\u00a0\u00bb custom_padding__hover=\u00a0\u00bb|||\u00a0\u00bb][et_pb_text _builder_version=\u00a0\u00bb4.16&Prime; text_text_color=\u00a0\u00bb#000000&Prime; text_font_size=\u00a0\u00bb16px\u00a0\u00bb text_line_height=\u00a0\u00bb1.9em\u00a0\u00bb locked=\u00a0\u00bboff\u00a0\u00bb global_colors_info=\u00a0\u00bb{}\u00a0\u00bb][\/et_pb_text][et_pb_text _builder_version=\u00a0\u00bb4.16&Prime; header_font=\u00a0\u00bb|on|||\u00a0\u00bb header_text_color=\u00a0\u00bb#005da9&Prime; header_font_size=\u00a0\u00bb40px\u00a0\u00bb header_line_height=\u00a0\u00bb1.3em\u00a0\u00bb background_layout=\u00a0\u00bbdark\u00a0\u00bb custom_padding=\u00a0\u00bb|||\u00a0\u00bb header_font_size_tablet=\u00a0\u00bb\u00a0\u00bb header_font_size_phone=\u00a0\u00bb30px\u00a0\u00bb header_font_size_last_edited=\u00a0\u00bbon|phone\u00a0\u00bb locked=\u00a0\u00bboff\u00a0\u00bb global_colors_info=\u00a0\u00bb{}\u00a0\u00bb]<\/p>\n<h1>BLOG<\/h1>\n<p>[\/et_pb_text][et_pb_divider divider_weight=\u00a0\u00bb6px\u00a0\u00bb _builder_version=\u00a0\u00bb4.16&Prime; width=\u00a0\u00bb20%\u00a0\u00bb global_colors_info=\u00a0\u00bb{}\u00a0\u00bb][\/et_pb_divider][\/et_pb_column][et_pb_column type=\u00a0\u00bb1_2&Prime; _builder_version=\u00a0\u00bb4.16&Prime; custom_padding=\u00a0\u00bb|||\u00a0\u00bb global_colors_info=\u00a0\u00bb{}\u00a0\u00bb custom_padding__hover=\u00a0\u00bb|||\u00a0\u00bb][\/et_pb_column][\/et_pb_row][\/et_pb_section][et_pb_section fb_built=\u00a0\u00bb1&Prime; _builder_version=\u00a0\u00bb4.16&Prime; custom_padding=\u00a0\u00bb30px||16px||false|\u00a0\u00bb global_colors_info=\u00a0\u00bb{}\u00a0\u00bb][et_pb_row _builder_version=\u00a0\u00bb4.16&Prime; locked=\u00a0\u00bboff\u00a0\u00bb global_colors_info=\u00a0\u00bb{}\u00a0\u00bb][et_pb_column type=\u00a0\u00bb4_4&Prime; _builder_version=\u00a0\u00bb4.16&Prime; global_colors_info=\u00a0\u00bb{}\u00a0\u00bb][et_pb_text _builder_version=\u00a0\u00bb4.16&Prime; text_orientation=\u00a0\u00bbcenter\u00a0\u00bb global_colors_info=\u00a0\u00bb{}\u00a0\u00bb]<\/p>\n<p>Bienvenue sur le <strong>blog<\/strong> de Nima Erre.Ti Packaging s.r.l., un espace d\u00e9di\u00e9 aux <strong>mises \u00e0 jour<\/strong> et aux derni\u00e8res nouveaut\u00e9s dans le <strong>secteur<\/strong> de l&#8217;emballage et du <strong>packaging<\/strong>.<br \/> Actualit\u00e9s concernant les <strong>machines automatiques<\/strong> pour le <strong>conditionnement<\/strong> et nouvelles <strong>technologies<\/strong> de d\u00e9veloppement.<\/p>\n<p>[\/et_pb_text][\/et_pb_column][\/et_pb_row][et_pb_row _builder_version=\u00a0\u00bb4.16&Prime; global_colors_info=\u00a0\u00bb{}\u00a0\u00bb][et_pb_column type=\u00a0\u00bb4_4&Prime; _builder_version=\u00a0\u00bb4.16&Prime; global_colors_info=\u00a0\u00bb{}\u00a0\u00bb][et_pb_blog fullwidth=\u00a0\u00bboff\u00a0\u00bb include_categories=\u00a0\u00bb15&Prime; show_author=\u00a0\u00bboff\u00a0\u00bb show_date=\u00a0\u00bboff\u00a0\u00bb show_categories=\u00a0\u00bboff\u00a0\u00bb _builder_version=\u00a0\u00bb4.16&Prime; box_shadow_style=\u00a0\u00bbpreset3&Prime; global_colors_info=\u00a0\u00bb{}\u00a0\u00bb][\/et_pb_blog][\/et_pb_column][\/et_pb_row][\/et_pb_section][et_pb_section fb_built=\u00a0\u00bb1&Prime; _builder_version=\u00a0\u00bb4.16&Prime; custom_padding=\u00a0\u00bb0px||0px||true|\u00a0\u00bb global_colors_info=\u00a0\u00bb{}\u00a0\u00bb][et_pb_row column_structure=\u00a0\u00bb1_2,1_2&Prime; _builder_version=\u00a0\u00bb4.16&Prime; global_colors_info=\u00a0\u00bb{}\u00a0\u00bb][et_pb_column type=\u00a0\u00bb1_2&Prime; _builder_version=\u00a0\u00bb4.16&Prime; global_colors_info=\u00a0\u00bb{}\u00a0\u00bb][et_pb_button button_url=\u00a0\u00bb\/fr\/machines-et-solutions\/\u00a0\u00bb button_text=\u00a0\u00bbAller aux Machines et Solutions\u00a0\u00bb button_alignment=\u00a0\u00bbcenter\u00a0\u00bb _builder_version=\u00a0\u00bb4.21.0&Prime; custom_button=\u00a0\u00bbon\u00a0\u00bb button_text_size=\u00a0\u00bb20px\u00a0\u00bb button_text_color=\u00a0\u00bb#3d3d3d\u00a0\u00bb button_border_width=\u00a0\u00bb3px\u00a0\u00bb button_border_color=\u00a0\u00bb#e09900&Prime; button_border_radius=\u00a0\u00bb15px\u00a0\u00bb hover_enabled=\u00a0\u00bb0&Prime; global_colors_info=\u00a0\u00bb{}\u00a0\u00bb sticky_enabled=\u00a0\u00bb0&Prime;][\/et_pb_button][\/et_pb_column][et_pb_column type=\u00a0\u00bb1_2&Prime; _builder_version=\u00a0\u00bb4.16&Prime; global_colors_info=\u00a0\u00bb{}\u00a0\u00bb][et_pb_button button_url=\u00a0\u00bb\/fr\/services\/\u00a0\u00bb button_text=\u00a0\u00bbAllee aux Services\u00a0\u00bb button_alignment=\u00a0\u00bbcenter\u00a0\u00bb _builder_version=\u00a0\u00bb4.21.0&Prime; custom_button=\u00a0\u00bbon\u00a0\u00bb button_text_size=\u00a0\u00bb20px\u00a0\u00bb button_text_color=\u00a0\u00bb#3d3d3d\u00a0\u00bb button_border_width=\u00a0\u00bb3px\u00a0\u00bb button_border_color=\u00a0\u00bb#e09900&Prime; button_border_radius=\u00a0\u00bb15px\u00a0\u00bb hover_enabled=\u00a0\u00bb0&Prime; global_colors_info=\u00a0\u00bb{}\u00a0\u00bb sticky_enabled=\u00a0\u00bb0&Prime;][\/et_pb_button][\/et_pb_column][\/et_pb_row][\/et_pb_section][et_pb_section fb_built=\u00a0\u00bb1&Prime; _builder_version=\u00a0\u00bb4.16&Prime; custom_padding=\u00a0\u00bb20px||20px||true|\u00a0\u00bb saved_tabs=\u00a0\u00bball\u00a0\u00bb global_colors_info=\u00a0\u00bb{}\u00a0\u00bb][et_pb_row _builder_version=\u00a0\u00bb4.16&Prime; global_colors_info=\u00a0\u00bb{}\u00a0\u00bb][et_pb_column type=\u00a0\u00bb4_4&Prime; _builder_version=\u00a0\u00bb4.16&Prime; global_colors_info=\u00a0\u00bb{}\u00a0\u00bb][et_pb_text _builder_version=\u00a0\u00bb4.21.0&Prime; text_font_size=\u00a0\u00bb12px\u00a0\u00bb hover_enabled=\u00a0\u00bb0&Prime; global_colors_info=\u00a0\u00bb{}\u00a0\u00bb sticky_enabled=\u00a0\u00bb0&Prime;]<\/p>\n<p style=\"text-align: center;\"><a href=\"\/fr\/remplisseuses-de-tubes-rotatives\/\">Remplisseuses de tubes rotatives<\/a> | <a href=\"\/fr\/remplisseuses-de-tubes-lineaires\/\">Remplisseuses de tubes lin\u00e9aires<\/a> | <a href=\"\/fr\/magasin-a-tubes-de-grande-capacite\/\">Magasin \u00e0 tubes de grande capacit\u00e9<\/a> | <a href=\"\/fr\/etuyeuses-alternatives\/\">\u00c9tuyeuses alternatives<\/a>\u00a0|\u00a0<a href=\"\/fr\/etuyeuses-continues\/\">\u00c9tuyeuses continues<\/a> |\u00a0<a href=\"\/fr\/depoussiereurs-de-comprimes\/\">D\u00e9poussi\u00e9reurs de comprim\u00e9s<\/a><\/p>\n<p>[\/et_pb_text][\/et_pb_column][\/et_pb_row][\/et_pb_section]<\/p>\n","protected":false},"excerpt":{"rendered":"<p>BLOGBienvenue sur le blog de Nima Erre.Ti Packaging s.r.l., un espace d\u00e9di\u00e9 aux mises \u00e0 jour et aux derni\u00e8res nouveaut\u00e9s dans le secteur de l&#8217;emballage et du packaging. Actualit\u00e9s concernant les machines automatiques pour le conditionnement et nouvelles technologies de d\u00e9veloppement.Remplisseuses de tubes rotatives | Remplisseuses de tubes lin\u00e9aires | Magasin \u00e0 tubes de grande [&hellip;]<\/p>\n","protected":false},"author":1,"featured_media":0,"parent":0,"menu_order":0,"comment_status":"closed","ping_status":"closed","template":"","meta":{"_et_pb_use_builder":"on","_et_pb_old_content":"","_et_gb_content_width":""},"yoast_head":"<!-- This site is optimized with the Yoast SEO plugin v20.9 - https:\/\/yoast.com\/wordpress\/plugins\/seo\/ -->\n<title>Blog - Imballaggio e Macchinari per Packaging - Nima-Erre.Ti<\/title>\n<meta name=\"description\" content=\"Blog Nima. Spazio Dedicato ad Aggiornamenti e Novit\u00e0 di Imballaggi, Macchine Automatiche e Nuove Tecnologie di Sviluppo. Leggi Tutto!\" \/>\n<meta name=\"robots\" content=\"index, follow, max-snippet:-1, max-image-preview:large, max-video-preview:-1\" \/>\n<link rel=\"canonical\" href=\"https:\/\/www.nimaerreti.it\/fr\/blog\/\" \/>\n<meta property=\"og:locale\" content=\"fr_FR\" \/>\n<meta property=\"og:type\" content=\"article\" \/>\n<meta property=\"og:title\" content=\"Blog - Imballaggio e Macchinari per Packaging - Nima-Erre.Ti\" \/>\n<meta property=\"og:description\" content=\"Blog Nima. Spazio Dedicato ad Aggiornamenti e Novit\u00e0 di Imballaggi, Macchine Automatiche e Nuove Tecnologie di Sviluppo. Leggi Tutto!\" \/>\n<meta property=\"og:url\" content=\"https:\/\/www.nimaerreti.it\/fr\/blog\/\" \/>\n<meta property=\"og:site_name\" content=\"NIMA-ERRE.TI\" \/>\n<meta property=\"article:modified_time\" content=\"2023-06-19T13:22:09+00:00\" \/>\n<meta name=\"twitter:card\" content=\"summary_large_image\" \/>\n<meta name=\"twitter:label1\" content=\"Dur\u00e9e de lecture estim\u00e9e\" \/>\n\t<meta name=\"twitter:data1\" content=\"2 minutes\" \/>\n<script type=\"application\/ld+json\" class=\"yoast-schema-graph\">{\"@context\":\"https:\/\/schema.org\",\"@graph\":[{\"@type\":\"WebPage\",\"@id\":\"https:\/\/www.nimaerreti.it\/fr\/blog\/\",\"url\":\"https:\/\/www.nimaerreti.it\/fr\/blog\/\",\"name\":\"Blog - Imballaggio e Macchinari per Packaging - Nima-Erre.Ti\",\"isPartOf\":{\"@id\":\"https:\/\/www.nimaerreti.it\/#website\"},\"datePublished\":\"2020-06-16T05:50:40+00:00\",\"dateModified\":\"2023-06-19T13:22:09+00:00\",\"description\":\"Blog Nima. Spazio Dedicato ad Aggiornamenti e Novit\u00e0 di Imballaggi, Macchine Automatiche e Nuove Tecnologie di Sviluppo. Leggi Tutto!\",\"breadcrumb\":{\"@id\":\"https:\/\/www.nimaerreti.it\/fr\/blog\/#breadcrumb\"},\"inLanguage\":\"fr-FR\",\"potentialAction\":[{\"@type\":\"ReadAction\",\"target\":[\"https:\/\/www.nimaerreti.it\/fr\/blog\/\"]}]},{\"@type\":\"BreadcrumbList\",\"@id\":\"https:\/\/www.nimaerreti.it\/fr\/blog\/#breadcrumb\",\"itemListElement\":[{\"@type\":\"ListItem\",\"position\":1,\"name\":\"Home\",\"item\":\"https:\/\/www.nimaerreti.it\/fr\/\"},{\"@type\":\"ListItem\",\"position\":2,\"name\":\"Blog\"}]},{\"@type\":\"WebSite\",\"@id\":\"https:\/\/www.nimaerreti.it\/#website\",\"url\":\"https:\/\/www.nimaerreti.it\/\",\"name\":\"NIMA-ERRE.TI\",\"description\":\"Multiservice nel settore del confezionamento\",\"publisher\":{\"@id\":\"https:\/\/www.nimaerreti.it\/#organization\"},\"potentialAction\":[{\"@type\":\"SearchAction\",\"target\":{\"@type\":\"EntryPoint\",\"urlTemplate\":\"https:\/\/www.nimaerreti.it\/?s={search_term_string}\"},\"query-input\":\"required name=search_term_string\"}],\"inLanguage\":\"fr-FR\"},{\"@type\":\"Organization\",\"@id\":\"https:\/\/www.nimaerreti.it\/#organization\",\"name\":\"Nima-Erre.Ti Packaging\",\"url\":\"https:\/\/www.nimaerreti.it\/\",\"logo\":{\"@type\":\"ImageObject\",\"inLanguage\":\"fr-FR\",\"@id\":\"https:\/\/www.nimaerreti.it\/#\/schema\/logo\/image\/\",\"url\":\"https:\/\/www.nimaerreti.it\/wp-content\/uploads\/2020\/05\/Nima-Erre-Ti-logo-little-1.png\",\"contentUrl\":\"https:\/\/www.nimaerreti.it\/wp-content\/uploads\/2020\/05\/Nima-Erre-Ti-logo-little-1.png\",\"width\":350,\"height\":104,\"caption\":\"Nima-Erre.Ti Packaging\"},\"image\":{\"@id\":\"https:\/\/www.nimaerreti.it\/#\/schema\/logo\/image\/\"},\"sameAs\":[\"https:\/\/it.linkedin.com\/company\/nima-erre-ti-packaging-s-r-l\"]}]}<\/script>\n<!-- \/ Yoast SEO plugin. -->","yoast_head_json":{"title":"Blog - Imballaggio e Macchinari per Packaging - Nima-Erre.Ti","description":"Blog Nima. Spazio Dedicato ad Aggiornamenti e Novit\u00e0 di Imballaggi, Macchine Automatiche e Nuove Tecnologie di Sviluppo. Leggi Tutto!","robots":{"index":"index","follow":"follow","max-snippet":"max-snippet:-1","max-image-preview":"max-image-preview:large","max-video-preview":"max-video-preview:-1"},"canonical":"https:\/\/www.nimaerreti.it\/fr\/blog\/","og_locale":"fr_FR","og_type":"article","og_title":"Blog - Imballaggio e Macchinari per Packaging - Nima-Erre.Ti","og_description":"Blog Nima. Spazio Dedicato ad Aggiornamenti e Novit\u00e0 di Imballaggi, Macchine Automatiche e Nuove Tecnologie di Sviluppo. Leggi Tutto!","og_url":"https:\/\/www.nimaerreti.it\/fr\/blog\/","og_site_name":"NIMA-ERRE.TI","article_modified_time":"2023-06-19T13:22:09+00:00","twitter_card":"summary_large_image","twitter_misc":{"Dur\u00e9e de lecture estim\u00e9e":"2 minutes"},"schema":{"@context":"https:\/\/schema.org","@graph":[{"@type":"WebPage","@id":"https:\/\/www.nimaerreti.it\/fr\/blog\/","url":"https:\/\/www.nimaerreti.it\/fr\/blog\/","name":"Blog - Imballaggio e Macchinari per Packaging - Nima-Erre.Ti","isPartOf":{"@id":"https:\/\/www.nimaerreti.it\/#website"},"datePublished":"2020-06-16T05:50:40+00:00","dateModified":"2023-06-19T13:22:09+00:00","description":"Blog Nima. Spazio Dedicato ad Aggiornamenti e Novit\u00e0 di Imballaggi, Macchine Automatiche e Nuove Tecnologie di Sviluppo. Leggi Tutto!","breadcrumb":{"@id":"https:\/\/www.nimaerreti.it\/fr\/blog\/#breadcrumb"},"inLanguage":"fr-FR","potentialAction":[{"@type":"ReadAction","target":["https:\/\/www.nimaerreti.it\/fr\/blog\/"]}]},{"@type":"BreadcrumbList","@id":"https:\/\/www.nimaerreti.it\/fr\/blog\/#breadcrumb","itemListElement":[{"@type":"ListItem","position":1,"name":"Home","item":"https:\/\/www.nimaerreti.it\/fr\/"},{"@type":"ListItem","position":2,"name":"Blog"}]},{"@type":"WebSite","@id":"https:\/\/www.nimaerreti.it\/#website","url":"https:\/\/www.nimaerreti.it\/","name":"NIMA-ERRE.TI","description":"Multiservice nel settore del confezionamento","publisher":{"@id":"https:\/\/www.nimaerreti.it\/#organization"},"potentialAction":[{"@type":"SearchAction","target":{"@type":"EntryPoint","urlTemplate":"https:\/\/www.nimaerreti.it\/?s={search_term_string}"},"query-input":"required name=search_term_string"}],"inLanguage":"fr-FR"},{"@type":"Organization","@id":"https:\/\/www.nimaerreti.it\/#organization","name":"Nima-Erre.Ti Packaging","url":"https:\/\/www.nimaerreti.it\/","logo":{"@type":"ImageObject","inLanguage":"fr-FR","@id":"https:\/\/www.nimaerreti.it\/#\/schema\/logo\/image\/","url":"https:\/\/www.nimaerreti.it\/wp-content\/uploads\/2020\/05\/Nima-Erre-Ti-logo-little-1.png","contentUrl":"https:\/\/www.nimaerreti.it\/wp-content\/uploads\/2020\/05\/Nima-Erre-Ti-logo-little-1.png","width":350,"height":104,"caption":"Nima-Erre.Ti Packaging"},"image":{"@id":"https:\/\/www.nimaerreti.it\/#\/schema\/logo\/image\/"},"sameAs":["https:\/\/it.linkedin.com\/company\/nima-erre-ti-packaging-s-r-l"]}]}},"_links":{"self":[{"href":"https:\/\/www.nimaerreti.it\/fr\/wp-json\/wp\/v2\/pages\/237154"}],"collection":[{"href":"https:\/\/www.nimaerreti.it\/fr\/wp-json\/wp\/v2\/pages"}],"about":[{"href":"https:\/\/www.nimaerreti.it\/fr\/wp-json\/wp\/v2\/types\/page"}],"author":[{"embeddable":true,"href":"https:\/\/www.nimaerreti.it\/fr\/wp-json\/wp\/v2\/users\/1"}],"replies":[{"embeddable":true,"href":"https:\/\/www.nimaerreti.it\/fr\/wp-json\/wp\/v2\/comments?post=237154"}],"version-history":[{"count":3,"href":"https:\/\/www.nimaerreti.it\/fr\/wp-json\/wp\/v2\/pages\/237154\/revisions"}],"predecessor-version":[{"id":237808,"href":"https:\/\/www.nimaerreti.it\/fr\/wp-json\/wp\/v2\/pages\/237154\/revisions\/237808"}],"wp:attachment":[{"href":"https:\/\/www.nimaerreti.it\/fr\/wp-json\/wp\/v2\/media?parent=237154"}],"curies":[{"name":"wp","href":"https:\/\/api.w.org\/{rel}","templated":true}]}}