{"id":237106,"date":"2020-06-17T08:42:55","date_gmt":"2020-06-17T06:42:55","guid":{"rendered":"https:\/\/www.nimaerreti.it\/pulizia-compresse\/"},"modified":"2023-06-19T17:14:07","modified_gmt":"2023-06-19T15:14:07","slug":"depoussiereurs-de-comprimes","status":"publish","type":"page","link":"https:\/\/www.nimaerreti.it\/fr\/depoussiereurs-de-comprimes\/","title":{"rendered":"D\u00e9poussi\u00e9reurs de comprim\u00e9s"},"content":{"rendered":"<p>[et_pb_section fb_built=\u00a0\u00bb1&Prime; admin_label=\u00a0\u00bbLanding Hero\u00a0\u00bb _builder_version=\u00a0\u00bb4.16&Prime; background_image=\u00a0\u00bbhttps:\/\/www.nimaerreti.it\/wp-content\/uploads\/2020\/10\/Depolverizzatori-Automatici-per-Compresse-Nima-Erre.Ti-Packaging_pc.jpg\u00a0\u00bb custom_padding=\u00a0\u00bb70px|0px|8px|0px||\u00a0\u00bb animation_direction=\u00a0\u00bbtop\u00a0\u00bb background_last_edited=\u00a0\u00bbon|phone\u00a0\u00bb background_image_tablet=\u00a0\u00bbhttps:\/\/www.nimaerreti.it\/wp-content\/uploads\/2020\/10\/Depolverizzatori-Automatici-per-Compresse-Nima-Erre.Ti-Packaging_tablet_mobile.jpg\u00a0\u00bb background_enable_image_tablet=\u00a0\u00bbon\u00a0\u00bb background_position_tablet=\u00a0\u00bbcenter_right\u00a0\u00bb locked=\u00a0\u00bboff\u00a0\u00bb global_colors_info=\u00a0\u00bb{}\u00a0\u00bb alt_tablet=\u00a0\u00bbDepolverizzatori Automatici per Compresse, Nima Erre.Ti Packaging\u00a0\u00bb title_text_tablet=\u00a0\u00bbDepolverizzatori Automatici per Compresse, Nima Erre.Ti Packaging\u00a0\u00bb][et_pb_row column_structure=\u00a0\u00bb1_2,1_2&Prime; _builder_version=\u00a0\u00bb4.16&Prime; custom_margin=\u00a0\u00bb|auto|20px|auto||\u00a0\u00bb custom_width_px=\u00a0\u00bb1280px\u00a0\u00bb locked=\u00a0\u00bboff\u00a0\u00bb global_colors_info=\u00a0\u00bb{}\u00a0\u00bb][et_pb_column type=\u00a0\u00bb1_2&Prime; _builder_version=\u00a0\u00bb4.16&Prime; custom_padding=\u00a0\u00bb|||\u00a0\u00bb global_colors_info=\u00a0\u00bb{}\u00a0\u00bb custom_padding__hover=\u00a0\u00bb|||\u00a0\u00bb][et_pb_text _builder_version=\u00a0\u00bb4.16&Prime; text_text_color=\u00a0\u00bb#000000&Prime; text_font_size=\u00a0\u00bb16px\u00a0\u00bb text_line_height=\u00a0\u00bb1.9em\u00a0\u00bb locked=\u00a0\u00bboff\u00a0\u00bb global_colors_info=\u00a0\u00bb{}\u00a0\u00bb][\/et_pb_text][et_pb_text _builder_version=\u00a0\u00bb4.16&Prime; text_font=\u00a0\u00bb|700||on|||||\u00a0\u00bb text_text_color=\u00a0\u00bb#005da9&Prime; text_font_size=\u00a0\u00bb30px\u00a0\u00bb text_line_height=\u00a0\u00bb1.3em\u00a0\u00bb header_font=\u00a0\u00bb|700|||||||\u00a0\u00bb header_text_color=\u00a0\u00bb#005da9&Prime; header_font_size=\u00a0\u00bb40px\u00a0\u00bb custom_margin=\u00a0\u00bb||-1px||false|false\u00a0\u00bb custom_padding=\u00a0\u00bb|||\u00a0\u00bb text_font_size_tablet=\u00a0\u00bb\u00a0\u00bb text_font_size_phone=\u00a0\u00bb20px\u00a0\u00bb text_font_size_last_edited=\u00a0\u00bbon|phone\u00a0\u00bb header_font_size_last_edited=\u00a0\u00bboff|desktop\u00a0\u00bb locked=\u00a0\u00bboff\u00a0\u00bb global_colors_info=\u00a0\u00bb{}\u00a0\u00bb]<\/p>\n<p>D\u00c9POUSSI\u00c9REURS DE COMPRIM\u00c9S<\/p>\n<p>[\/et_pb_text][et_pb_text _builder_version=\u00a0\u00bb4.16&Prime; _module_preset=\u00a0\u00bbdefault\u00a0\u00bb header_font=\u00a0\u00bb|300|||||||\u00a0\u00bb header_font_size=\u00a0\u00bb16px\u00a0\u00bb header_line_height=\u00a0\u00bb1.3em\u00a0\u00bb custom_padding=\u00a0\u00bb8px|||||\u00a0\u00bb locked=\u00a0\u00bboff\u00a0\u00bb global_colors_info=\u00a0\u00bb{}\u00a0\u00bb]<\/p>\n<h1>D\u00e9poussi\u00e9reurs automatiques de comprim\u00e9s<\/h1>\n<p>[\/et_pb_text][et_pb_divider divider_weight=\u00a0\u00bb6px\u00a0\u00bb _builder_version=\u00a0\u00bb4.16&Prime; width=\u00a0\u00bb20%\u00a0\u00bb global_colors_info=\u00a0\u00bb{}\u00a0\u00bb][\/et_pb_divider][\/et_pb_column][et_pb_column type=\u00a0\u00bb1_2&Prime; _builder_version=\u00a0\u00bb4.16&Prime; custom_padding=\u00a0\u00bb|||\u00a0\u00bb global_colors_info=\u00a0\u00bb{}\u00a0\u00bb custom_padding__hover=\u00a0\u00bb|||\u00a0\u00bb][\/et_pb_column][\/et_pb_row][\/et_pb_section][et_pb_section fb_built=\u00a0\u00bb1&Prime; _builder_version=\u00a0\u00bb4.16&Prime; background_color=\u00a0\u00bb#f4f4f4&Prime; background_enable_image=\u00a0\u00bboff\u00a0\u00bb parallax=\u00a0\u00bbon\u00a0\u00bb parallax_method=\u00a0\u00bboff\u00a0\u00bb custom_margin=\u00a0\u00bb0px||0px||false|false\u00a0\u00bb custom_padding=\u00a0\u00bb0px||0px||true|\u00a0\u00bb global_colors_info=\u00a0\u00bb{}\u00a0\u00bb][et_pb_row _builder_version=\u00a0\u00bb4.16&Prime; width=\u00a0\u00bb90%\u00a0\u00bb custom_padding=\u00a0\u00bb5px||5px||true|\u00a0\u00bb global_colors_info=\u00a0\u00bb{}\u00a0\u00bb][et_pb_column type=\u00a0\u00bb4_4&Prime; _builder_version=\u00a0\u00bb4.16&Prime; global_colors_info=\u00a0\u00bb{}\u00a0\u00bb][et_pb_text _builder_version=\u00a0\u00bb4.21.0&Prime; text_font_size=\u00a0\u00bb15px\u00a0\u00bb custom_margin=\u00a0\u00bb4px||4px||true|false\u00a0\u00bb global_colors_info=\u00a0\u00bb{}\u00a0\u00bb]<\/p>\n<p><a href=\"\/fr\/machines-et-solutions\/\">Machines et solutions<\/a> <strong><span style=\"color: #e09900;\">&gt;<\/span><\/strong> D\u00e9poussi\u00e9reurs de Comprim\u00e9s<\/p>\n<p>[\/et_pb_text][\/et_pb_column][\/et_pb_row][\/et_pb_section][et_pb_section fb_built=\u00a0\u00bb1&Prime; _builder_version=\u00a0\u00bb4.16&Prime; background_color=\u00a0\u00bb#f4f4f4&Prime; background_enable_color=\u00a0\u00bboff\u00a0\u00bb background_enable_image=\u00a0\u00bboff\u00a0\u00bb parallax=\u00a0\u00bbon\u00a0\u00bb parallax_method=\u00a0\u00bboff\u00a0\u00bb custom_padding=\u00a0\u00bb0px||0px||true|\u00a0\u00bb global_colors_info=\u00a0\u00bb{}\u00a0\u00bb][et_pb_row _builder_version=\u00a0\u00bb4.16&Prime; width=\u00a0\u00bb90%\u00a0\u00bb global_colors_info=\u00a0\u00bb{}\u00a0\u00bb][et_pb_column type=\u00a0\u00bb4_4&Prime; _builder_version=\u00a0\u00bb4.16&Prime; global_colors_info=\u00a0\u00bb{}\u00a0\u00bb][et_pb_text _builder_version=\u00a0\u00bb4.16&Prime; global_colors_info=\u00a0\u00bb{}\u00a0\u00bb]<\/p>\n<p>Les <strong>d\u00e9poussi\u00e9reurs<\/strong> automatiques <strong>de comprim\u00e9s<\/strong> Nima Erre.Ti Packaging sont des syst\u00e8mes utilis\u00e9s principalement dans les industries pharmaceutique, chimique et alimentaire. <br \/>Nos d\u00e9poussi\u00e9reurs <strong>CLEAN SYSTEM<\/strong> sont des <strong>syst\u00e8mes<\/strong> de <strong>nettoyage de comprim\u00e9s<\/strong>. Ces machines automatiques sont con\u00e7ues pour \u00e9liminer les poudres et les bavures des comprim\u00e9s. Elles peuvent atteindre une cadence de 350 000 pcs\/h.<br \/>Plus pr\u00e9cis\u00e9ment les d\u00e9poussi\u00e9reurs sont positionn\u00e9s directement \u00e0 la sortie d\u2019une presse \u00e0 comprim\u00e9s. Les comprim\u00e9s effectuent ensuite un parcours de 4 \u00e0 7 m\u00e8tres le long duquel, sous l\u2019effet de vibrations verticales, ils sont d\u00e9barrass\u00e9s de la poussi\u00e8re qui les recouvre. <br \/>Cette poussi\u00e8re, qui suit un parcours s\u00e9par\u00e9 de celui des comprim\u00e9s, peut ensuite \u00eatre r\u00e9cup\u00e9r\u00e9e et r\u00e9utilis\u00e9e.<\/p>\n<p>[\/et_pb_text][\/et_pb_column][\/et_pb_row][\/et_pb_section][et_pb_section fb_built=\u00a0\u00bb1&Prime; inner_shadow=\u00a0\u00bbon\u00a0\u00bb _builder_version=\u00a0\u00bb4.16&Prime; background_color=\u00a0\u00bb#f4f4f4&Prime; background_enable_image=\u00a0\u00bboff\u00a0\u00bb background_size=\u00a0\u00bbcontain\u00a0\u00bb background_position=\u00a0\u00bbtop_left\u00a0\u00bb background_last_edited=\u00a0\u00bboff|desktop\u00a0\u00bb parallax_phone=\u00a0\u00bboff\u00a0\u00bb background_size_phone=\u00a0\u00bbcover\u00a0\u00bb global_colors_info=\u00a0\u00bb{}\u00a0\u00bb][et_pb_row column_structure=\u00a0\u00bb3_4,1_4&Prime; _builder_version=\u00a0\u00bb4.16&Prime; global_colors_info=\u00a0\u00bb{}\u00a0\u00bb][et_pb_column type=\u00a0\u00bb3_4&Prime; _builder_version=\u00a0\u00bb4.16&Prime; global_colors_info=\u00a0\u00bb{}\u00a0\u00bb][et_pb_blog fullwidth=\u00a0\u00bboff\u00a0\u00bb include_categories=\u00a0\u00bb3&Prime; show_author=\u00a0\u00bboff\u00a0\u00bb show_date=\u00a0\u00bboff\u00a0\u00bb show_categories=\u00a0\u00bboff\u00a0\u00bb _builder_version=\u00a0\u00bb4.16&Prime; box_shadow_style=\u00a0\u00bbpreset3&Prime; box_shadow_horizontal=\u00a0\u00bb6px\u00a0\u00bb box_shadow_blur=\u00a0\u00bb13px\u00a0\u00bb box_shadow_spread=\u00a0\u00bb-9px\u00a0\u00bb global_colors_info=\u00a0\u00bb{}\u00a0\u00bb][\/et_pb_blog][\/et_pb_column][et_pb_column type=\u00a0\u00bb1_4&Prime; _builder_version=\u00a0\u00bb4.16&Prime; global_colors_info=\u00a0\u00bb{}\u00a0\u00bb][et_pb_toggle title=\u00a0\u00bbRemplisseuses de tubes rotatives\u00a0\u00bb open_toggle_background_color=\u00a0\u00bb#f4f4f4&Prime; closed_toggle_background_color=\u00a0\u00bb#f4f4f4&Prime; icon_color=\u00a0\u00bb#0c71c3&Prime; open_icon_color=\u00a0\u00bb#0c71c3&Prime; _builder_version=\u00a0\u00bb4.21.0&Prime; title_font_size=\u00a0\u00bb14px\u00a0\u00bb body_font_size=\u00a0\u00bb13px\u00a0\u00bb custom_margin=\u00a0\u00bb||5px|||\u00a0\u00bb border_width_all=\u00a0\u00bb0px\u00a0\u00bb border_color_all=\u00a0\u00bb#bfbfbf\u00a0\u00bb border_width_left=\u00a0\u00bb1px\u00a0\u00bb saved_tabs=\u00a0\u00bball\u00a0\u00bb global_colors_info=\u00a0\u00bb{}\u00a0\u00bb]<\/p>\n<p><a href=\"\/fr\/remplisseuse-de-tubes-rotative-mtr-70\/\">MTR-70<\/a><\/p>\n<p><a href=\"\/fr\/remplisseuse-de-tubes-rotative-mtr-50\/\">MTR-50<\/a><\/p>\n<p><a href=\"\/fr\/remplisseuse-de-tubes-rotative-mtr-40\/\">MTR-40<\/a><\/p>\n<p><a href=\"\/fr\/remplisseuses-de-tubes-rotatives\/\">Aller aux remplisseuses de tubes rotatives<\/a><\/p>\n<p>[\/et_pb_toggle][et_pb_toggle title=\u00a0\u00bbRemplisseuses de tubes lin\u00e9aires\u00a0\u00bb open_toggle_background_color=\u00a0\u00bb#f4f4f4&Prime; closed_toggle_background_color=\u00a0\u00bb#f4f4f4&Prime; icon_color=\u00a0\u00bb#0c71c3&Prime; open_icon_color=\u00a0\u00bb#0c71c3&Prime; _builder_version=\u00a0\u00bb4.21.0&Prime; title_font_size=\u00a0\u00bb14px\u00a0\u00bb body_font_size=\u00a0\u00bb13px\u00a0\u00bb custom_margin=\u00a0\u00bb-6px||-4px|||\u00a0\u00bb border_width_all=\u00a0\u00bb0px\u00a0\u00bb border_color_all=\u00a0\u00bb#bfbfbf\u00a0\u00bb border_width_left=\u00a0\u00bb1px\u00a0\u00bb saved_tabs=\u00a0\u00bball\u00a0\u00bb global_colors_info=\u00a0\u00bb{}\u00a0\u00bb]<\/p>\n<p><a href=\"\/fr\/remplisseuse-de-tubes-lineaire-mtl-100\/\">MTL-100<\/a><\/p>\n<p><a href=\"\/fr\/remplisseuse-de-tubes-lineaire-mtl-100-2\/\">MTL-100\/2<\/a><\/p>\n<p><a href=\"\/fr\/remplisseuse-de-tubes-lineaire-mtl-200\/\">MTL-200<\/a><\/p>\n<p><a href=\"\/fr\/remplisseuse-de-tubes-lineaire-mtl-200-2\/\">MTL-200\/2<\/a><\/p>\n<p><a href=\"\/fr\/remplisseuse-de-tubes-lineaire-mtl-400\/\">MTL-400<\/a><\/p>\n<p><a href=\"\/fr\/remplisseuses-de-tubes-lineaires\/\">Aller aux remplisseuses de tubes lineaires<\/a><\/p>\n<p>[\/et_pb_toggle][et_pb_toggle title=\u00a0\u00bbMagasin \u00e0 tubes de grande capacit\u00e9\u00a0\u00bb open_toggle_background_color=\u00a0\u00bb#f4f4f4&Prime; closed_toggle_background_color=\u00a0\u00bb##f4f4f4&Prime; icon_color=\u00a0\u00bb#0c71c3&Prime; open_icon_color=\u00a0\u00bb#0c71c3&Prime; _builder_version=\u00a0\u00bb4.21.0&Prime; title_font_size=\u00a0\u00bb14px\u00a0\u00bb body_font_size=\u00a0\u00bb13px\u00a0\u00bb custom_margin=\u00a0\u00bb3px||-3px|||\u00a0\u00bb border_width_all=\u00a0\u00bb0px\u00a0\u00bb border_color_all=\u00a0\u00bb#bfbfbf\u00a0\u00bb border_width_left=\u00a0\u00bb1px\u00a0\u00bb saved_tabs=\u00a0\u00bball\u00a0\u00bb global_colors_info=\u00a0\u00bb{}\u00a0\u00bb]<\/p>\n<p><a href=\"\/fr\/jumbo-simple\/\">JUMBO SIMPLE<\/a><\/p>\n<p><a href=\"\/fr\/jumbo-double\/\">JUMBO DOUBLE<\/a><\/p>\n<p><a href=\"\/fr\/magasin-a-tubes-de-grande-capacite\/\">Aller aux magasin a tubes de grande capacite<\/a><\/p>\n<p>[\/et_pb_toggle][et_pb_toggle title=\u00a0\u00bb\u00c9tuyeuses alternatives\u00a0\u00bb open_toggle_background_color=\u00a0\u00bb#f4f4f4&Prime; closed_toggle_background_color=\u00a0\u00bb#f4f4f4&Prime; icon_color=\u00a0\u00bb#0c71c3&Prime; open_icon_color=\u00a0\u00bb#0c71c3&Prime; _builder_version=\u00a0\u00bb4.21.0&Prime; title_font_size=\u00a0\u00bb14px\u00a0\u00bb body_font_size=\u00a0\u00bb13px\u00a0\u00bb custom_margin=\u00a0\u00bb-7px||4px|||\u00a0\u00bb border_width_all=\u00a0\u00bb0px\u00a0\u00bb border_color_all=\u00a0\u00bb#bfbfbf\u00a0\u00bb border_width_left=\u00a0\u00bb1px\u00a0\u00bb saved_tabs=\u00a0\u00bball\u00a0\u00bb global_colors_info=\u00a0\u00bb{}\u00a0\u00bb]<\/p>\n<p><a href=\"\/fr\/aa-100-compact\/\">AA-100 compact<\/a><\/p>\n<p><a href=\"\/fr\/etuyeuses-alternatives\/\">Aller aux etuyeuses alternatives<\/a><\/p>\n<p>[\/et_pb_toggle][et_pb_toggle title=\u00a0\u00bb\u00c9tuyeuses continues\u00a0\u00bb open_toggle_background_color=\u00a0\u00bb#f4f4f4&Prime; closed_toggle_background_color=\u00a0\u00bb#f4f4f4&Prime; icon_color=\u00a0\u00bb#0c71c3&Prime; open_icon_color=\u00a0\u00bb#0c71c3&Prime; _builder_version=\u00a0\u00bb4.21.0&Prime; title_font_size=\u00a0\u00bb14px\u00a0\u00bb body_font_size=\u00a0\u00bb13px\u00a0\u00bb custom_margin=\u00a0\u00bb-5px||5px||false|\u00a0\u00bb border_width_all=\u00a0\u00bb0px\u00a0\u00bb border_color_all=\u00a0\u00bb#bfbfbf\u00a0\u00bb border_width_left=\u00a0\u00bb1px\u00a0\u00bb saved_tabs=\u00a0\u00bball\u00a0\u00bb global_colors_info=\u00a0\u00bb{}\u00a0\u00bb]<\/p>\n<p><a href=\"\/fr\/ac-250-compact\/\">AC-250 Compact<\/a><\/p>\n<p><a href=\"\/fr\/etuyeuses-continues\/\">Aller aux etuyeuses continues<\/a><\/p>\n<p>[\/et_pb_toggle][et_pb_toggle title=\u00a0\u00bbD\u00e9poussi\u00e9reurs de comprim\u00e9s\u00a0\u00bb open_toggle_background_color=\u00a0\u00bb#f4f4f4&Prime; closed_toggle_background_color=\u00a0\u00bb#f4f4f4&Prime; icon_color=\u00a0\u00bb#0c71c3&Prime; open_icon_color=\u00a0\u00bb#0c71c3&Prime; _builder_version=\u00a0\u00bb4.21.0&Prime; title_font_size=\u00a0\u00bb14px\u00a0\u00bb body_font_size=\u00a0\u00bb13px\u00a0\u00bb custom_margin=\u00a0\u00bb-9px|||||\u00a0\u00bb custom_padding=\u00a0\u00bb23px|||||\u00a0\u00bb border_width_all=\u00a0\u00bb0px\u00a0\u00bb border_color_all=\u00a0\u00bb#bfbfbf\u00a0\u00bb border_width_left=\u00a0\u00bb1px\u00a0\u00bb saved_tabs=\u00a0\u00bball\u00a0\u00bb global_colors_info=\u00a0\u00bb{}\u00a0\u00bb]<\/p>\n<p><a href=\"\/fr\/depoussiereurs-clean-system-standard\/\">Clean System Standard<\/a><\/p>\n<p><a href=\"\/fr\/depoussiereurs-clean-system-high-version\/\">Clean System High Version<\/a><\/p>\n<p><a href=\"\/fr\/depoussiereurs-de-comprimes\/\">Aller aux depoussiereurs de comprimes<\/a><\/p>\n<p>[\/et_pb_toggle][\/et_pb_column][\/et_pb_row][\/et_pb_section][et_pb_section fb_built=\u00a0\u00bb1&Prime; _builder_version=\u00a0\u00bb4.16&Prime; background_enable_color=\u00a0\u00bboff\u00a0\u00bb custom_padding=\u00a0\u00bb0px||0px||true|\u00a0\u00bb global_colors_info=\u00a0\u00bb{}\u00a0\u00bb][et_pb_row _builder_version=\u00a0\u00bb4.16&Prime; custom_padding=\u00a0\u00bb32px|||||\u00a0\u00bb global_colors_info=\u00a0\u00bb{}\u00a0\u00bb][et_pb_column type=\u00a0\u00bb4_4&Prime; _builder_version=\u00a0\u00bb4.16&Prime; global_colors_info=\u00a0\u00bb{}\u00a0\u00bb][et_pb_button button_url=\u00a0\u00bb\/fr\/machines-et-solutions\/\u00a0\u00bb button_text=\u00a0\u00bbAller aux Machines et Solutions \u00a0\u00bb button_alignment=\u00a0\u00bbcenter\u00a0\u00bb _builder_version=\u00a0\u00bb4.21.0&Prime; custom_button=\u00a0\u00bbon\u00a0\u00bb button_text_size=\u00a0\u00bb20px\u00a0\u00bb button_text_color=\u00a0\u00bb#3d3d3d\u00a0\u00bb button_border_width=\u00a0\u00bb3px\u00a0\u00bb button_border_color=\u00a0\u00bb#e09900&Prime; button_border_radius=\u00a0\u00bb15px\u00a0\u00bb hover_enabled=\u00a0\u00bb0&Prime; global_colors_info=\u00a0\u00bb{}\u00a0\u00bb sticky_enabled=\u00a0\u00bb0&Prime;][\/et_pb_button][\/et_pb_column][\/et_pb_row][\/et_pb_section][et_pb_section fb_built=\u00a0\u00bb1&Prime; _builder_version=\u00a0\u00bb4.16&Prime; custom_padding=\u00a0\u00bb20px||20px||true|\u00a0\u00bb saved_tabs=\u00a0\u00bball\u00a0\u00bb global_colors_info=\u00a0\u00bb{}\u00a0\u00bb][et_pb_row _builder_version=\u00a0\u00bb4.16&Prime; global_colors_info=\u00a0\u00bb{}\u00a0\u00bb][et_pb_column type=\u00a0\u00bb4_4&Prime; _builder_version=\u00a0\u00bb4.16&Prime; global_colors_info=\u00a0\u00bb{}\u00a0\u00bb][et_pb_text _builder_version=\u00a0\u00bb4.21.0&Prime; text_font_size=\u00a0\u00bb12px\u00a0\u00bb hover_enabled=\u00a0\u00bb0&Prime; global_colors_info=\u00a0\u00bb{}\u00a0\u00bb sticky_enabled=\u00a0\u00bb0&Prime;]<\/p>\n<p style=\"text-align: center;\"><a href=\"\/fr\/remplisseuses-de-tubes-rotatives\/\">Remplisseuses de tubes rotatives<\/a> | <a href=\"\/fr\/remplisseuses-de-tubes-lineaires\/\">Remplisseuses de tubes lin\u00e9aires<\/a> | <a href=\"\/fr\/magasin-a-tubes-de-grande-capacite\/\">Magasin \u00e0 tubes de grande capacit\u00e9<\/a> | <a href=\"\/fr\/etuyeuses-alternatives\/\">\u00c9tuyeuses alternatives<\/a>\u00a0|\u00a0<a href=\"\/fr\/etuyeuses-continues\/\">\u00c9tuyeuses continues<\/a> |\u00a0<a href=\"\/fr\/depoussiereurs-de-comprimes\/\">D\u00e9poussi\u00e9reurs de comprim\u00e9s<\/a><\/p>\n<p>[\/et_pb_text][\/et_pb_column][\/et_pb_row][\/et_pb_section]<\/p>\n","protected":false},"excerpt":{"rendered":"<p>D\u00c9POUSSI\u00c9REURS DE COMPRIM\u00c9SD\u00e9poussi\u00e9reurs automatiques de comprim\u00e9sMachines et solutions &gt; D\u00e9poussi\u00e9reurs de Comprim\u00e9sLes d\u00e9poussi\u00e9reurs automatiques de comprim\u00e9s Nima Erre.Ti Packaging sont des syst\u00e8mes utilis\u00e9s principalement dans les industries pharmaceutique, chimique et alimentaire. Nos d\u00e9poussi\u00e9reurs CLEAN SYSTEM sont des syst\u00e8mes de nettoyage de comprim\u00e9s. Ces machines automatiques sont con\u00e7ues pour \u00e9liminer les poudres et les bavures des [&hellip;]<\/p>\n","protected":false},"author":1,"featured_media":0,"parent":0,"menu_order":0,"comment_status":"closed","ping_status":"closed","template":"","meta":{"_et_pb_use_builder":"on","_et_pb_old_content":"","_et_gb_content_width":""},"yoast_head":"<!-- This site is optimized with the Yoast SEO plugin v20.9 - https:\/\/yoast.com\/wordpress\/plugins\/seo\/ -->\n<title>Depolverizzatori Automatici per Compresse - Prodotti - Nima Erre. Ti<\/title>\n<meta name=\"description\" content=\"Depolverizzatori Automatici. Soluzioni Clean System per Eliminare Polveri dalle Compresse e per Facilitare il Confezionamento. Scopri di pi\u00f9!\" \/>\n<meta name=\"robots\" content=\"index, follow, max-snippet:-1, max-image-preview:large, max-video-preview:-1\" \/>\n<link rel=\"canonical\" href=\"https:\/\/www.nimaerreti.it\/fr\/depoussiereurs-de-comprimes\/\" \/>\n<meta property=\"og:locale\" content=\"fr_FR\" \/>\n<meta property=\"og:type\" content=\"article\" \/>\n<meta property=\"og:title\" content=\"Depolverizzatori Automatici per Compresse - Prodotti - Nima Erre. Ti\" \/>\n<meta property=\"og:description\" content=\"Depolverizzatori Automatici. Soluzioni Clean System per Eliminare Polveri dalle Compresse e per Facilitare il Confezionamento. Scopri di pi\u00f9!\" \/>\n<meta property=\"og:url\" content=\"https:\/\/www.nimaerreti.it\/fr\/depoussiereurs-de-comprimes\/\" \/>\n<meta property=\"og:site_name\" content=\"NIMA-ERRE.TI\" \/>\n<meta property=\"article:modified_time\" content=\"2023-06-19T15:14:07+00:00\" \/>\n<meta name=\"twitter:card\" content=\"summary_large_image\" \/>\n<meta name=\"twitter:label1\" content=\"Dur\u00e9e de lecture estim\u00e9e\" \/>\n\t<meta name=\"twitter:data1\" content=\"3 minutes\" \/>\n<script type=\"application\/ld+json\" class=\"yoast-schema-graph\">{\"@context\":\"https:\/\/schema.org\",\"@graph\":[{\"@type\":\"WebPage\",\"@id\":\"https:\/\/www.nimaerreti.it\/fr\/depoussiereurs-de-comprimes\/\",\"url\":\"https:\/\/www.nimaerreti.it\/fr\/depoussiereurs-de-comprimes\/\",\"name\":\"Depolverizzatori Automatici per Compresse - Prodotti - Nima Erre. Ti\",\"isPartOf\":{\"@id\":\"https:\/\/www.nimaerreti.it\/#website\"},\"datePublished\":\"2020-06-17T06:42:55+00:00\",\"dateModified\":\"2023-06-19T15:14:07+00:00\",\"description\":\"Depolverizzatori Automatici. Soluzioni Clean System per Eliminare Polveri dalle Compresse e per Facilitare il Confezionamento. Scopri di pi\u00f9!\",\"breadcrumb\":{\"@id\":\"https:\/\/www.nimaerreti.it\/fr\/depoussiereurs-de-comprimes\/#breadcrumb\"},\"inLanguage\":\"fr-FR\",\"potentialAction\":[{\"@type\":\"ReadAction\",\"target\":[\"https:\/\/www.nimaerreti.it\/fr\/depoussiereurs-de-comprimes\/\"]}]},{\"@type\":\"BreadcrumbList\",\"@id\":\"https:\/\/www.nimaerreti.it\/fr\/depoussiereurs-de-comprimes\/#breadcrumb\",\"itemListElement\":[{\"@type\":\"ListItem\",\"position\":1,\"name\":\"Home\",\"item\":\"https:\/\/www.nimaerreti.it\/fr\/\"},{\"@type\":\"ListItem\",\"position\":2,\"name\":\"D\u00e9poussi\u00e9reurs de comprim\u00e9s\"}]},{\"@type\":\"WebSite\",\"@id\":\"https:\/\/www.nimaerreti.it\/#website\",\"url\":\"https:\/\/www.nimaerreti.it\/\",\"name\":\"NIMA-ERRE.TI\",\"description\":\"Multiservice nel settore del confezionamento\",\"publisher\":{\"@id\":\"https:\/\/www.nimaerreti.it\/#organization\"},\"potentialAction\":[{\"@type\":\"SearchAction\",\"target\":{\"@type\":\"EntryPoint\",\"urlTemplate\":\"https:\/\/www.nimaerreti.it\/?s={search_term_string}\"},\"query-input\":\"required name=search_term_string\"}],\"inLanguage\":\"fr-FR\"},{\"@type\":\"Organization\",\"@id\":\"https:\/\/www.nimaerreti.it\/#organization\",\"name\":\"Nima-Erre.Ti Packaging\",\"url\":\"https:\/\/www.nimaerreti.it\/\",\"logo\":{\"@type\":\"ImageObject\",\"inLanguage\":\"fr-FR\",\"@id\":\"https:\/\/www.nimaerreti.it\/#\/schema\/logo\/image\/\",\"url\":\"https:\/\/www.nimaerreti.it\/wp-content\/uploads\/2020\/05\/Nima-Erre-Ti-logo-little-1.png\",\"contentUrl\":\"https:\/\/www.nimaerreti.it\/wp-content\/uploads\/2020\/05\/Nima-Erre-Ti-logo-little-1.png\",\"width\":350,\"height\":104,\"caption\":\"Nima-Erre.Ti Packaging\"},\"image\":{\"@id\":\"https:\/\/www.nimaerreti.it\/#\/schema\/logo\/image\/\"},\"sameAs\":[\"https:\/\/it.linkedin.com\/company\/nima-erre-ti-packaging-s-r-l\"]}]}<\/script>\n<!-- \/ Yoast SEO plugin. -->","yoast_head_json":{"title":"Depolverizzatori Automatici per Compresse - Prodotti - Nima Erre. Ti","description":"Depolverizzatori Automatici. Soluzioni Clean System per Eliminare Polveri dalle Compresse e per Facilitare il Confezionamento. Scopri di pi\u00f9!","robots":{"index":"index","follow":"follow","max-snippet":"max-snippet:-1","max-image-preview":"max-image-preview:large","max-video-preview":"max-video-preview:-1"},"canonical":"https:\/\/www.nimaerreti.it\/fr\/depoussiereurs-de-comprimes\/","og_locale":"fr_FR","og_type":"article","og_title":"Depolverizzatori Automatici per Compresse - Prodotti - Nima Erre. Ti","og_description":"Depolverizzatori Automatici. Soluzioni Clean System per Eliminare Polveri dalle Compresse e per Facilitare il Confezionamento. Scopri di pi\u00f9!","og_url":"https:\/\/www.nimaerreti.it\/fr\/depoussiereurs-de-comprimes\/","og_site_name":"NIMA-ERRE.TI","article_modified_time":"2023-06-19T15:14:07+00:00","twitter_card":"summary_large_image","twitter_misc":{"Dur\u00e9e de lecture estim\u00e9e":"3 minutes"},"schema":{"@context":"https:\/\/schema.org","@graph":[{"@type":"WebPage","@id":"https:\/\/www.nimaerreti.it\/fr\/depoussiereurs-de-comprimes\/","url":"https:\/\/www.nimaerreti.it\/fr\/depoussiereurs-de-comprimes\/","name":"Depolverizzatori Automatici per Compresse - Prodotti - Nima Erre. Ti","isPartOf":{"@id":"https:\/\/www.nimaerreti.it\/#website"},"datePublished":"2020-06-17T06:42:55+00:00","dateModified":"2023-06-19T15:14:07+00:00","description":"Depolverizzatori Automatici. Soluzioni Clean System per Eliminare Polveri dalle Compresse e per Facilitare il Confezionamento. Scopri di pi\u00f9!","breadcrumb":{"@id":"https:\/\/www.nimaerreti.it\/fr\/depoussiereurs-de-comprimes\/#breadcrumb"},"inLanguage":"fr-FR","potentialAction":[{"@type":"ReadAction","target":["https:\/\/www.nimaerreti.it\/fr\/depoussiereurs-de-comprimes\/"]}]},{"@type":"BreadcrumbList","@id":"https:\/\/www.nimaerreti.it\/fr\/depoussiereurs-de-comprimes\/#breadcrumb","itemListElement":[{"@type":"ListItem","position":1,"name":"Home","item":"https:\/\/www.nimaerreti.it\/fr\/"},{"@type":"ListItem","position":2,"name":"D\u00e9poussi\u00e9reurs de comprim\u00e9s"}]},{"@type":"WebSite","@id":"https:\/\/www.nimaerreti.it\/#website","url":"https:\/\/www.nimaerreti.it\/","name":"NIMA-ERRE.TI","description":"Multiservice nel settore del confezionamento","publisher":{"@id":"https:\/\/www.nimaerreti.it\/#organization"},"potentialAction":[{"@type":"SearchAction","target":{"@type":"EntryPoint","urlTemplate":"https:\/\/www.nimaerreti.it\/?s={search_term_string}"},"query-input":"required name=search_term_string"}],"inLanguage":"fr-FR"},{"@type":"Organization","@id":"https:\/\/www.nimaerreti.it\/#organization","name":"Nima-Erre.Ti Packaging","url":"https:\/\/www.nimaerreti.it\/","logo":{"@type":"ImageObject","inLanguage":"fr-FR","@id":"https:\/\/www.nimaerreti.it\/#\/schema\/logo\/image\/","url":"https:\/\/www.nimaerreti.it\/wp-content\/uploads\/2020\/05\/Nima-Erre-Ti-logo-little-1.png","contentUrl":"https:\/\/www.nimaerreti.it\/wp-content\/uploads\/2020\/05\/Nima-Erre-Ti-logo-little-1.png","width":350,"height":104,"caption":"Nima-Erre.Ti Packaging"},"image":{"@id":"https:\/\/www.nimaerreti.it\/#\/schema\/logo\/image\/"},"sameAs":["https:\/\/it.linkedin.com\/company\/nima-erre-ti-packaging-s-r-l"]}]}},"_links":{"self":[{"href":"https:\/\/www.nimaerreti.it\/fr\/wp-json\/wp\/v2\/pages\/237106"}],"collection":[{"href":"https:\/\/www.nimaerreti.it\/fr\/wp-json\/wp\/v2\/pages"}],"about":[{"href":"https:\/\/www.nimaerreti.it\/fr\/wp-json\/wp\/v2\/types\/page"}],"author":[{"embeddable":true,"href":"https:\/\/www.nimaerreti.it\/fr\/wp-json\/wp\/v2\/users\/1"}],"replies":[{"embeddable":true,"href":"https:\/\/www.nimaerreti.it\/fr\/wp-json\/wp\/v2\/comments?post=237106"}],"version-history":[{"count":12,"href":"https:\/\/www.nimaerreti.it\/fr\/wp-json\/wp\/v2\/pages\/237106\/revisions"}],"predecessor-version":[{"id":237880,"href":"https:\/\/www.nimaerreti.it\/fr\/wp-json\/wp\/v2\/pages\/237106\/revisions\/237880"}],"wp:attachment":[{"href":"https:\/\/www.nimaerreti.it\/fr\/wp-json\/wp\/v2\/media?parent=237106"}],"curies":[{"name":"wp","href":"https:\/\/api.w.org\/{rel}","templated":true}]}}