{"id":237090,"date":"2020-05-26T15:27:56","date_gmt":"2020-05-26T13:27:56","guid":{"rendered":"https:\/\/www.nimaerreti.it\/intubettatrici\/"},"modified":"2023-06-19T14:38:50","modified_gmt":"2023-06-19T12:38:50","slug":"remplisseuses-de-tubes","status":"publish","type":"page","link":"https:\/\/www.nimaerreti.it\/fr\/remplisseuses-de-tubes\/","title":{"rendered":"Remplisseuses de tubes"},"content":{"rendered":"<p>[et_pb_section fb_built=\u00a0\u00bb1&Prime; admin_label=\u00a0\u00bbLanding Hero\u00a0\u00bb _builder_version=\u00a0\u00bb4.16&Prime; background_image=\u00a0\u00bbhttps:\/\/www.nimaerreti.it\/wp-content\/uploads\/2020\/10\/Intubettatrici-per-Confezionamento-Automatico-Nima-Erre.Ti-Packaging_pc.jpg\u00a0\u00bb custom_padding=\u00a0\u00bb70px|0px|8px|0px||\u00a0\u00bb animation_direction=\u00a0\u00bbtop\u00a0\u00bb background_last_edited=\u00a0\u00bbon|desktop\u00a0\u00bb background_image_tablet=\u00a0\u00bbhttps:\/\/www.nimaerreti.it\/wp-content\/uploads\/2020\/10\/Intubettatrici-per-Confezionamento-Automatico-Nima-Erre.Ti-Packaging_tablet_mobile.jpg\u00a0\u00bb background_enable_image_tablet=\u00a0\u00bbon\u00a0\u00bb background_position_tablet=\u00a0\u00bbcenter_right\u00a0\u00bb locked=\u00a0\u00bboff\u00a0\u00bb global_colors_info=\u00a0\u00bb{}\u00a0\u00bb alt_tablet=\u00a0\u00bbIntubettatrici per Confezionamento Automatico, Nima Erre.Ti Packaging\u00a0\u00bb title_text_tablet=\u00a0\u00bbIntubettatrici per Confezionamento Automatico, Nima Erre.Ti Packaging\u00a0\u00bb][et_pb_row column_structure=\u00a0\u00bb1_2,1_2&Prime; _builder_version=\u00a0\u00bb4.16&Prime; custom_margin=\u00a0\u00bb|auto|20px|auto||\u00a0\u00bb custom_width_px=\u00a0\u00bb1280px\u00a0\u00bb global_colors_info=\u00a0\u00bb{}\u00a0\u00bb][et_pb_column type=\u00a0\u00bb1_2&Prime; _builder_version=\u00a0\u00bb4.16&Prime; custom_padding=\u00a0\u00bb|||\u00a0\u00bb global_colors_info=\u00a0\u00bb{}\u00a0\u00bb custom_padding__hover=\u00a0\u00bb|||\u00a0\u00bb][et_pb_text _builder_version=\u00a0\u00bb4.16&Prime; text_text_color=\u00a0\u00bb#000000&Prime; text_font_size=\u00a0\u00bb16px\u00a0\u00bb text_line_height=\u00a0\u00bb1.9em\u00a0\u00bb locked=\u00a0\u00bboff\u00a0\u00bb global_colors_info=\u00a0\u00bb{}\u00a0\u00bb][\/et_pb_text][et_pb_text _builder_version=\u00a0\u00bb4.16&Prime; text_font=\u00a0\u00bb|700||on|||||\u00a0\u00bb text_text_color=\u00a0\u00bb#005da9&Prime; text_font_size=\u00a0\u00bb30px\u00a0\u00bb text_line_height=\u00a0\u00bb1.3em\u00a0\u00bb header_font=\u00a0\u00bb|700|||||||\u00a0\u00bb header_text_color=\u00a0\u00bb#005da9&Prime; header_font_size=\u00a0\u00bb40px\u00a0\u00bb custom_margin=\u00a0\u00bb||-1px||false|false\u00a0\u00bb custom_padding=\u00a0\u00bb|||\u00a0\u00bb text_font_size_tablet=\u00a0\u00bb\u00a0\u00bb text_font_size_phone=\u00a0\u00bb20px\u00a0\u00bb text_font_size_last_edited=\u00a0\u00bbon|phone\u00a0\u00bb header_font_size_last_edited=\u00a0\u00bboff|desktop\u00a0\u00bb locked=\u00a0\u00bboff\u00a0\u00bb global_colors_info=\u00a0\u00bb{}\u00a0\u00bb]<\/p>\n<p>REMPLISSEUSES DE TUBES<\/p>\n<p>[\/et_pb_text][et_pb_text _builder_version=\u00a0\u00bb4.16&Prime; _module_preset=\u00a0\u00bbdefault\u00a0\u00bb header_font=\u00a0\u00bb|300|||||||\u00a0\u00bb header_font_size=\u00a0\u00bb16px\u00a0\u00bb header_line_height=\u00a0\u00bb1.3em\u00a0\u00bb custom_padding=\u00a0\u00bb8px|||||\u00a0\u00bb locked=\u00a0\u00bboff\u00a0\u00bb global_colors_info=\u00a0\u00bb{}\u00a0\u00bb]<\/p>\n<h1>Remplisseuses de tubes pour conditionnement automatique<\/h1>\n<p>[\/et_pb_text][et_pb_divider divider_weight=\u00a0\u00bb6px\u00a0\u00bb _builder_version=\u00a0\u00bb4.16&Prime; width=\u00a0\u00bb20%\u00a0\u00bb global_colors_info=\u00a0\u00bb{}\u00a0\u00bb][\/et_pb_divider][\/et_pb_column][et_pb_column type=\u00a0\u00bb1_2&Prime; _builder_version=\u00a0\u00bb4.16&Prime; custom_padding=\u00a0\u00bb|||\u00a0\u00bb global_colors_info=\u00a0\u00bb{}\u00a0\u00bb custom_padding__hover=\u00a0\u00bb|||\u00a0\u00bb][\/et_pb_column][\/et_pb_row][\/et_pb_section][et_pb_section fb_built=\u00a0\u00bb1&Prime; admin_label=\u00a0\u00bbGallery\u00a0\u00bb _builder_version=\u00a0\u00bb4.16&Prime; background_enable_color=\u00a0\u00bboff\u00a0\u00bb background_color_gradient_direction=\u00a0\u00bb90deg\u00a0\u00bb width=\u00a0\u00bb80%\u00a0\u00bb module_alignment=\u00a0\u00bbcenter\u00a0\u00bb custom_padding=\u00a0\u00bb30px||30px||true|\u00a0\u00bb locked=\u00a0\u00bboff\u00a0\u00bb global_colors_info=\u00a0\u00bb{}\u00a0\u00bb][et_pb_row _builder_version=\u00a0\u00bb4.16&Prime; _module_preset=\u00a0\u00bbdefault\u00a0\u00bb width=\u00a0\u00bb90%\u00a0\u00bb locked=\u00a0\u00bboff\u00a0\u00bb global_colors_info=\u00a0\u00bb{}\u00a0\u00bb][et_pb_column type=\u00a0\u00bb4_4&Prime; _builder_version=\u00a0\u00bb4.16&Prime; _module_preset=\u00a0\u00bbdefault\u00a0\u00bb global_colors_info=\u00a0\u00bb{}\u00a0\u00bb][et_pb_text _builder_version=\u00a0\u00bb4.16&Prime; _module_preset=\u00a0\u00bbdefault\u00a0\u00bb global_colors_info=\u00a0\u00bb{}\u00a0\u00bb]<\/p>\n<p>Les <strong>Remplisseuses de tubes<\/strong> sont des <strong>machines automatiques<\/strong> pour le <strong>conditionnement<\/strong> utilis\u00e9es pour le <strong>remplissage<\/strong> et la <strong>fermeture<\/strong> de <strong>tubes<\/strong> en <strong>plastique<\/strong> et en <strong>aluminium<\/strong>.<br \/>Nos machines sont le fruit de <strong>plus de 40 ann\u00e9es d\u2019exp\u00e9rience<\/strong> dans le domaine des remplisseuses de tubes pour le conditionnement automatique.<br \/>Les remplisseuses de tubes pour le packaging automatique sont disponibles dans une <strong>version lin\u00e9aire<\/strong> ainsi que dans la classique version <strong>rotative<\/strong>.<br \/>Nous sommes en particulier en mesure de fournir des lignes de remplissage et de fermeture pour tubes de <strong>diff\u00e9rents diam\u00e8tres<\/strong> et en <strong>diff\u00e9rents mat\u00e9riaux<\/strong>, tels que: Poly\u00e9thyl\u00e8ne, Lamin\u00e9, Polyfoil et Aluminium.<br \/>De plus, des <strong>magasins de tubes<\/strong> \u00ab Jumbo \u00bb <strong>de grande capacit\u00e9<\/strong> sont disponibles pour les <strong>productions en grands volumes<\/strong>. Les magasins de tubes sont la solution id\u00e9ale pour <strong>alimenter en tubes<\/strong> en <strong>plastique<\/strong> et en <strong>aluminium<\/strong> les remplisseuses de tubes lin\u00e9aires. Mais ils peuvent \u00e9galement \u00eatre utilis\u00e9s pour des applications diff\u00e9rentes de celles d\u2019une remplisseuse de tubes pour le conditionnement automatique.<br \/>Les remplisseuses de tubes pour le conditionnement automatique sont con\u00e7ues selon les exigences du client, les caract\u00e9ristiques du tube et la production requise. <br \/>De <strong>nombreuses options<\/strong> et <strong>personnalisations sp\u00e9cifiques<\/strong> sont disponibles.<\/p>\n<p>[\/et_pb_text][\/et_pb_column][\/et_pb_row][et_pb_row column_structure=\u00a0\u00bb1_3,1_3,1_3&Prime; use_custom_gutter=\u00a0\u00bbon\u00a0\u00bb gutter_width=\u00a0\u00bb2&Prime; make_equal=\u00a0\u00bbon\u00a0\u00bb admin_label=\u00a0\u00bbBest Beans Row\u00a0\u00bb module_class=\u00a0\u00bb et_pb_row_fullwidth\u00a0\u00bb _builder_version=\u00a0\u00bb4.16&Prime; width=\u00a0\u00bb100%\u00a0\u00bb width_tablet=\u00a0\u00bb100%\u00a0\u00bb width_phone=\u00a0\u00bb\u00a0\u00bb width_last_edited=\u00a0\u00bbon|desktop\u00a0\u00bb max_width=\u00a0\u00bb100%\u00a0\u00bb max_width_tablet=\u00a0\u00bb100%\u00a0\u00bb max_width_phone=\u00a0\u00bb\u00a0\u00bb max_width_last_edited=\u00a0\u00bbon|desktop\u00a0\u00bb custom_margin=\u00a0\u00bb|||\u00a0\u00bb make_fullwidth=\u00a0\u00bbon\u00a0\u00bb global_colors_info=\u00a0\u00bb{}\u00a0\u00bb][et_pb_column type=\u00a0\u00bb1_3&Prime; _builder_version=\u00a0\u00bb4.16&Prime; custom_padding=\u00a0\u00bb|||\u00a0\u00bb global_colors_info=\u00a0\u00bb{}\u00a0\u00bb custom_padding__hover=\u00a0\u00bb|||\u00a0\u00bb][et_pb_text _builder_version=\u00a0\u00bb4.21.0&Prime; text_font=\u00a0\u00bb|600|||||||\u00a0\u00bb text_text_color=\u00a0\u00bb#005da9&Prime; text_font_size=\u00a0\u00bb25px\u00a0\u00bb header_2_font=\u00a0\u00bb|600|||||||\u00a0\u00bb header_2_text_color=\u00a0\u00bb#005da9&Prime; header_2_font_size=\u00a0\u00bb22px\u00a0\u00bb header_2_line_height=\u00a0\u00bb1.4em\u00a0\u00bb text_orientation=\u00a0\u00bbcenter\u00a0\u00bb link_option_url=\u00a0\u00bb\/fr\/remplisseuses-de-tubes-rotatives\/\u00a0\u00bb locked=\u00a0\u00bboff\u00a0\u00bb global_colors_info=\u00a0\u00bb{}\u00a0\u00bb]<\/p>\n<h2>Remplisseuses de tubes rotatives<\/h2>\n<p>[\/et_pb_text][et_pb_image src=\u00a0\u00bbhttps:\/\/www.nimaerreti.it\/wp-content\/uploads\/2020\/09\/Intubettatrici-Rotative-Nima-Erre-Ti-Packaging.jpg\u00a0\u00bb alt=\u00a0\u00bbIntubettatrici Rotative, Nima-Erre Ti Packaging\u00a0\u00bb title_text=\u00a0\u00bbIntubettatrici Rotative, Nima-Erre Ti Packaging\u00a0\u00bb url=\u00a0\u00bb\/fr\/remplisseuses-de-tubes-rotatives\/\u00a0\u00bb show_bottom_space=\u00a0\u00bboff\u00a0\u00bb align=\u00a0\u00bbcenter\u00a0\u00bb align_tablet=\u00a0\u00bbcenter\u00a0\u00bb align_phone=\u00a0\u00bb\u00a0\u00bb align_last_edited=\u00a0\u00bbon|desktop\u00a0\u00bb _builder_version=\u00a0\u00bb4.21.0&Prime; width=\u00a0\u00bb80%\u00a0\u00bb module_alignment=\u00a0\u00bbcenter\u00a0\u00bb custom_margin=\u00a0\u00bb||14px|||\u00a0\u00bb global_colors_info=\u00a0\u00bb{}\u00a0\u00bb filter_brightness__hover_enabled=\u00a0\u00bbon|hover\u00a0\u00bb filter_brightness__hover=\u00a0\u00bb80%\u00a0\u00bb][\/et_pb_image][et_pb_text _builder_version=\u00a0\u00bb4.16&Prime; _module_preset=\u00a0\u00bbdefault\u00a0\u00bb text_font_size=\u00a0\u00bb12px\u00a0\u00bb global_colors_info=\u00a0\u00bb{}\u00a0\u00bb]<\/p>\n<p style=\"text-align: center;\">Remplisseuses de tubes rotatives pour le conditionnement automatique, destin\u00e9es au remplissage et \u00e0 la fermeture de tubes de 10 \u00e0 50 mm de diam\u00e8tre. Production de tubes jusqu\u2019\u00e0 4 500 pcs\/h.<\/p>\n<p>[\/et_pb_text][\/et_pb_column][et_pb_column type=\u00a0\u00bb1_3&Prime; _builder_version=\u00a0\u00bb4.16&Prime; custom_padding=\u00a0\u00bb|||\u00a0\u00bb global_colors_info=\u00a0\u00bb{}\u00a0\u00bb custom_padding__hover=\u00a0\u00bb|||\u00a0\u00bb][et_pb_text _builder_version=\u00a0\u00bb4.21.0&Prime; text_font=\u00a0\u00bb|600|||||||\u00a0\u00bb text_text_color=\u00a0\u00bb#005da9&Prime; text_font_size=\u00a0\u00bb25px\u00a0\u00bb header_2_font=\u00a0\u00bb|600|||||||\u00a0\u00bb header_2_text_color=\u00a0\u00bb#005da9&Prime; header_2_font_size=\u00a0\u00bb22px\u00a0\u00bb header_2_line_height=\u00a0\u00bb1.4em\u00a0\u00bb text_orientation=\u00a0\u00bbcenter\u00a0\u00bb link_option_url=\u00a0\u00bb\/fr\/intubettatrici-lineari\/\u00a0\u00bb locked=\u00a0\u00bboff\u00a0\u00bb global_colors_info=\u00a0\u00bb{}\u00a0\u00bb]<\/p>\n<h2>Remplisseuses de tubes lin\u00e9aires<\/h2>\n<p>[\/et_pb_text][et_pb_image src=\u00a0\u00bbhttps:\/\/www.nimaerreti.it\/wp-content\/uploads\/2020\/09\/Intubettatrici-Lineari-Nima-Erre-Ti-Packaging-1.jpg\u00a0\u00bb alt=\u00a0\u00bbIntubettatrici Lineari, Nima-Erre Ti Packaging\u00a0\u00bb title_text=\u00a0\u00bbIntubettatrici Lineari, Nima-Erre Ti Packaging\u00a0\u00bb url=\u00a0\u00bb\/fr\/remplisseuses-de-tubes-lineaires\/\u00a0\u00bb show_bottom_space=\u00a0\u00bboff\u00a0\u00bb align=\u00a0\u00bbcenter\u00a0\u00bb align_tablet=\u00a0\u00bbcenter\u00a0\u00bb align_phone=\u00a0\u00bb\u00a0\u00bb align_last_edited=\u00a0\u00bbon|desktop\u00a0\u00bb _builder_version=\u00a0\u00bb4.21.0&Prime; width=\u00a0\u00bb80%\u00a0\u00bb module_alignment=\u00a0\u00bbcenter\u00a0\u00bb custom_margin=\u00a0\u00bb||14px|||\u00a0\u00bb global_colors_info=\u00a0\u00bb{}\u00a0\u00bb filter_brightness__hover_enabled=\u00a0\u00bbon|hover\u00a0\u00bb filter_brightness__hover=\u00a0\u00bb80%\u00a0\u00bb][\/et_pb_image][et_pb_text _builder_version=\u00a0\u00bb4.16&Prime; _module_preset=\u00a0\u00bbdefault\u00a0\u00bb text_font_size=\u00a0\u00bb12px\u00a0\u00bb global_colors_info=\u00a0\u00bb{}\u00a0\u00bb]<\/p>\n<p style=\"text-align: center;\">Remplisseuses de tubes lin\u00e9aires pour le conditionnement automatique, destin\u00e9es au remplissage et \u00e0 la fermeture de tubes de 10 \u00e0 60 mm de diam\u00e8tre. Production de tubes jusqu\u2019\u00e0 24 000 pcs\/h.<\/p>\n<p>[\/et_pb_text][\/et_pb_column][et_pb_column type=\u00a0\u00bb1_3&Prime; _builder_version=\u00a0\u00bb4.16&Prime; custom_padding=\u00a0\u00bb|||\u00a0\u00bb global_colors_info=\u00a0\u00bb{}\u00a0\u00bb custom_padding__hover=\u00a0\u00bb|||\u00a0\u00bb][et_pb_text _builder_version=\u00a0\u00bb4.21.0&Prime; text_font=\u00a0\u00bb|600|||||||\u00a0\u00bb text_text_color=\u00a0\u00bb#005da9&Prime; text_font_size=\u00a0\u00bb25px\u00a0\u00bb header_2_font=\u00a0\u00bb|600|||||||\u00a0\u00bb header_2_text_color=\u00a0\u00bb#005da9&Prime; header_2_font_size=\u00a0\u00bb22px\u00a0\u00bb header_2_line_height=\u00a0\u00bb1.4em\u00a0\u00bb text_orientation=\u00a0\u00bbcenter\u00a0\u00bb link_option_url=\u00a0\u00bb\/fr\/magasin-a-tubes-de-grande-capacite\/\u00a0\u00bb locked=\u00a0\u00bboff\u00a0\u00bb global_colors_info=\u00a0\u00bb{}\u00a0\u00bb]<\/p>\n<h2>Magasin \u00e0 tubes de grande capacit\u00e9<\/h2>\n<p>[\/et_pb_text][et_pb_image src=\u00a0\u00bbhttps:\/\/www.nimaerreti.it\/wp-content\/uploads\/2020\/09\/Caricatori-Tubetti-ad-Alte-Velocita-Magazzino-Tubetti-Nima-Erre-Ti-Packaging.jpg\u00a0\u00bb alt=\u00a0\u00bbCaricatori Tubetti ad Alta Velocit\u00e0, Magazzino Tubetti Nima-Erre Ti Packaging\u00a0\u00bb title_text=\u00a0\u00bbCaricatori Tubetti ad Alta Velocit\u00e0, Magazzino Tubetti Nima-Erre Ti Packaging\u00a0\u00bb url=\u00a0\u00bb\/fr\/magasin-a-tubes-de-grande-capacite\/\u00a0\u00bb show_bottom_space=\u00a0\u00bboff\u00a0\u00bb align=\u00a0\u00bbcenter\u00a0\u00bb align_tablet=\u00a0\u00bbcenter\u00a0\u00bb align_phone=\u00a0\u00bb\u00a0\u00bb align_last_edited=\u00a0\u00bbon|desktop\u00a0\u00bb _builder_version=\u00a0\u00bb4.21.0&Prime; width=\u00a0\u00bb80%\u00a0\u00bb module_alignment=\u00a0\u00bbcenter\u00a0\u00bb custom_margin=\u00a0\u00bb||14px|||\u00a0\u00bb global_colors_info=\u00a0\u00bb{}\u00a0\u00bb filter_brightness__hover_enabled=\u00a0\u00bbon|hover\u00a0\u00bb filter_brightness__hover=\u00a0\u00bb80%\u00a0\u00bb][\/et_pb_image][et_pb_text _builder_version=\u00a0\u00bb4.16&Prime; _module_preset=\u00a0\u00bbdefault\u00a0\u00bb text_font_size=\u00a0\u00bb12px\u00a0\u00bb global_colors_info=\u00a0\u00bb{}\u00a0\u00bb]<\/p>\n<p style=\"text-align: center;\">Magasin \u00e0 tubes de grande capacit\u00e9, \u00e0 utiliser en association avec une remplisseuse de tube.<\/p>\n<p>[\/et_pb_text][\/et_pb_column][\/et_pb_row][\/et_pb_section][et_pb_section fb_built=\u00a0\u00bb1&Prime; _builder_version=\u00a0\u00bb4.16&Prime; custom_padding=\u00a0\u00bb2px||25px|||\u00a0\u00bb global_colors_info=\u00a0\u00bb{}\u00a0\u00bb][et_pb_row _builder_version=\u00a0\u00bb4.16&Prime; global_colors_info=\u00a0\u00bb{}\u00a0\u00bb][et_pb_column type=\u00a0\u00bb4_4&Prime; _builder_version=\u00a0\u00bb4.16&Prime; global_colors_info=\u00a0\u00bb{}\u00a0\u00bb][et_pb_button button_url=\u00a0\u00bb\/fr\/machines-et-solutions\/\u00a0\u00bb button_text=\u00a0\u00bbAller aux Machines et Solutions \u00a0\u00bb button_alignment=\u00a0\u00bbcenter\u00a0\u00bb _builder_version=\u00a0\u00bb4.21.0&Prime; custom_button=\u00a0\u00bbon\u00a0\u00bb button_text_size=\u00a0\u00bb20px\u00a0\u00bb button_text_color=\u00a0\u00bb#3d3d3d\u00a0\u00bb button_border_width=\u00a0\u00bb3px\u00a0\u00bb button_border_color=\u00a0\u00bb#e09900&Prime; button_border_radius=\u00a0\u00bb15px\u00a0\u00bb global_colors_info=\u00a0\u00bb{}\u00a0\u00bb][\/et_pb_button][\/et_pb_column][\/et_pb_row][\/et_pb_section][et_pb_section fb_built=\u00a0\u00bb1&Prime; _builder_version=\u00a0\u00bb4.16&Prime; custom_padding=\u00a0\u00bb20px||20px||true|\u00a0\u00bb saved_tabs=\u00a0\u00bball\u00a0\u00bb global_colors_info=\u00a0\u00bb{}\u00a0\u00bb][et_pb_row _builder_version=\u00a0\u00bb4.16&Prime; global_colors_info=\u00a0\u00bb{}\u00a0\u00bb][et_pb_column type=\u00a0\u00bb4_4&Prime; _builder_version=\u00a0\u00bb4.16&Prime; global_colors_info=\u00a0\u00bb{}\u00a0\u00bb][et_pb_text _builder_version=\u00a0\u00bb4.21.0&Prime; text_font_size=\u00a0\u00bb12px\u00a0\u00bb hover_enabled=\u00a0\u00bb0&Prime; global_colors_info=\u00a0\u00bb{}\u00a0\u00bb sticky_enabled=\u00a0\u00bb0&Prime;]<\/p>\n<p style=\"text-align: center;\"><a href=\"\/fr\/remplisseuses-de-tubes-rotatives\/\">Remplisseuses de tubes rotatives<\/a> | <a href=\"\/fr\/remplisseuses-de-tubes-lineaires\/\">Remplisseuses de tubes lin\u00e9aires<\/a> | <a href=\"\/fr\/magasin-a-tubes-de-grande-capacite\/\">Magasin \u00e0 tubes de grande capacit\u00e9<\/a> | <a href=\"\/fr\/etuyeuses-alternatives\/\">\u00c9tuyeuses alternatives<\/a>\u00a0|\u00a0<a href=\"\/fr\/etuyeuses-continues\/\">\u00c9tuyeuses continues<\/a> |\u00a0<a href=\"\/fr\/depoussiereurs-de-comprimes\/\">D\u00e9poussi\u00e9reurs de comprim\u00e9s<\/a><\/p>\n<p>[\/et_pb_text][\/et_pb_column][\/et_pb_row][\/et_pb_section]<\/p>\n","protected":false},"excerpt":{"rendered":"<p>REMPLISSEUSES DE TUBESRemplisseuses de tubes pour conditionnement automatiqueLes Remplisseuses de tubes sont des machines automatiques pour le conditionnement utilis\u00e9es pour le remplissage et la fermeture de tubes en plastique et en aluminium.Nos machines sont le fruit de plus de 40 ann\u00e9es d\u2019exp\u00e9rience dans le domaine des remplisseuses de tubes pour le conditionnement automatique.Les remplisseuses de [&hellip;]<\/p>\n","protected":false},"author":1,"featured_media":0,"parent":0,"menu_order":0,"comment_status":"closed","ping_status":"closed","template":"","meta":{"_et_pb_use_builder":"on","_et_pb_old_content":"","_et_gb_content_width":""},"yoast_head":"<!-- This site is optimized with the Yoast SEO plugin v20.9 - https:\/\/yoast.com\/wordpress\/plugins\/seo\/ -->\n<title>Intubettatrici per Confezionamento Automatico - Prodotti - Nima Erre. Ti<\/title>\n<meta name=\"description\" content=\"Intubettatrici. Macchine Automatiche per Riempimento e Chiusura di Tubetti in Plastica e Alluminio. Scopri Tutte le Soluzioni Disponibili!\" \/>\n<meta name=\"robots\" content=\"index, follow, max-snippet:-1, max-image-preview:large, max-video-preview:-1\" \/>\n<link rel=\"canonical\" href=\"https:\/\/www.nimaerreti.it\/fr\/remplisseuses-de-tubes\/\" \/>\n<meta property=\"og:locale\" content=\"fr_FR\" \/>\n<meta property=\"og:type\" content=\"article\" \/>\n<meta property=\"og:title\" content=\"Intubettatrici per Confezionamento Automatico - Prodotti - Nima Erre. Ti\" \/>\n<meta property=\"og:description\" content=\"Intubettatrici. Macchine Automatiche per Riempimento e Chiusura di Tubetti in Plastica e Alluminio. Scopri Tutte le Soluzioni Disponibili!\" \/>\n<meta property=\"og:url\" content=\"https:\/\/www.nimaerreti.it\/fr\/remplisseuses-de-tubes\/\" \/>\n<meta property=\"og:site_name\" content=\"NIMA-ERRE.TI\" \/>\n<meta property=\"article:modified_time\" content=\"2023-06-19T12:38:50+00:00\" \/>\n<meta name=\"twitter:card\" content=\"summary_large_image\" \/>\n<meta name=\"twitter:label1\" content=\"Dur\u00e9e de lecture estim\u00e9e\" \/>\n\t<meta name=\"twitter:data1\" content=\"3 minutes\" \/>\n<script type=\"application\/ld+json\" class=\"yoast-schema-graph\">{\"@context\":\"https:\/\/schema.org\",\"@graph\":[{\"@type\":\"WebPage\",\"@id\":\"https:\/\/www.nimaerreti.it\/fr\/remplisseuses-de-tubes\/\",\"url\":\"https:\/\/www.nimaerreti.it\/fr\/remplisseuses-de-tubes\/\",\"name\":\"Intubettatrici per Confezionamento Automatico - Prodotti - Nima Erre. Ti\",\"isPartOf\":{\"@id\":\"https:\/\/www.nimaerreti.it\/#website\"},\"datePublished\":\"2020-05-26T13:27:56+00:00\",\"dateModified\":\"2023-06-19T12:38:50+00:00\",\"description\":\"Intubettatrici. Macchine Automatiche per Riempimento e Chiusura di Tubetti in Plastica e Alluminio. Scopri Tutte le Soluzioni Disponibili!\",\"breadcrumb\":{\"@id\":\"https:\/\/www.nimaerreti.it\/fr\/remplisseuses-de-tubes\/#breadcrumb\"},\"inLanguage\":\"fr-FR\",\"potentialAction\":[{\"@type\":\"ReadAction\",\"target\":[\"https:\/\/www.nimaerreti.it\/fr\/remplisseuses-de-tubes\/\"]}]},{\"@type\":\"BreadcrumbList\",\"@id\":\"https:\/\/www.nimaerreti.it\/fr\/remplisseuses-de-tubes\/#breadcrumb\",\"itemListElement\":[{\"@type\":\"ListItem\",\"position\":1,\"name\":\"Home\",\"item\":\"https:\/\/www.nimaerreti.it\/fr\/\"},{\"@type\":\"ListItem\",\"position\":2,\"name\":\"Remplisseuses de tubes\"}]},{\"@type\":\"WebSite\",\"@id\":\"https:\/\/www.nimaerreti.it\/#website\",\"url\":\"https:\/\/www.nimaerreti.it\/\",\"name\":\"NIMA-ERRE.TI\",\"description\":\"Multiservice nel settore del confezionamento\",\"publisher\":{\"@id\":\"https:\/\/www.nimaerreti.it\/#organization\"},\"potentialAction\":[{\"@type\":\"SearchAction\",\"target\":{\"@type\":\"EntryPoint\",\"urlTemplate\":\"https:\/\/www.nimaerreti.it\/?s={search_term_string}\"},\"query-input\":\"required name=search_term_string\"}],\"inLanguage\":\"fr-FR\"},{\"@type\":\"Organization\",\"@id\":\"https:\/\/www.nimaerreti.it\/#organization\",\"name\":\"Nima-Erre.Ti Packaging\",\"url\":\"https:\/\/www.nimaerreti.it\/\",\"logo\":{\"@type\":\"ImageObject\",\"inLanguage\":\"fr-FR\",\"@id\":\"https:\/\/www.nimaerreti.it\/#\/schema\/logo\/image\/\",\"url\":\"https:\/\/www.nimaerreti.it\/wp-content\/uploads\/2020\/05\/Nima-Erre-Ti-logo-little-1.png\",\"contentUrl\":\"https:\/\/www.nimaerreti.it\/wp-content\/uploads\/2020\/05\/Nima-Erre-Ti-logo-little-1.png\",\"width\":350,\"height\":104,\"caption\":\"Nima-Erre.Ti Packaging\"},\"image\":{\"@id\":\"https:\/\/www.nimaerreti.it\/#\/schema\/logo\/image\/\"},\"sameAs\":[\"https:\/\/it.linkedin.com\/company\/nima-erre-ti-packaging-s-r-l\"]}]}<\/script>\n<!-- \/ Yoast SEO plugin. -->","yoast_head_json":{"title":"Intubettatrici per Confezionamento Automatico - Prodotti - Nima Erre. Ti","description":"Intubettatrici. Macchine Automatiche per Riempimento e Chiusura di Tubetti in Plastica e Alluminio. Scopri Tutte le Soluzioni Disponibili!","robots":{"index":"index","follow":"follow","max-snippet":"max-snippet:-1","max-image-preview":"max-image-preview:large","max-video-preview":"max-video-preview:-1"},"canonical":"https:\/\/www.nimaerreti.it\/fr\/remplisseuses-de-tubes\/","og_locale":"fr_FR","og_type":"article","og_title":"Intubettatrici per Confezionamento Automatico - Prodotti - Nima Erre. Ti","og_description":"Intubettatrici. Macchine Automatiche per Riempimento e Chiusura di Tubetti in Plastica e Alluminio. Scopri Tutte le Soluzioni Disponibili!","og_url":"https:\/\/www.nimaerreti.it\/fr\/remplisseuses-de-tubes\/","og_site_name":"NIMA-ERRE.TI","article_modified_time":"2023-06-19T12:38:50+00:00","twitter_card":"summary_large_image","twitter_misc":{"Dur\u00e9e de lecture estim\u00e9e":"3 minutes"},"schema":{"@context":"https:\/\/schema.org","@graph":[{"@type":"WebPage","@id":"https:\/\/www.nimaerreti.it\/fr\/remplisseuses-de-tubes\/","url":"https:\/\/www.nimaerreti.it\/fr\/remplisseuses-de-tubes\/","name":"Intubettatrici per Confezionamento Automatico - Prodotti - Nima Erre. Ti","isPartOf":{"@id":"https:\/\/www.nimaerreti.it\/#website"},"datePublished":"2020-05-26T13:27:56+00:00","dateModified":"2023-06-19T12:38:50+00:00","description":"Intubettatrici. Macchine Automatiche per Riempimento e Chiusura di Tubetti in Plastica e Alluminio. Scopri Tutte le Soluzioni Disponibili!","breadcrumb":{"@id":"https:\/\/www.nimaerreti.it\/fr\/remplisseuses-de-tubes\/#breadcrumb"},"inLanguage":"fr-FR","potentialAction":[{"@type":"ReadAction","target":["https:\/\/www.nimaerreti.it\/fr\/remplisseuses-de-tubes\/"]}]},{"@type":"BreadcrumbList","@id":"https:\/\/www.nimaerreti.it\/fr\/remplisseuses-de-tubes\/#breadcrumb","itemListElement":[{"@type":"ListItem","position":1,"name":"Home","item":"https:\/\/www.nimaerreti.it\/fr\/"},{"@type":"ListItem","position":2,"name":"Remplisseuses de tubes"}]},{"@type":"WebSite","@id":"https:\/\/www.nimaerreti.it\/#website","url":"https:\/\/www.nimaerreti.it\/","name":"NIMA-ERRE.TI","description":"Multiservice nel settore del confezionamento","publisher":{"@id":"https:\/\/www.nimaerreti.it\/#organization"},"potentialAction":[{"@type":"SearchAction","target":{"@type":"EntryPoint","urlTemplate":"https:\/\/www.nimaerreti.it\/?s={search_term_string}"},"query-input":"required name=search_term_string"}],"inLanguage":"fr-FR"},{"@type":"Organization","@id":"https:\/\/www.nimaerreti.it\/#organization","name":"Nima-Erre.Ti Packaging","url":"https:\/\/www.nimaerreti.it\/","logo":{"@type":"ImageObject","inLanguage":"fr-FR","@id":"https:\/\/www.nimaerreti.it\/#\/schema\/logo\/image\/","url":"https:\/\/www.nimaerreti.it\/wp-content\/uploads\/2020\/05\/Nima-Erre-Ti-logo-little-1.png","contentUrl":"https:\/\/www.nimaerreti.it\/wp-content\/uploads\/2020\/05\/Nima-Erre-Ti-logo-little-1.png","width":350,"height":104,"caption":"Nima-Erre.Ti Packaging"},"image":{"@id":"https:\/\/www.nimaerreti.it\/#\/schema\/logo\/image\/"},"sameAs":["https:\/\/it.linkedin.com\/company\/nima-erre-ti-packaging-s-r-l"]}]}},"_links":{"self":[{"href":"https:\/\/www.nimaerreti.it\/fr\/wp-json\/wp\/v2\/pages\/237090"}],"collection":[{"href":"https:\/\/www.nimaerreti.it\/fr\/wp-json\/wp\/v2\/pages"}],"about":[{"href":"https:\/\/www.nimaerreti.it\/fr\/wp-json\/wp\/v2\/types\/page"}],"author":[{"embeddable":true,"href":"https:\/\/www.nimaerreti.it\/fr\/wp-json\/wp\/v2\/users\/1"}],"replies":[{"embeddable":true,"href":"https:\/\/www.nimaerreti.it\/fr\/wp-json\/wp\/v2\/comments?post=237090"}],"version-history":[{"count":5,"href":"https:\/\/www.nimaerreti.it\/fr\/wp-json\/wp\/v2\/pages\/237090\/revisions"}],"predecessor-version":[{"id":237786,"href":"https:\/\/www.nimaerreti.it\/fr\/wp-json\/wp\/v2\/pages\/237090\/revisions\/237786"}],"wp:attachment":[{"href":"https:\/\/www.nimaerreti.it\/fr\/wp-json\/wp\/v2\/media?parent=237090"}],"curies":[{"name":"wp","href":"https:\/\/api.w.org\/{rel}","templated":true}]}}