{"id":237183,"date":"2020-05-27T08:44:03","date_gmt":"2020-05-27T06:44:03","guid":{"rendered":"https:\/\/www.nimaerreti.it\/intubettatrici-rotative\/"},"modified":"2023-06-27T11:31:16","modified_gmt":"2023-06-27T09:31:16","slug":"maquinas-rotativas-llenadora-de-tubos","status":"publish","type":"page","link":"https:\/\/www.nimaerreti.it\/es\/maquinas-rotativas-llenadora-de-tubos\/","title":{"rendered":"M\u00e1quinas rotativas llenadora de tubos"},"content":{"rendered":"<p>[et_pb_section fb_built=\u00bb1&#8243; admin_label=\u00bbLanding Hero\u00bb _builder_version=\u00bb4.16&#8243; background_image=\u00bbhttps:\/\/www.nimaerreti.it\/wp-content\/uploads\/2020\/10\/Intubettatrici-per-Confezionamento-Automatico-Nima-Erre.Ti-Packaging_pc.jpg\u00bb custom_padding=\u00bb70px|0px|8px|0px||\u00bb animation_direction=\u00bbtop\u00bb background_last_edited=\u00bbon|phone\u00bb background_image_tablet=\u00bbhttps:\/\/www.nimaerreti.it\/wp-content\/uploads\/2020\/10\/Intubettatrici-per-Confezionamento-Automatico-Nima-Erre.Ti-Packaging_tablet_mobile.jpg\u00bb background_enable_image_tablet=\u00bbon\u00bb background_position_tablet=\u00bbcenter_right\u00bb locked=\u00bboff\u00bb global_colors_info=\u00bb{}\u00bb alt_tablet=\u00bbIntubettatrici per Confezionamento Automatico, Nima Erre.Ti Packaging\u00bb title_text_tablet=\u00bbIntubettatrici per Confezionamento Automatico, Nima Erre.Ti Packaging\u00bb][et_pb_row column_structure=\u00bb1_2,1_2&#8243; _builder_version=\u00bb4.16&#8243; custom_margin=\u00bb|auto|20px|auto||\u00bb custom_width_px=\u00bb1280px\u00bb locked=\u00bboff\u00bb global_colors_info=\u00bb{}\u00bb][et_pb_column type=\u00bb1_2&#8243; _builder_version=\u00bb4.16&#8243; custom_padding=\u00bb|||\u00bb global_colors_info=\u00bb{}\u00bb custom_padding__hover=\u00bb|||\u00bb][et_pb_text _builder_version=\u00bb4.16&#8243; text_text_color=\u00bb#000000&#8243; text_font_size=\u00bb16px\u00bb text_line_height=\u00bb1.9em\u00bb locked=\u00bboff\u00bb global_colors_info=\u00bb{}\u00bb][\/et_pb_text][et_pb_text _builder_version=\u00bb4.16&#8243; text_font=\u00bb|700||on|||||\u00bb text_text_color=\u00bb#005da9&#8243; text_font_size=\u00bb30px\u00bb text_line_height=\u00bb1.3em\u00bb header_font=\u00bb|700|||||||\u00bb header_text_color=\u00bb#005da9&#8243; header_font_size=\u00bb40px\u00bb custom_margin=\u00bb||-1px||false|false\u00bb custom_padding=\u00bb|||\u00bb text_font_size_tablet=\u00bb\u00bb text_font_size_phone=\u00bb20px\u00bb text_font_size_last_edited=\u00bbon|phone\u00bb header_font_size_last_edited=\u00bboff|desktop\u00bb locked=\u00bboff\u00bb global_colors_info=\u00bb{}\u00bb]<\/p>\n<p>m\u00e1quinas rotativas llenadora de tubos<\/p>\n<p>[\/et_pb_text][et_pb_text _builder_version=\u00bb4.16&#8243; _module_preset=\u00bbdefault\u00bb header_font=\u00bb|300|||||||\u00bb header_font_size=\u00bb16px\u00bb header_line_height=\u00bb1.3em\u00bb custom_padding=\u00bb8px|||||\u00bb locked=\u00bboff\u00bb global_colors_info=\u00bb{}\u00bb]<\/p>\n<h1>M\u00e1quinas rotativas llenadora de tubos para el envasado autom\u00e1tico<\/h1>\n<p>[\/et_pb_text][et_pb_divider divider_weight=\u00bb6px\u00bb _builder_version=\u00bb4.16&#8243; width=\u00bb20%\u00bb global_colors_info=\u00bb{}\u00bb][\/et_pb_divider][\/et_pb_column][et_pb_column type=\u00bb1_2&#8243; _builder_version=\u00bb4.16&#8243; custom_padding=\u00bb|||\u00bb global_colors_info=\u00bb{}\u00bb custom_padding__hover=\u00bb|||\u00bb][\/et_pb_column][\/et_pb_row][\/et_pb_section][et_pb_section fb_built=\u00bb1&#8243; _builder_version=\u00bb4.16&#8243; background_color=\u00bb#f4f4f4&#8243; background_enable_image=\u00bboff\u00bb parallax=\u00bbon\u00bb parallax_method=\u00bboff\u00bb custom_margin=\u00bb0px||0px||false|false\u00bb custom_padding=\u00bb0px||0px||true|\u00bb global_colors_info=\u00bb{}\u00bb][et_pb_row _builder_version=\u00bb4.16&#8243; width=\u00bb90%\u00bb custom_padding=\u00bb5px||5px||true|\u00bb global_colors_info=\u00bb{}\u00bb][et_pb_column type=\u00bb4_4&#8243; _builder_version=\u00bb4.16&#8243; global_colors_info=\u00bb{}\u00bb][et_pb_text _builder_version=\u00bb4.21.0&#8243; text_font_size=\u00bb15px\u00bb custom_margin=\u00bb4px||4px||true|false\u00bb global_colors_info=\u00bb{}\u00bb]<\/p>\n<p><span lang=\"ES\"><a href=\"\/es\/maquinas-y-soluciones\/\">M\u00e1quinas y soluciones<\/a> <strong><span style=\"color: #e09900;\">&gt;<\/span><\/strong> <a href=\"\/es\/maquinas-llenadora-de-tubos\/\">M\u00e1quinas llenadora de tubos<\/a> <strong><span style=\"color: #e09900;\">&gt;<\/span><\/strong> M\u00e1quinas rotativas llenadora de tubos<o:p><\/o:p><\/span><\/p>\n<p>[\/et_pb_text][\/et_pb_column][\/et_pb_row][\/et_pb_section][et_pb_section fb_built=\u00bb1&#8243; _builder_version=\u00bb4.16&#8243; background_color=\u00bb#f4f4f4&#8243; background_enable_color=\u00bboff\u00bb background_enable_image=\u00bboff\u00bb parallax=\u00bbon\u00bb parallax_method=\u00bboff\u00bb custom_padding=\u00bb0px||0px||true|\u00bb global_colors_info=\u00bb{}\u00bb][et_pb_row _builder_version=\u00bb4.16&#8243; width=\u00bb90%\u00bb global_colors_info=\u00bb{}\u00bb][et_pb_column type=\u00bb4_4&#8243; _builder_version=\u00bb4.16&#8243; global_colors_info=\u00bb{}\u00bb][et_pb_text _builder_version=\u00bb4.16&#8243; global_colors_info=\u00bb{}\u00bb]<\/p>\n<p>Las <strong>m\u00e1quinas rotativas llenadora de tubos<\/strong> Nima Erre.Ti Packaging son el resultado de nuestros conocimientos previos en el campo de las m\u00e1quinas llenadora de tubos.<\/p>\n<p>Cada modelo de m\u00e1quina de envasado puede equiparse para <strong>llenar<\/strong> y <strong>cerrar tubos<\/strong> de entre <strong>10 y 50 mm<\/strong> de di\u00e1metro, con una velocidad de producci\u00f3n de hasta 4.500 piezas\/hora. Los materiales de los tubos pueden ser: Polietileno, Laminado, Polyfoil, Coex y Aluminio.<\/p>\n<p>[\/et_pb_text][\/et_pb_column][\/et_pb_row][\/et_pb_section][et_pb_section fb_built=\u00bb1&#8243; inner_shadow=\u00bbon\u00bb _builder_version=\u00bb4.16&#8243; background_color=\u00bb#f4f4f4&#8243; background_enable_image=\u00bboff\u00bb background_size=\u00bbcontain\u00bb background_position=\u00bbtop_left\u00bb background_last_edited=\u00bboff|desktop\u00bb parallax_phone=\u00bboff\u00bb background_size_phone=\u00bbcover\u00bb global_colors_info=\u00bb{}\u00bb][et_pb_row column_structure=\u00bb3_4,1_4&#8243; _builder_version=\u00bb4.16&#8243; global_colors_info=\u00bb{}\u00bb][et_pb_column type=\u00bb3_4&#8243; _builder_version=\u00bb4.16&#8243; global_colors_info=\u00bb{}\u00bb][et_pb_blog fullwidth=\u00bboff\u00bb include_categories=\u00bb6&#8243; show_author=\u00bboff\u00bb show_date=\u00bboff\u00bb show_categories=\u00bboff\u00bb _builder_version=\u00bb4.16&#8243; box_shadow_style=\u00bbpreset3&#8243; box_shadow_horizontal=\u00bb6px\u00bb box_shadow_blur=\u00bb13px\u00bb box_shadow_spread=\u00bb-9px\u00bb global_colors_info=\u00bb{}\u00bb][\/et_pb_blog][\/et_pb_column][et_pb_column type=\u00bb1_4&#8243; _builder_version=\u00bb4.16&#8243; global_colors_info=\u00bb{}\u00bb][et_pb_toggle title=\u00bbM\u00e1quinas rotativas llenadora de tubos\u00bb open_toggle_background_color=\u00bb#f4f4f4&#8243; closed_toggle_background_color=\u00bb#f4f4f4&#8243; icon_color=\u00bb#0c71c3&#8243; open_icon_color=\u00bb#0c71c3&#8243; _builder_version=\u00bb4.21.0&#8243; title_font_size=\u00bb14px\u00bb body_font_size=\u00bb13px\u00bb custom_margin=\u00bb||5px|||\u00bb border_width_all=\u00bb0px\u00bb border_color_all=\u00bb#bfbfbf\u00bb border_width_left=\u00bb1px\u00bb saved_tabs=\u00bball\u00bb global_colors_info=\u00bb{}\u00bb]<a href=\"\/es\/maquina-rotativa-llenadora-de-tubos-mtr-70\/\">MTR-70<\/a><\/p>\n<p><\/a><a href=\"\/es\/maquina-rotativa-llenadora-de-tubos-mtr-50\/\">MTR-50<\/a><\/p>\n<p><a href=\"\/es\/maquina-rotativa-llenadora-de-tubos-mtr-40\/\">MTR-40<\/a><\/p>\n<p><a href=\"\/es\/maquinas-rotativas-llenadora-de-tubos\/\">Ir a todos maquinas rotativas llenadora de tubos<\/a>[\/et_pb_toggle][et_pb_toggle title=\u00bbM\u00e1quinas lineales llenadora de tubos\u00bb open_toggle_background_color=\u00bb#f4f4f4&#8243; closed_toggle_background_color=\u00bb#f4f4f4&#8243; icon_color=\u00bb#0c71c3&#8243; open_icon_color=\u00bb#0c71c3&#8243; _builder_version=\u00bb4.21.0&#8243; title_font_size=\u00bb14px\u00bb body_font_size=\u00bb13px\u00bb custom_margin=\u00bb-6px||-4px|||\u00bb border_width_all=\u00bb0px\u00bb border_color_all=\u00bb#bfbfbf\u00bb border_width_left=\u00bb1px\u00bb saved_tabs=\u00bball\u00bb global_colors_info=\u00bb{}\u00bb]<\/p>\n<p><a href=\"\/mtl-400\/\"><\/a><a href=\"\/es\/maquina-lineal-llenadora-de-tubos-mtl-100\/\">MTL-100<\/a><a href=\"\/mtl-400\/\"><\/a><\/p>\n<p><a href=\"\/es\/maquina-lineal-llenadora-de-tubos-mtl-100-2\/\">MTL-100\/2<\/a><\/p>\n<p><a href=\"\/es\/maquina-lineal-llenadora-de-tubos-mtl-200\/\">MTL-200<\/a><\/p>\n<p><a href=\"\/es\/maquina-lineal-llenadora-de-tubos-mtl-200-2\/\">MTL-200\/2<\/a><\/p>\n<p><a href=\"\/es\/maquina-lineal-llenadora-de-tubos-mtl-400\/\">MTL-400<\/a><\/p>\n<p><a href=\"\/es\/maquinas-lineales-llenadora-de-tubos\/\">Ir a todos maquinas lineales llenadora de tubos<\/a><\/p>\n<p>[\/et_pb_toggle][et_pb_toggle title=\u00bbDep\u00f3sito de tubos de alta capacidad\u00bb open_toggle_background_color=\u00bb#f4f4f4&#8243; closed_toggle_background_color=\u00bb##f4f4f4&#8243; icon_color=\u00bb#0c71c3&#8243; open_icon_color=\u00bb#0c71c3&#8243; _builder_version=\u00bb4.21.0&#8243; title_font_size=\u00bb14px\u00bb body_font_size=\u00bb13px\u00bb custom_margin=\u00bb3px||-3px|||\u00bb border_width_all=\u00bb0px\u00bb border_color_all=\u00bb#bfbfbf\u00bb border_width_left=\u00bb1px\u00bb saved_tabs=\u00bball\u00bb global_colors_info=\u00bb{}\u00bb]<a href=\"\/es\/jumbo-individual\/\">Jumbo individual<\/a><\/p>\n<p><a href=\"\/es\/jumbo-doble\/\">Jumbo doble<\/a><\/p>\n<p><a href=\"\/es\/deposito-de-tubos-de-alta-capacidad\/\">Ir a deposito de tubos de alta capacidad<\/a>[\/et_pb_toggle][et_pb_toggle title=\u00bbEstuchadoras alternas\u00bb open_toggle_background_color=\u00bb#f4f4f4&#8243; closed_toggle_background_color=\u00bb#f4f4f4&#8243; icon_color=\u00bb#0c71c3&#8243; open_icon_color=\u00bb#0c71c3&#8243; _builder_version=\u00bb4.21.0&#8243; title_font_size=\u00bb14px\u00bb body_font_size=\u00bb13px\u00bb custom_margin=\u00bb-7px||4px|||\u00bb border_width_all=\u00bb0px\u00bb border_color_all=\u00bb#bfbfbf\u00bb border_width_left=\u00bb1px\u00bb saved_tabs=\u00bball\u00bb global_colors_info=\u00bb{}\u00bb]<\/p>\n<p><a href=\"\/es\/aa-100-compact\/\">AA-100 compact<\/a><\/p>\n<p><a href=\"\/es\/estuchadoras-alternas\/\">Ir a stuchadoras alternas<\/a><\/p>\n<p>[\/et_pb_toggle][et_pb_toggle title=\u00bbEstuchadoras continuas\u00bb open_toggle_background_color=\u00bb#f4f4f4&#8243; closed_toggle_background_color=\u00bb#f4f4f4&#8243; icon_color=\u00bb#0c71c3&#8243; open_icon_color=\u00bb#0c71c3&#8243; _builder_version=\u00bb4.21.0&#8243; title_font_size=\u00bb14px\u00bb body_font_size=\u00bb13px\u00bb custom_margin=\u00bb-5px||5px||false|\u00bb hover_enabled=\u00bb0&#8243; border_width_all=\u00bb0px\u00bb border_color_all=\u00bb#bfbfbf\u00bb border_width_left=\u00bb1px\u00bb saved_tabs=\u00bball\u00bb global_colors_info=\u00bb{}\u00bb sticky_enabled=\u00bb0&#8243;]<\/p>\n<p><a href=\"\/es\/ac-250-compact\/\">AC-250 Compact<\/a><\/p>\n<p><a href=\"\/es\/estuchadoras-continuas\/\">Ir a\u00a0estuchadoras continuas<\/a><\/p>\n<p>[\/et_pb_toggle][et_pb_toggle title=\u00bbDesempolvadores de tabletas\u00bb open_toggle_background_color=\u00bb#f4f4f4&#8243; closed_toggle_background_color=\u00bb#f4f4f4&#8243; icon_color=\u00bb#0c71c3&#8243; open_icon_color=\u00bb#0c71c3&#8243; _builder_version=\u00bb4.21.0&#8243; title_font_size=\u00bb14px\u00bb body_font_size=\u00bb13px\u00bb custom_margin=\u00bb-9px|||||\u00bb custom_padding=\u00bb23px|||||\u00bb hover_enabled=\u00bb0&#8243; border_width_all=\u00bb0px\u00bb border_color_all=\u00bb#bfbfbf\u00bb border_width_left=\u00bb1px\u00bb saved_tabs=\u00bball\u00bb global_colors_info=\u00bb{}\u00bb sticky_enabled=\u00bb0&#8243;]<\/p>\n<p><a href=\"\/es\/clean-system-standard\/\">Clean System Standard<\/a><\/p>\n<p><a href=\"\/es\/clean-system-high-version\/\">Clean System High Version<\/a><\/p>\n<p><a href=\"\/es\/desempolvadores-de-tabletas\/\">Ir a Desempolvadores de Tabletas<\/a><\/p>\n<p>[\/et_pb_toggle][\/et_pb_column][\/et_pb_row][\/et_pb_section][et_pb_section fb_built=\u00bb1&#8243; _builder_version=\u00bb4.16&#8243; background_color=\u00bb#f4f4f4&#8243; background_enable_color=\u00bboff\u00bb background_enable_image=\u00bboff\u00bb parallax=\u00bbon\u00bb parallax_method=\u00bboff\u00bb custom_padding=\u00bb0px||0px||true|\u00bb locked=\u00bboff\u00bb global_colors_info=\u00bb{}\u00bb][et_pb_row column_structure=\u00bb1_2,1_2&#8243; _builder_version=\u00bb4.16&#8243; width=\u00bb90%\u00bb custom_padding=\u00bb41px|||||\u00bb global_colors_info=\u00bb{}\u00bb][et_pb_column type=\u00bb1_2&#8243; _builder_version=\u00bb4.16&#8243; global_colors_info=\u00bb{}\u00bb][et_pb_text _builder_version=\u00bb4.16&#8243; text_font=\u00bb|600|||||||\u00bb text_text_color=\u00bb#005da9&#8243; text_font_size=\u00bb25px\u00bb header_2_font=\u00bb|600|||||||\u00bb header_2_text_color=\u00bb#005da9&#8243; header_2_font_size=\u00bb24px\u00bb header_2_line_height=\u00bb1.4em\u00bb locked=\u00bboff\u00bb global_colors_info=\u00bb{}\u00bb]<\/p>\n<h2>M\u00e1quinas rotativas llenadora de tubos: caracter\u00edsticas<\/h2>\n<p>[\/et_pb_text][et_pb_text _builder_version=\u00bb4.16&#8243; text_orientation=\u00bbjustified\u00bb custom_margin=\u00bb||||true|false\u00bb custom_padding=\u00bb||||true|false\u00bb global_colors_info=\u00bb{}\u00bb]<\/p>\n<p>Las <strong>m\u00e1quinas rotativas llenadora de tubos<\/strong> son m\u00e1quinas para el envasado autom\u00e1tico utilizadas para el <strong>llenado<\/strong> y el <strong>cierre<\/strong> de tubos en los sectores: farmac\u00e9utico, cosm\u00e9tico, alimentario y qu\u00edmico. Los\u00a0<strong>tubos<\/strong> pueden ser tanto de <strong>material pl\u00e1stico<\/strong> (polietileno, laminado, Coex, Polyfoil) como de <strong>metal<\/strong> (aluminio).<\/p>\n<p>Para la<strong> uni\u00f3n de tubos<\/strong>\u00a0de pl\u00e1stico, utilizamos la <strong>tecnolog\u00eda del aire caliente.<\/strong> Mediante este m\u00e9todo, el tubo se calienta desde el interior y luego se suelda mediante pinzas en fr\u00edo para garantizar la mejor calidad posible. Durante la fase de calentamiento, el producto en el interior del tubo nunca entrar\u00e1 en contacto con el aire caliente, ya que est\u00e1 protegido por un <strong>blindaje<\/strong> especial y por la <strong>aspiraci\u00f3n<\/strong> del propio aire.<\/p>\n<p>[\/et_pb_text][\/et_pb_column][et_pb_column type=\u00bb1_2&#8243; _builder_version=\u00bb4.16&#8243; global_colors_info=\u00bb{}\u00bb][et_pb_text _builder_version=\u00bb4.16&#8243; text_orientation=\u00bbjustified\u00bb custom_margin=\u00bb||||true|false\u00bb custom_padding=\u00bb||||true|false\u00bb global_colors_info=\u00bb{}\u00bb]<\/p>\n<p>Adem\u00e1s, con nuestras m\u00e1quinas rotativas llenadora de tubos para el envasado autom\u00e1tico, se pueden realizar <strong>diversas formas de cierre del tubo<\/strong>, como por ejemplo:<\/p>\n<ul>\n<li>euroslot;<\/li>\n<li>media luna;<\/li>\n<li>onda;<\/li>\n<li>otras formas personalizadas.<\/li>\n<\/ul>\n<p>Las m\u00e1quinas se <strong>dosifican<\/strong> mediante un <strong>m\u00e9todo volum\u00e9trico mec\u00e1nico<\/strong>. La boquilla de llenado es de tipo sumergible, llenando desde el fondo. El\u00a0<strong>relleno<\/strong> de los tubos puede ser <strong>de varios colores y rayas<\/strong> (por ejemplo, para productos como el dent\u00edfrico).<\/p>\n<p>Con nuestras m\u00e1quinas para el envasado, ofrecemos <strong>diversas funciones opcionales<\/strong> que incluyen: limpieza del tubo, inserci\u00f3n de gas inerte, marcado, control mediante c\u00e1maras y otros accesorios.<\/p>\n<p>Las m\u00e1quinas rotativas llenadora de tubos est\u00e1n disponibles en las versiones <strong>semiautom\u00e1ticas<\/strong> o <strong>completamente autom\u00e1ticas,<\/strong> ya listas para la Industria 4.0.<\/p>\n<p>[\/et_pb_text][\/et_pb_column][\/et_pb_row][\/et_pb_section][et_pb_section fb_built=\u00bb1&#8243; _builder_version=\u00bb4.16&#8243; background_enable_color=\u00bboff\u00bb custom_padding=\u00bb0px||0px||true|\u00bb global_colors_info=\u00bb{}\u00bb][et_pb_row column_structure=\u00bb1_2,1_2&#8243; _builder_version=\u00bb4.16&#8243; custom_padding=\u00bb32px|||||\u00bb global_colors_info=\u00bb{}\u00bb][et_pb_column type=\u00bb1_2&#8243; _builder_version=\u00bb4.16&#8243; global_colors_info=\u00bb{}\u00bb][et_pb_button button_url=\u00bb\/es\/maquinas-llenadora-de-tubos\/\u00bb button_text=\u00bbIr a M\u00e1quinas llenadora de tubos \u00bb button_alignment=\u00bbcenter\u00bb _builder_version=\u00bb4.21.0&#8243; custom_button=\u00bbon\u00bb button_text_size=\u00bb20px\u00bb button_text_color=\u00bb#3d3d3d\u00bb button_border_width=\u00bb3px\u00bb button_border_color=\u00bb#e09900&#8243; button_border_radius=\u00bb15px\u00bb global_colors_info=\u00bb{}\u00bb][\/et_pb_button][\/et_pb_column][et_pb_column type=\u00bb1_2&#8243; _builder_version=\u00bb4.16&#8243; global_colors_info=\u00bb{}\u00bb][et_pb_button button_url=\u00bb\/es\/maquinas-y-soluciones\/\u00bb button_text=\u00bbIr a M\u00e1quinas y Soluciones \u00bb button_alignment=\u00bbcenter\u00bb _builder_version=\u00bb4.21.0&#8243; custom_button=\u00bbon\u00bb button_text_size=\u00bb20px\u00bb button_text_color=\u00bb#3d3d3d\u00bb button_border_width=\u00bb3px\u00bb button_border_color=\u00bb#e09900&#8243; button_border_radius=\u00bb15px\u00bb global_colors_info=\u00bb{}\u00bb][\/et_pb_button][\/et_pb_column][\/et_pb_row][\/et_pb_section][et_pb_section fb_built=\u00bb1&#8243; _builder_version=\u00bb4.16&#8243; custom_padding=\u00bb20px||20px||true|\u00bb saved_tabs=\u00bball\u00bb global_colors_info=\u00bb{}\u00bb][et_pb_row _builder_version=\u00bb4.16&#8243; global_colors_info=\u00bb{}\u00bb][et_pb_column type=\u00bb4_4&#8243; _builder_version=\u00bb4.16&#8243; global_colors_info=\u00bb{}\u00bb][et_pb_text _builder_version=\u00bb4.21.0&#8243; text_font_size=\u00bb12px\u00bb global_colors_info=\u00bb{}\u00bb]<\/p>\n<p style=\"text-align: center;\"><a href=\"\/es\/maquinas-rotativas-llenadora-de-tubos\/\">M\u00e1quinas rotativas llenadora de tubos<\/a> | <a href=\"\/es\/maquinas-lineales-llenadora-de-tubos\/\">M\u00e1quinas lineales llenadora de tubos<\/a> | <a href=\"\/es\/deposito-de-tubos-de-alta-capacidad\/\">Dep\u00f3sito de tubos de alta capacidad<\/a> | <a href=\"\/es\/estuchadoras-alternas\/\">Estuchadoras alternas<\/a>\u00a0|\u00a0<a href=\"\/es\/estuchadoras-continuas\/\">Estuchadoras continuas<\/a> |\u00a0<a href=\"\/es\/desempolvadores-de-tabletas\/\">Desempolvadores de tabletas<\/a><\/p>\n<p>[\/et_pb_text][\/et_pb_column][\/et_pb_row][\/et_pb_section]<\/p>\n","protected":false},"excerpt":{"rendered":"<p>m\u00e1quinas rotativas llenadora de tubosM\u00e1quinas rotativas llenadora de tubos para el envasado autom\u00e1ticoM\u00e1quinas y soluciones &gt; M\u00e1quinas llenadora de tubos &gt; M\u00e1quinas rotativas llenadora de tubosLas m\u00e1quinas rotativas llenadora de tubos Nima Erre.Ti Packaging son el resultado de nuestros conocimientos previos en el campo de las m\u00e1quinas llenadora de tubos. Cada modelo de m\u00e1quina de [&hellip;]<\/p>\n","protected":false},"author":1,"featured_media":0,"parent":0,"menu_order":0,"comment_status":"closed","ping_status":"closed","template":"","meta":{"_et_pb_use_builder":"on","_et_pb_old_content":"","_et_gb_content_width":""},"yoast_head":"<!-- This site is optimized with the Yoast SEO plugin v20.9 - https:\/\/yoast.com\/wordpress\/plugins\/seo\/ -->\n<title>Intubettatrici Rotative per Confezionamento - Prodotti - Nima Erre. Ti<\/title>\n<meta name=\"description\" content=\"Intubettatrici Rotative per Confezionamento Automatico. Macchine con Caratteristiche Tecniche Specifiche. Scopri il Catalogo!\" \/>\n<meta name=\"robots\" content=\"index, follow, max-snippet:-1, max-image-preview:large, max-video-preview:-1\" \/>\n<link rel=\"canonical\" href=\"https:\/\/www.nimaerreti.it\/es\/maquinas-rotativas-llenadora-de-tubos\/\" \/>\n<meta property=\"og:locale\" content=\"es_ES\" \/>\n<meta property=\"og:type\" content=\"article\" \/>\n<meta property=\"og:title\" content=\"Intubettatrici Rotative per Confezionamento - Prodotti - Nima Erre. Ti\" \/>\n<meta property=\"og:description\" content=\"Intubettatrici Rotative per Confezionamento Automatico. Macchine con Caratteristiche Tecniche Specifiche. Scopri il Catalogo!\" \/>\n<meta property=\"og:url\" content=\"https:\/\/www.nimaerreti.it\/es\/maquinas-rotativas-llenadora-de-tubos\/\" \/>\n<meta property=\"og:site_name\" content=\"NIMA-ERRE.TI\" \/>\n<meta property=\"article:modified_time\" content=\"2023-06-27T09:31:16+00:00\" \/>\n<meta name=\"twitter:card\" content=\"summary_large_image\" \/>\n<meta name=\"twitter:label1\" content=\"Tiempo de lectura\" \/>\n\t<meta name=\"twitter:data1\" content=\"4 minutos\" \/>\n<script type=\"application\/ld+json\" class=\"yoast-schema-graph\">{\"@context\":\"https:\/\/schema.org\",\"@graph\":[{\"@type\":\"WebPage\",\"@id\":\"https:\/\/www.nimaerreti.it\/es\/maquinas-rotativas-llenadora-de-tubos\/\",\"url\":\"https:\/\/www.nimaerreti.it\/es\/maquinas-rotativas-llenadora-de-tubos\/\",\"name\":\"Intubettatrici Rotative per Confezionamento - Prodotti - Nima Erre. Ti\",\"isPartOf\":{\"@id\":\"https:\/\/www.nimaerreti.it\/#website\"},\"datePublished\":\"2020-05-27T06:44:03+00:00\",\"dateModified\":\"2023-06-27T09:31:16+00:00\",\"description\":\"Intubettatrici Rotative per Confezionamento Automatico. Macchine con Caratteristiche Tecniche Specifiche. Scopri il Catalogo!\",\"breadcrumb\":{\"@id\":\"https:\/\/www.nimaerreti.it\/es\/maquinas-rotativas-llenadora-de-tubos\/#breadcrumb\"},\"inLanguage\":\"es\",\"potentialAction\":[{\"@type\":\"ReadAction\",\"target\":[\"https:\/\/www.nimaerreti.it\/es\/maquinas-rotativas-llenadora-de-tubos\/\"]}]},{\"@type\":\"BreadcrumbList\",\"@id\":\"https:\/\/www.nimaerreti.it\/es\/maquinas-rotativas-llenadora-de-tubos\/#breadcrumb\",\"itemListElement\":[{\"@type\":\"ListItem\",\"position\":1,\"name\":\"Home\",\"item\":\"https:\/\/www.nimaerreti.it\/es\/\"},{\"@type\":\"ListItem\",\"position\":2,\"name\":\"M\u00e1quinas rotativas llenadora de tubos\"}]},{\"@type\":\"WebSite\",\"@id\":\"https:\/\/www.nimaerreti.it\/#website\",\"url\":\"https:\/\/www.nimaerreti.it\/\",\"name\":\"NIMA-ERRE.TI\",\"description\":\"Multiservice nel settore del confezionamento\",\"publisher\":{\"@id\":\"https:\/\/www.nimaerreti.it\/#organization\"},\"potentialAction\":[{\"@type\":\"SearchAction\",\"target\":{\"@type\":\"EntryPoint\",\"urlTemplate\":\"https:\/\/www.nimaerreti.it\/?s={search_term_string}\"},\"query-input\":\"required name=search_term_string\"}],\"inLanguage\":\"es\"},{\"@type\":\"Organization\",\"@id\":\"https:\/\/www.nimaerreti.it\/#organization\",\"name\":\"Nima-Erre.Ti Packaging\",\"url\":\"https:\/\/www.nimaerreti.it\/\",\"logo\":{\"@type\":\"ImageObject\",\"inLanguage\":\"es\",\"@id\":\"https:\/\/www.nimaerreti.it\/#\/schema\/logo\/image\/\",\"url\":\"https:\/\/www.nimaerreti.it\/wp-content\/uploads\/2020\/05\/Nima-Erre-Ti-logo-little-1.png\",\"contentUrl\":\"https:\/\/www.nimaerreti.it\/wp-content\/uploads\/2020\/05\/Nima-Erre-Ti-logo-little-1.png\",\"width\":350,\"height\":104,\"caption\":\"Nima-Erre.Ti Packaging\"},\"image\":{\"@id\":\"https:\/\/www.nimaerreti.it\/#\/schema\/logo\/image\/\"},\"sameAs\":[\"https:\/\/it.linkedin.com\/company\/nima-erre-ti-packaging-s-r-l\"]}]}<\/script>\n<!-- \/ Yoast SEO plugin. -->","yoast_head_json":{"title":"Intubettatrici Rotative per Confezionamento - Prodotti - Nima Erre. Ti","description":"Intubettatrici Rotative per Confezionamento Automatico. Macchine con Caratteristiche Tecniche Specifiche. Scopri il Catalogo!","robots":{"index":"index","follow":"follow","max-snippet":"max-snippet:-1","max-image-preview":"max-image-preview:large","max-video-preview":"max-video-preview:-1"},"canonical":"https:\/\/www.nimaerreti.it\/es\/maquinas-rotativas-llenadora-de-tubos\/","og_locale":"es_ES","og_type":"article","og_title":"Intubettatrici Rotative per Confezionamento - Prodotti - Nima Erre. Ti","og_description":"Intubettatrici Rotative per Confezionamento Automatico. Macchine con Caratteristiche Tecniche Specifiche. Scopri il Catalogo!","og_url":"https:\/\/www.nimaerreti.it\/es\/maquinas-rotativas-llenadora-de-tubos\/","og_site_name":"NIMA-ERRE.TI","article_modified_time":"2023-06-27T09:31:16+00:00","twitter_card":"summary_large_image","twitter_misc":{"Tiempo de lectura":"4 minutos"},"schema":{"@context":"https:\/\/schema.org","@graph":[{"@type":"WebPage","@id":"https:\/\/www.nimaerreti.it\/es\/maquinas-rotativas-llenadora-de-tubos\/","url":"https:\/\/www.nimaerreti.it\/es\/maquinas-rotativas-llenadora-de-tubos\/","name":"Intubettatrici Rotative per Confezionamento - Prodotti - Nima Erre. Ti","isPartOf":{"@id":"https:\/\/www.nimaerreti.it\/#website"},"datePublished":"2020-05-27T06:44:03+00:00","dateModified":"2023-06-27T09:31:16+00:00","description":"Intubettatrici Rotative per Confezionamento Automatico. Macchine con Caratteristiche Tecniche Specifiche. Scopri il Catalogo!","breadcrumb":{"@id":"https:\/\/www.nimaerreti.it\/es\/maquinas-rotativas-llenadora-de-tubos\/#breadcrumb"},"inLanguage":"es","potentialAction":[{"@type":"ReadAction","target":["https:\/\/www.nimaerreti.it\/es\/maquinas-rotativas-llenadora-de-tubos\/"]}]},{"@type":"BreadcrumbList","@id":"https:\/\/www.nimaerreti.it\/es\/maquinas-rotativas-llenadora-de-tubos\/#breadcrumb","itemListElement":[{"@type":"ListItem","position":1,"name":"Home","item":"https:\/\/www.nimaerreti.it\/es\/"},{"@type":"ListItem","position":2,"name":"M\u00e1quinas rotativas llenadora de tubos"}]},{"@type":"WebSite","@id":"https:\/\/www.nimaerreti.it\/#website","url":"https:\/\/www.nimaerreti.it\/","name":"NIMA-ERRE.TI","description":"Multiservice nel settore del confezionamento","publisher":{"@id":"https:\/\/www.nimaerreti.it\/#organization"},"potentialAction":[{"@type":"SearchAction","target":{"@type":"EntryPoint","urlTemplate":"https:\/\/www.nimaerreti.it\/?s={search_term_string}"},"query-input":"required name=search_term_string"}],"inLanguage":"es"},{"@type":"Organization","@id":"https:\/\/www.nimaerreti.it\/#organization","name":"Nima-Erre.Ti Packaging","url":"https:\/\/www.nimaerreti.it\/","logo":{"@type":"ImageObject","inLanguage":"es","@id":"https:\/\/www.nimaerreti.it\/#\/schema\/logo\/image\/","url":"https:\/\/www.nimaerreti.it\/wp-content\/uploads\/2020\/05\/Nima-Erre-Ti-logo-little-1.png","contentUrl":"https:\/\/www.nimaerreti.it\/wp-content\/uploads\/2020\/05\/Nima-Erre-Ti-logo-little-1.png","width":350,"height":104,"caption":"Nima-Erre.Ti Packaging"},"image":{"@id":"https:\/\/www.nimaerreti.it\/#\/schema\/logo\/image\/"},"sameAs":["https:\/\/it.linkedin.com\/company\/nima-erre-ti-packaging-s-r-l"]}]}},"_links":{"self":[{"href":"https:\/\/www.nimaerreti.it\/es\/wp-json\/wp\/v2\/pages\/237183"}],"collection":[{"href":"https:\/\/www.nimaerreti.it\/es\/wp-json\/wp\/v2\/pages"}],"about":[{"href":"https:\/\/www.nimaerreti.it\/es\/wp-json\/wp\/v2\/types\/page"}],"author":[{"embeddable":true,"href":"https:\/\/www.nimaerreti.it\/es\/wp-json\/wp\/v2\/users\/1"}],"replies":[{"embeddable":true,"href":"https:\/\/www.nimaerreti.it\/es\/wp-json\/wp\/v2\/comments?post=237183"}],"version-history":[{"count":10,"href":"https:\/\/www.nimaerreti.it\/es\/wp-json\/wp\/v2\/pages\/237183\/revisions"}],"predecessor-version":[{"id":238283,"href":"https:\/\/www.nimaerreti.it\/es\/wp-json\/wp\/v2\/pages\/237183\/revisions\/238283"}],"wp:attachment":[{"href":"https:\/\/www.nimaerreti.it\/es\/wp-json\/wp\/v2\/media?parent=237183"}],"curies":[{"name":"wp","href":"https:\/\/api.w.org\/{rel}","templated":true}]}}