{"id":237157,"date":"2020-06-16T07:50:40","date_gmt":"2020-06-16T05:50:40","guid":{"rendered":"https:\/\/www.nimaerreti.it\/blog\/"},"modified":"2023-06-27T09:49:33","modified_gmt":"2023-06-27T07:49:33","slug":"blog","status":"publish","type":"page","link":"https:\/\/www.nimaerreti.it\/es\/blog\/","title":{"rendered":"Blog"},"content":{"rendered":"<p>[et_pb_section fb_built=\u00bb1&#8243; admin_label=\u00bbLanding Hero\u00bb _builder_version=\u00bb4.16&#8243; background_image=\u00bbhttps:\/\/www.nimaerreti.it\/wp-content\/uploads\/2020\/10\/Nima-Erre.Ti-Packaging-Azienda-Sviluppo-Macchine-Confezionamento-Automatico_pc_tablet.jpg\u00bb custom_padding=\u00bb70px|0px|8px|0px||\u00bb animation_direction=\u00bbtop\u00bb background_last_edited=\u00bbon|tablet\u00bb background_image_tablet=\u00bbhttps:\/\/www.nimaerreti.it\/wp-content\/uploads\/2020\/10\/Nima-Erre.Ti-Packaging-Azienda-Sviluppo-Macchine-Confezionamento-Automatico_mobile.jpg\u00bb background_image_phone=\u00bbhttps:\/\/www.nimaerreti.it\/wp-content\/uploads\/2020\/10\/Nima-Erre.Ti-Packaging-Azienda-Sviluppo-Macchine-Confezionamento-Automatico_mobile.jpg\u00bb background_enable_image_tablet=\u00bbon\u00bb background_enable_image_phone=\u00bbon\u00bb locked=\u00bboff\u00bb global_colors_info=\u00bb{}\u00bb alt_tablet=\u00bbNima Erre.Ti Packaging, Azienda Sviluppo Macchine Confezionamento Automatico_mobile\u00bb title_text_tablet=\u00bbNima Erre.Ti Packaging, Azienda Sviluppo Macchine Confezionamento Automatico_mobile\u00bb alt_phone=\u00bbNima Erre.Ti Packaging, Azienda Sviluppo Macchine Confezionamento Automatico_mobile\u00bb title_text_phone=\u00bbNima Erre.Ti Packaging, Azienda Sviluppo Macchine Confezionamento Automatico_mobile\u00bb][et_pb_row column_structure=\u00bb1_2,1_2&#8243; _builder_version=\u00bb4.16&#8243; custom_margin=\u00bb|auto|20px|auto||\u00bb custom_width_px=\u00bb1280px\u00bb global_colors_info=\u00bb{}\u00bb][et_pb_column type=\u00bb1_2&#8243; _builder_version=\u00bb4.16&#8243; custom_padding=\u00bb|||\u00bb global_colors_info=\u00bb{}\u00bb custom_padding__hover=\u00bb|||\u00bb][et_pb_text _builder_version=\u00bb4.16&#8243; text_text_color=\u00bb#000000&#8243; text_font_size=\u00bb16px\u00bb text_line_height=\u00bb1.9em\u00bb locked=\u00bboff\u00bb global_colors_info=\u00bb{}\u00bb][\/et_pb_text][et_pb_text _builder_version=\u00bb4.16&#8243; header_font=\u00bb|on|||\u00bb header_text_color=\u00bb#005da9&#8243; header_font_size=\u00bb40px\u00bb header_line_height=\u00bb1.3em\u00bb background_layout=\u00bbdark\u00bb custom_padding=\u00bb|||\u00bb header_font_size_tablet=\u00bb\u00bb header_font_size_phone=\u00bb30px\u00bb header_font_size_last_edited=\u00bbon|phone\u00bb locked=\u00bboff\u00bb global_colors_info=\u00bb{}\u00bb]<\/p>\n<h1>BLOG<\/h1>\n<p>[\/et_pb_text][et_pb_divider divider_weight=\u00bb6px\u00bb _builder_version=\u00bb4.16&#8243; width=\u00bb20%\u00bb global_colors_info=\u00bb{}\u00bb][\/et_pb_divider][\/et_pb_column][et_pb_column type=\u00bb1_2&#8243; _builder_version=\u00bb4.16&#8243; custom_padding=\u00bb|||\u00bb global_colors_info=\u00bb{}\u00bb custom_padding__hover=\u00bb|||\u00bb][\/et_pb_column][\/et_pb_row][\/et_pb_section][et_pb_section fb_built=\u00bb1&#8243; _builder_version=\u00bb4.16&#8243; custom_padding=\u00bb30px||16px||false|\u00bb global_colors_info=\u00bb{}\u00bb][et_pb_row _builder_version=\u00bb4.16&#8243; locked=\u00bboff\u00bb global_colors_info=\u00bb{}\u00bb][et_pb_column type=\u00bb4_4&#8243; _builder_version=\u00bb4.16&#8243; global_colors_info=\u00bb{}\u00bb][et_pb_text _builder_version=\u00bb4.16&#8243; text_orientation=\u00bbcenter\u00bb global_colors_info=\u00bb{}\u00bb]<\/p>\n<p>Bienvenido al <strong>blog<\/strong> de Nima Erre.Ti Packaging s.r.l., un espacio dedicado a las <strong>actualizaciones<\/strong> y novedades en el <strong>sector<\/strong> del embalaje y del <strong>envasado<\/strong>.<o:p><\/o:p><\/p>\n<p>Noticias sobre <strong>m\u00e1quinas autom\u00e1ticas<\/strong> para el <strong>envasado<\/strong> y nuevas <strong>tecnolog\u00edas<\/strong> de desarrollo.<\/p>\n<p>[\/et_pb_text][\/et_pb_column][\/et_pb_row][et_pb_row _builder_version=\u00bb4.16&#8243; global_colors_info=\u00bb{}\u00bb][et_pb_column type=\u00bb4_4&#8243; _builder_version=\u00bb4.16&#8243; global_colors_info=\u00bb{}\u00bb][et_pb_blog fullwidth=\u00bboff\u00bb include_categories=\u00bb15&#8243; show_author=\u00bboff\u00bb show_date=\u00bboff\u00bb show_categories=\u00bboff\u00bb _builder_version=\u00bb4.16&#8243; box_shadow_style=\u00bbpreset3&#8243; global_colors_info=\u00bb{}\u00bb][\/et_pb_blog][\/et_pb_column][\/et_pb_row][\/et_pb_section][et_pb_section fb_built=\u00bb1&#8243; _builder_version=\u00bb4.16&#8243; custom_padding=\u00bb0px||0px||true|\u00bb global_colors_info=\u00bb{}\u00bb][et_pb_row column_structure=\u00bb1_2,1_2&#8243; _builder_version=\u00bb4.16&#8243; global_colors_info=\u00bb{}\u00bb][et_pb_column type=\u00bb1_2&#8243; _builder_version=\u00bb4.16&#8243; global_colors_info=\u00bb{}\u00bb][et_pb_button button_url=\u00bb\/es\/maquinas-y-soluciones\/\u00bb button_text=\u00bbIr a M\u00e1quinas y Soluciones \u00bb button_alignment=\u00bbcenter\u00bb _builder_version=\u00bb4.21.0&#8243; custom_button=\u00bbon\u00bb button_text_size=\u00bb20px\u00bb button_text_color=\u00bb#3d3d3d\u00bb button_border_width=\u00bb3px\u00bb button_border_color=\u00bb#e09900&#8243; button_border_radius=\u00bb15px\u00bb global_colors_info=\u00bb{}\u00bb][\/et_pb_button][\/et_pb_column][et_pb_column type=\u00bb1_2&#8243; _builder_version=\u00bb4.16&#8243; global_colors_info=\u00bb{}\u00bb][et_pb_button button_url=\u00bb\/es\/servicios\/\u00bb button_text=\u00bbIr a Servicios \u00bb button_alignment=\u00bbcenter\u00bb _builder_version=\u00bb4.21.0&#8243; custom_button=\u00bbon\u00bb button_text_size=\u00bb20px\u00bb button_text_color=\u00bb#3d3d3d\u00bb button_border_width=\u00bb3px\u00bb button_border_color=\u00bb#e09900&#8243; button_border_radius=\u00bb15px\u00bb global_colors_info=\u00bb{}\u00bb][\/et_pb_button][\/et_pb_column][\/et_pb_row][\/et_pb_section][et_pb_section fb_built=\u00bb1&#8243; _builder_version=\u00bb4.16&#8243; custom_padding=\u00bb20px||20px||true|\u00bb saved_tabs=\u00bball\u00bb global_colors_info=\u00bb{}\u00bb][et_pb_row _builder_version=\u00bb4.16&#8243; global_colors_info=\u00bb{}\u00bb][et_pb_column type=\u00bb4_4&#8243; _builder_version=\u00bb4.16&#8243; global_colors_info=\u00bb{}\u00bb][et_pb_text _builder_version=\u00bb4.21.0&#8243; text_font_size=\u00bb12px\u00bb hover_enabled=\u00bb0&#8243; global_colors_info=\u00bb{}\u00bb sticky_enabled=\u00bb0&#8243;]<\/p>\n<p style=\"text-align: center;\"><a href=\"\/es\/maquinas-rotativas-llenadora-de-tubos\/\">M\u00e1quinas rotativas llenadora de tubos<\/a> | <a href=\"\/es\/maquinas-lineales-llenadora-de-tubos\/\">M\u00e1quinas lineales llenadora de tubos<\/a> | <a href=\"\/es\/deposito-de-tubos-de-alta-capacidad\/\">Dep\u00f3sito de tubos de alta capacidad<\/a> | <a href=\"\/es\/estuchadoras-alternas\/\">Estuchadoras alternas<\/a>\u00a0|\u00a0<a href=\"\/es\/estuchadoras-continuas\/\">Estuchadoras continuas<\/a> |\u00a0<a href=\"\/es\/desempolvadores-de-tabletas\/\">Desempolvadores de tabletas<\/a><\/p>\n<p>[\/et_pb_text][\/et_pb_column][\/et_pb_row][\/et_pb_section]<\/p>\n","protected":false},"excerpt":{"rendered":"<p>BLOGBienvenido al blog de Nima Erre.Ti Packaging s.r.l., un espacio dedicado a las actualizaciones y novedades en el sector del embalaje y del envasado. Noticias sobre m\u00e1quinas autom\u00e1ticas para el envasado y nuevas tecnolog\u00edas de desarrollo.M\u00e1quinas rotativas llenadora de tubos | M\u00e1quinas lineales llenadora de tubos | Dep\u00f3sito de tubos de alta capacidad | Estuchadoras [&hellip;]<\/p>\n","protected":false},"author":1,"featured_media":0,"parent":0,"menu_order":0,"comment_status":"closed","ping_status":"closed","template":"","meta":{"_et_pb_use_builder":"on","_et_pb_old_content":"","_et_gb_content_width":""},"yoast_head":"<!-- This site is optimized with the Yoast SEO plugin v20.9 - https:\/\/yoast.com\/wordpress\/plugins\/seo\/ -->\n<title>Blog - Imballaggio e Macchinari per Packaging - Nima-Erre.Ti<\/title>\n<meta name=\"description\" content=\"Blog Nima. Spazio Dedicato ad Aggiornamenti e Novit\u00e0 di Imballaggi, Macchine Automatiche e Nuove Tecnologie di Sviluppo. Leggi Tutto!\" \/>\n<meta name=\"robots\" content=\"index, follow, max-snippet:-1, max-image-preview:large, max-video-preview:-1\" \/>\n<link rel=\"canonical\" href=\"https:\/\/www.nimaerreti.it\/es\/blog\/\" \/>\n<meta property=\"og:locale\" content=\"es_ES\" \/>\n<meta property=\"og:type\" content=\"article\" \/>\n<meta property=\"og:title\" content=\"Blog - Imballaggio e Macchinari per Packaging - Nima-Erre.Ti\" \/>\n<meta property=\"og:description\" content=\"Blog Nima. Spazio Dedicato ad Aggiornamenti e Novit\u00e0 di Imballaggi, Macchine Automatiche e Nuove Tecnologie di Sviluppo. Leggi Tutto!\" \/>\n<meta property=\"og:url\" content=\"https:\/\/www.nimaerreti.it\/es\/blog\/\" \/>\n<meta property=\"og:site_name\" content=\"NIMA-ERRE.TI\" \/>\n<meta property=\"article:modified_time\" content=\"2023-06-27T07:49:33+00:00\" \/>\n<meta name=\"twitter:card\" content=\"summary_large_image\" \/>\n<meta name=\"twitter:label1\" content=\"Tiempo de lectura\" \/>\n\t<meta name=\"twitter:data1\" content=\"2 minutos\" \/>\n<script type=\"application\/ld+json\" class=\"yoast-schema-graph\">{\"@context\":\"https:\/\/schema.org\",\"@graph\":[{\"@type\":\"WebPage\",\"@id\":\"https:\/\/www.nimaerreti.it\/es\/blog\/\",\"url\":\"https:\/\/www.nimaerreti.it\/es\/blog\/\",\"name\":\"Blog - Imballaggio e Macchinari per Packaging - Nima-Erre.Ti\",\"isPartOf\":{\"@id\":\"https:\/\/www.nimaerreti.it\/#website\"},\"datePublished\":\"2020-06-16T05:50:40+00:00\",\"dateModified\":\"2023-06-27T07:49:33+00:00\",\"description\":\"Blog Nima. Spazio Dedicato ad Aggiornamenti e Novit\u00e0 di Imballaggi, Macchine Automatiche e Nuove Tecnologie di Sviluppo. Leggi Tutto!\",\"breadcrumb\":{\"@id\":\"https:\/\/www.nimaerreti.it\/es\/blog\/#breadcrumb\"},\"inLanguage\":\"es\",\"potentialAction\":[{\"@type\":\"ReadAction\",\"target\":[\"https:\/\/www.nimaerreti.it\/es\/blog\/\"]}]},{\"@type\":\"BreadcrumbList\",\"@id\":\"https:\/\/www.nimaerreti.it\/es\/blog\/#breadcrumb\",\"itemListElement\":[{\"@type\":\"ListItem\",\"position\":1,\"name\":\"Home\",\"item\":\"https:\/\/www.nimaerreti.it\/es\/\"},{\"@type\":\"ListItem\",\"position\":2,\"name\":\"Blog\"}]},{\"@type\":\"WebSite\",\"@id\":\"https:\/\/www.nimaerreti.it\/#website\",\"url\":\"https:\/\/www.nimaerreti.it\/\",\"name\":\"NIMA-ERRE.TI\",\"description\":\"Multiservice nel settore del confezionamento\",\"publisher\":{\"@id\":\"https:\/\/www.nimaerreti.it\/#organization\"},\"potentialAction\":[{\"@type\":\"SearchAction\",\"target\":{\"@type\":\"EntryPoint\",\"urlTemplate\":\"https:\/\/www.nimaerreti.it\/?s={search_term_string}\"},\"query-input\":\"required name=search_term_string\"}],\"inLanguage\":\"es\"},{\"@type\":\"Organization\",\"@id\":\"https:\/\/www.nimaerreti.it\/#organization\",\"name\":\"Nima-Erre.Ti Packaging\",\"url\":\"https:\/\/www.nimaerreti.it\/\",\"logo\":{\"@type\":\"ImageObject\",\"inLanguage\":\"es\",\"@id\":\"https:\/\/www.nimaerreti.it\/#\/schema\/logo\/image\/\",\"url\":\"https:\/\/www.nimaerreti.it\/wp-content\/uploads\/2020\/05\/Nima-Erre-Ti-logo-little-1.png\",\"contentUrl\":\"https:\/\/www.nimaerreti.it\/wp-content\/uploads\/2020\/05\/Nima-Erre-Ti-logo-little-1.png\",\"width\":350,\"height\":104,\"caption\":\"Nima-Erre.Ti Packaging\"},\"image\":{\"@id\":\"https:\/\/www.nimaerreti.it\/#\/schema\/logo\/image\/\"},\"sameAs\":[\"https:\/\/it.linkedin.com\/company\/nima-erre-ti-packaging-s-r-l\"]}]}<\/script>\n<!-- \/ Yoast SEO plugin. -->","yoast_head_json":{"title":"Blog - Imballaggio e Macchinari per Packaging - Nima-Erre.Ti","description":"Blog Nima. Spazio Dedicato ad Aggiornamenti e Novit\u00e0 di Imballaggi, Macchine Automatiche e Nuove Tecnologie di Sviluppo. Leggi Tutto!","robots":{"index":"index","follow":"follow","max-snippet":"max-snippet:-1","max-image-preview":"max-image-preview:large","max-video-preview":"max-video-preview:-1"},"canonical":"https:\/\/www.nimaerreti.it\/es\/blog\/","og_locale":"es_ES","og_type":"article","og_title":"Blog - Imballaggio e Macchinari per Packaging - Nima-Erre.Ti","og_description":"Blog Nima. Spazio Dedicato ad Aggiornamenti e Novit\u00e0 di Imballaggi, Macchine Automatiche e Nuove Tecnologie di Sviluppo. Leggi Tutto!","og_url":"https:\/\/www.nimaerreti.it\/es\/blog\/","og_site_name":"NIMA-ERRE.TI","article_modified_time":"2023-06-27T07:49:33+00:00","twitter_card":"summary_large_image","twitter_misc":{"Tiempo de lectura":"2 minutos"},"schema":{"@context":"https:\/\/schema.org","@graph":[{"@type":"WebPage","@id":"https:\/\/www.nimaerreti.it\/es\/blog\/","url":"https:\/\/www.nimaerreti.it\/es\/blog\/","name":"Blog - Imballaggio e Macchinari per Packaging - Nima-Erre.Ti","isPartOf":{"@id":"https:\/\/www.nimaerreti.it\/#website"},"datePublished":"2020-06-16T05:50:40+00:00","dateModified":"2023-06-27T07:49:33+00:00","description":"Blog Nima. Spazio Dedicato ad Aggiornamenti e Novit\u00e0 di Imballaggi, Macchine Automatiche e Nuove Tecnologie di Sviluppo. Leggi Tutto!","breadcrumb":{"@id":"https:\/\/www.nimaerreti.it\/es\/blog\/#breadcrumb"},"inLanguage":"es","potentialAction":[{"@type":"ReadAction","target":["https:\/\/www.nimaerreti.it\/es\/blog\/"]}]},{"@type":"BreadcrumbList","@id":"https:\/\/www.nimaerreti.it\/es\/blog\/#breadcrumb","itemListElement":[{"@type":"ListItem","position":1,"name":"Home","item":"https:\/\/www.nimaerreti.it\/es\/"},{"@type":"ListItem","position":2,"name":"Blog"}]},{"@type":"WebSite","@id":"https:\/\/www.nimaerreti.it\/#website","url":"https:\/\/www.nimaerreti.it\/","name":"NIMA-ERRE.TI","description":"Multiservice nel settore del confezionamento","publisher":{"@id":"https:\/\/www.nimaerreti.it\/#organization"},"potentialAction":[{"@type":"SearchAction","target":{"@type":"EntryPoint","urlTemplate":"https:\/\/www.nimaerreti.it\/?s={search_term_string}"},"query-input":"required name=search_term_string"}],"inLanguage":"es"},{"@type":"Organization","@id":"https:\/\/www.nimaerreti.it\/#organization","name":"Nima-Erre.Ti Packaging","url":"https:\/\/www.nimaerreti.it\/","logo":{"@type":"ImageObject","inLanguage":"es","@id":"https:\/\/www.nimaerreti.it\/#\/schema\/logo\/image\/","url":"https:\/\/www.nimaerreti.it\/wp-content\/uploads\/2020\/05\/Nima-Erre-Ti-logo-little-1.png","contentUrl":"https:\/\/www.nimaerreti.it\/wp-content\/uploads\/2020\/05\/Nima-Erre-Ti-logo-little-1.png","width":350,"height":104,"caption":"Nima-Erre.Ti Packaging"},"image":{"@id":"https:\/\/www.nimaerreti.it\/#\/schema\/logo\/image\/"},"sameAs":["https:\/\/it.linkedin.com\/company\/nima-erre-ti-packaging-s-r-l"]}]}},"_links":{"self":[{"href":"https:\/\/www.nimaerreti.it\/es\/wp-json\/wp\/v2\/pages\/237157"}],"collection":[{"href":"https:\/\/www.nimaerreti.it\/es\/wp-json\/wp\/v2\/pages"}],"about":[{"href":"https:\/\/www.nimaerreti.it\/es\/wp-json\/wp\/v2\/types\/page"}],"author":[{"embeddable":true,"href":"https:\/\/www.nimaerreti.it\/es\/wp-json\/wp\/v2\/users\/1"}],"replies":[{"embeddable":true,"href":"https:\/\/www.nimaerreti.it\/es\/wp-json\/wp\/v2\/comments?post=237157"}],"version-history":[{"count":4,"href":"https:\/\/www.nimaerreti.it\/es\/wp-json\/wp\/v2\/pages\/237157\/revisions"}],"predecessor-version":[{"id":238226,"href":"https:\/\/www.nimaerreti.it\/es\/wp-json\/wp\/v2\/pages\/237157\/revisions\/238226"}],"wp:attachment":[{"href":"https:\/\/www.nimaerreti.it\/es\/wp-json\/wp\/v2\/media?parent=237157"}],"curies":[{"name":"wp","href":"https:\/\/api.w.org\/{rel}","templated":true}]}}