{"id":237104,"date":"2020-06-16T10:22:24","date_gmt":"2020-06-16T08:22:24","guid":{"rendered":"https:\/\/www.nimaerreti.it\/astucciatrici\/"},"modified":"2023-06-27T09:52:14","modified_gmt":"2023-06-27T07:52:14","slug":"estuchadoras","status":"publish","type":"page","link":"https:\/\/www.nimaerreti.it\/es\/estuchadoras\/","title":{"rendered":"Estuchadoras"},"content":{"rendered":"<p>[et_pb_section fb_built=\u00bb1&#8243; admin_label=\u00bbLanding Hero\u00bb _builder_version=\u00bb4.16&#8243; background_image=\u00bbhttps:\/\/www.nimaerreti.it\/wp-content\/uploads\/2020\/10\/Astucciatrici-per-Confezionamento-Automatico-Nima-Erre.Ti-Packaging_pc.jpg\u00bb custom_padding=\u00bb70px|0px|8px|0px||\u00bb animation_direction=\u00bbtop\u00bb background_last_edited=\u00bbon|phone\u00bb background_image_tablet=\u00bbhttps:\/\/www.nimaerreti.it\/wp-content\/uploads\/2020\/10\/Astucciatrici-per-Confezionamento-Automatico-Nima-Erre.Ti-Packaging_tablet_mobile.jpg\u00bb background_enable_image_tablet=\u00bbon\u00bb background_position_tablet=\u00bbcenter_right\u00bb locked=\u00bboff\u00bb global_colors_info=\u00bb{}\u00bb alt_tablet=\u00bbAstucciatrici per Confezionamento Automatico, Nima Erre.Ti Packaging\u00bb title_text_tablet=\u00bbAstucciatrici per Confezionamento Automatico, Nima Erre.Ti Packaging\u00bb][et_pb_row column_structure=\u00bb1_2,1_2&#8243; _builder_version=\u00bb4.16&#8243; custom_margin=\u00bb|auto|20px|auto||\u00bb custom_width_px=\u00bb1280px\u00bb locked=\u00bboff\u00bb global_colors_info=\u00bb{}\u00bb][et_pb_column type=\u00bb1_2&#8243; _builder_version=\u00bb4.16&#8243; custom_padding=\u00bb|||\u00bb global_colors_info=\u00bb{}\u00bb custom_padding__hover=\u00bb|||\u00bb][et_pb_text _builder_version=\u00bb4.16&#8243; text_text_color=\u00bb#000000&#8243; text_font_size=\u00bb16px\u00bb text_line_height=\u00bb1.9em\u00bb locked=\u00bboff\u00bb global_colors_info=\u00bb{}\u00bb][\/et_pb_text][et_pb_text _builder_version=\u00bb4.16&#8243; text_font=\u00bb|700||on|||||\u00bb text_text_color=\u00bb#005da9&#8243; text_font_size=\u00bb30px\u00bb text_line_height=\u00bb1.3em\u00bb header_font=\u00bb|700|||||||\u00bb header_text_color=\u00bb#005da9&#8243; header_font_size=\u00bb40px\u00bb custom_margin=\u00bb||-1px||false|false\u00bb custom_padding=\u00bb|||\u00bb text_font_size_tablet=\u00bb\u00bb text_font_size_phone=\u00bb20px\u00bb text_font_size_last_edited=\u00bbon|phone\u00bb header_font_size_last_edited=\u00bboff|desktop\u00bb locked=\u00bboff\u00bb global_colors_info=\u00bb{}\u00bb]Estuchadoras[\/et_pb_text][et_pb_text _builder_version=\u00bb4.16&#8243; _module_preset=\u00bbdefault\u00bb header_font=\u00bb|300|||||||\u00bb header_font_size=\u00bb16px\u00bb header_line_height=\u00bb1.3em\u00bb custom_padding=\u00bb8px|||||\u00bb locked=\u00bboff\u00bb global_colors_info=\u00bb{}\u00bb]<\/p>\n<h1>Estuchadoras para envasado autom\u00e1tico<\/h1>\n<p>[\/et_pb_text][et_pb_divider divider_weight=\u00bb6px\u00bb _builder_version=\u00bb4.16&#8243; width=\u00bb20%\u00bb global_colors_info=\u00bb{}\u00bb][\/et_pb_divider][\/et_pb_column][et_pb_column type=\u00bb1_2&#8243; _builder_version=\u00bb4.16&#8243; custom_padding=\u00bb|||\u00bb global_colors_info=\u00bb{}\u00bb custom_padding__hover=\u00bb|||\u00bb][\/et_pb_column][\/et_pb_row][\/et_pb_section][et_pb_section fb_built=\u00bb1&#8243; admin_label=\u00bbGallery\u00bb _builder_version=\u00bb4.16&#8243; background_enable_color=\u00bboff\u00bb background_color_gradient_direction=\u00bb90deg\u00bb width=\u00bb80%\u00bb module_alignment=\u00bbcenter\u00bb custom_padding=\u00bb30px||30px||true|\u00bb locked=\u00bboff\u00bb global_colors_info=\u00bb{}\u00bb][et_pb_row _builder_version=\u00bb4.16&#8243; _module_preset=\u00bbdefault\u00bb width=\u00bb90%\u00bb global_colors_info=\u00bb{}\u00bb][et_pb_column type=\u00bb4_4&#8243; _builder_version=\u00bb4.16&#8243; _module_preset=\u00bbdefault\u00bb global_colors_info=\u00bb{}\u00bb][et_pb_text _builder_version=\u00bb4.16&#8243; _module_preset=\u00bbdefault\u00bb global_colors_info=\u00bb{}\u00bb]Las <strong>estuchadoras<\/strong> para el envasado autom\u00e1tico Nima Erre.Ti Packaging han sido dise\u00f1adas para ser <strong>extremadamente compactas<\/strong> en comparaci\u00f3n con otras estuchadoras del mercado.<\/p>\n<p>Adem\u00e1s, su <strong>estructura<\/strong> <strong>en<\/strong> <strong>voladizo<\/strong> (estilo balc\u00f3n) garantiza en todos los modelos un f\u00e1cil acceso a la zona de trabajo, asegurando as\u00ed una <strong>r\u00e1pida limpieza e inspecci\u00f3n<\/strong>.<\/p>\n<p>Las estuchadoras para el envasado autom\u00e1tico est\u00e1n disponibles en <strong>versi\u00f3n horizontal<\/strong> de <strong>movimiento alterno<\/strong> y de <strong>movimiento<\/strong> <strong>continuo<\/strong>. Pronto estar\u00e1 disponible tambi\u00e9n la estuchadora vertical semiautom\u00e1tica.<\/p>\n<p>En particular, nuestras estuchadoras para el envasado autom\u00e1tico ofrecen una excelente flexibilidad en cuanto a los <strong>formatos<\/strong> de <strong>estuches que se pueden trabajar<\/strong> y las <strong>velocidades<\/strong> <strong>de producci\u00f3n,<\/strong> de hasta 15.000 piezas\/hora.<br \/>\nNuestras estuchadoras son m\u00e1quinas \u00fatiles para el envasado autom\u00e1tico de: tubos, frascos, bl\u00edsteres, potes y todo tipo de productos en los sectores farmac\u00e9utico, cosm\u00e9tico, alimentario y qu\u00edmico.[\/et_pb_text][\/et_pb_column][\/et_pb_row][et_pb_row column_structure=\u00bb1_2,1_2&#8243; use_custom_gutter=\u00bbon\u00bb gutter_width=\u00bb2&#8243; make_equal=\u00bbon\u00bb admin_label=\u00bbBest Beans Row\u00bb module_class=\u00bb et_pb_row_fullwidth\u00bb _builder_version=\u00bb4.16&#8243; width=\u00bb68%\u00bb width_tablet=\u00bb100%\u00bb width_phone=\u00bb\u00bb width_last_edited=\u00bbon|desktop\u00bb max_width=\u00bb100%\u00bb max_width_tablet=\u00bb100%\u00bb max_width_phone=\u00bb\u00bb max_width_last_edited=\u00bbon|desktop\u00bb custom_margin=\u00bb|||\u00bb make_fullwidth=\u00bbon\u00bb global_colors_info=\u00bb{}\u00bb][et_pb_column type=\u00bb1_2&#8243; _builder_version=\u00bb4.16&#8243; custom_padding=\u00bb|||\u00bb global_colors_info=\u00bb{}\u00bb custom_padding__hover=\u00bb|||\u00bb][et_pb_text _builder_version=\u00bb4.21.0&#8243; text_font=\u00bb|600|||||||\u00bb text_text_color=\u00bb#005da9&#8243; text_font_size=\u00bb25px\u00bb header_2_font=\u00bb|600|||||||\u00bb header_2_text_color=\u00bb#005da9&#8243; header_2_line_height=\u00bb1.4em\u00bb text_orientation=\u00bbcenter\u00bb link_option_url=\u00bb\/es\/estuchadoras-alternas\/\u00bb locked=\u00bboff\u00bb global_colors_info=\u00bb{}\u00bb]<\/p>\n<h2>Estuchadoras alternas<\/h2>\n<p>[\/et_pb_text][et_pb_image src=\u00bbhttps:\/\/www.nimaerreti.it\/wp-content\/uploads\/2020\/09\/Astucciatrici_Alternate_Nima_Erre_Ti_Packaging.jpg\u00bb alt=\u00bbAstucciatrici Alternate, Nima-Erre Ti Packaging\u00bb title_text=\u00bbAstucciatrici Alternate, Nima-Erre Ti Packaging\u00bb url=\u00bb\/es\/estuchadoras-alternas\/\u00bb show_bottom_space=\u00bboff\u00bb align=\u00bbcenter\u00bb align_tablet=\u00bbcenter\u00bb align_phone=\u00bb\u00bb align_last_edited=\u00bbon|desktop\u00bb _builder_version=\u00bb4.21.0&#8243; width=\u00bb80%\u00bb module_alignment=\u00bbcenter\u00bb custom_margin=\u00bb||14px|||\u00bb global_colors_info=\u00bb{}\u00bb filter_brightness__hover_enabled=\u00bbon|hover\u00bb filter_brightness__hover=\u00bb80%\u00bb][\/et_pb_image][et_pb_text _builder_version=\u00bb4.16&#8243; text_font=\u00bb||||||||\u00bb text_font_size=\u00bb12px\u00bb header_2_font=\u00bb|600|||||||\u00bb header_2_text_color=\u00bb#005da9&#8243; header_2_line_height=\u00bb1.4em\u00bb text_orientation=\u00bbcenter\u00bb module_alignment=\u00bbcenter\u00bb custom_margin=\u00bb||20px|||\u00bb link_option_url=\u00bb\/astucciatrici-alternate\/\u00bb global_colors_info=\u00bb{}\u00bb]<\/p>\n<p>Estuchadora alterna para el envasado autom\u00e1tico horizontal con cierre de los bordes mediante encastre o con pegamento.<\/p>\n<p>[\/et_pb_text][\/et_pb_column][et_pb_column type=\u00bb1_2&#8243; _builder_version=\u00bb4.16&#8243; custom_padding=\u00bb|||\u00bb global_colors_info=\u00bb{}\u00bb custom_padding__hover=\u00bb|||\u00bb][et_pb_text _builder_version=\u00bb4.21.0&#8243; text_font=\u00bb|600|||||||\u00bb text_text_color=\u00bb#005da9&#8243; text_font_size=\u00bb25px\u00bb header_2_font=\u00bb|600|||||||\u00bb header_2_text_color=\u00bb#005da9&#8243; header_2_line_height=\u00bb1.4em\u00bb text_orientation=\u00bbcenter\u00bb link_option_url=\u00bb\/es\/estuchadoras-continuas\/\u00bb locked=\u00bboff\u00bb global_colors_info=\u00bb{}\u00bb]<\/p>\n<h2>Estuchadoras continuas<\/h2>\n<p>[\/et_pb_text][et_pb_image src=\u00bbhttps:\/\/www.nimaerreti.it\/wp-content\/uploads\/2020\/09\/Astucciatrici-Continue-Nima-Erre-Ti-Packaging.jpg\u00bb alt=\u00bbAstucciatrici Continue, Nima-Erre Ti Packaging\u00bb title_text=\u00bbAstucciatrici Continue, Nima-Erre Ti Packaging\u00bb url=\u00bb\/es\/estuchadoras-continuas\/\u00bb show_bottom_space=\u00bboff\u00bb align=\u00bbcenter\u00bb align_tablet=\u00bbcenter\u00bb align_phone=\u00bb\u00bb align_last_edited=\u00bbon|desktop\u00bb _builder_version=\u00bb4.21.0&#8243; width=\u00bb80%\u00bb module_alignment=\u00bbcenter\u00bb custom_margin=\u00bb||14px|||\u00bb global_colors_info=\u00bb{}\u00bb filter_brightness__hover_enabled=\u00bbon|hover\u00bb filter_brightness__hover=\u00bb80%\u00bb][\/et_pb_image][et_pb_text _builder_version=\u00bb4.16&#8243; text_font=\u00bb||||||||\u00bb text_font_size=\u00bb12px\u00bb header_2_font=\u00bb|600|||||||\u00bb header_2_text_color=\u00bb#005da9&#8243; header_2_line_height=\u00bb1.4em\u00bb text_orientation=\u00bbcenter\u00bb module_alignment=\u00bbcenter\u00bb custom_margin=\u00bb||20px|||\u00bb link_option_url=\u00bb\/astucciatrici-continue\/\u00bb global_colors_info=\u00bb{}\u00bb]<\/p>\n<p>Estuchadora continua para el envasado autom\u00e1tico horizontal con cierre de los bordes mediante encastre o con pegamento.<\/p>\n<p>[\/et_pb_text][\/et_pb_column][\/et_pb_row][\/et_pb_section][et_pb_section fb_built=\u00bb1&#8243; _builder_version=\u00bb4.16&#8243; custom_padding=\u00bb2px||25px|||\u00bb global_colors_info=\u00bb{}\u00bb][et_pb_row _builder_version=\u00bb4.16&#8243; global_colors_info=\u00bb{}\u00bb][et_pb_column type=\u00bb4_4&#8243; _builder_version=\u00bb4.16&#8243; global_colors_info=\u00bb{}\u00bb][et_pb_button button_url=\u00bb\/es\/maquinas-y-soluciones\/\u00bb button_text=\u00bbIr a M\u00e1quinas y Soluciones \u00bb button_alignment=\u00bbcenter\u00bb _builder_version=\u00bb4.21.0&#8243; custom_button=\u00bbon\u00bb button_text_size=\u00bb20px\u00bb button_text_color=\u00bb#3d3d3d\u00bb button_border_width=\u00bb3px\u00bb button_border_color=\u00bb#e09900&#8243; button_border_radius=\u00bb15px\u00bb global_colors_info=\u00bb{}\u00bb][\/et_pb_button][\/et_pb_column][\/et_pb_row][\/et_pb_section][et_pb_section fb_built=\u00bb1&#8243; _builder_version=\u00bb4.16&#8243; custom_padding=\u00bb20px||20px||true|\u00bb saved_tabs=\u00bball\u00bb global_colors_info=\u00bb{}\u00bb][et_pb_row _builder_version=\u00bb4.16&#8243; global_colors_info=\u00bb{}\u00bb][et_pb_column type=\u00bb4_4&#8243; _builder_version=\u00bb4.16&#8243; global_colors_info=\u00bb{}\u00bb][et_pb_text _builder_version=\u00bb4.21.0&#8243; text_font_size=\u00bb12px\u00bb hover_enabled=\u00bb0&#8243; global_colors_info=\u00bb{}\u00bb sticky_enabled=\u00bb0&#8243;]<\/p>\n<p style=\"text-align: center;\"><a href=\"\/es\/maquinas-rotativas-llenadora-de-tubos\/\">M\u00e1quinas rotativas llenadora de tubos<\/a> | <a href=\"\/es\/maquinas-lineales-llenadora-de-tubos\/\">M\u00e1quinas lineales llenadora de tubos<\/a> | <a href=\"\/es\/deposito-de-tubos-de-alta-capacidad\/\">Dep\u00f3sito de tubos de alta capacidad<\/a> | <a href=\"\/es\/estuchadoras-alternas\/\">Estuchadoras alternas<\/a>\u00a0|\u00a0<a href=\"\/es\/estuchadoras-continuas\/\">Estuchadoras continuas<\/a> |\u00a0<a href=\"\/es\/desempolvadores-de-tabletas\/\">Desempolvadores de tabletas<\/a><\/p>\n<p>[\/et_pb_text][\/et_pb_column][\/et_pb_row][\/et_pb_section]<\/p>\n","protected":false},"excerpt":{"rendered":"<p>EstuchadorasEstuchadoras para envasado autom\u00e1ticoLas estuchadoras para el envasado autom\u00e1tico Nima Erre.Ti Packaging han sido dise\u00f1adas para ser extremadamente compactas en comparaci\u00f3n con otras estuchadoras del mercado. Adem\u00e1s, su estructura en voladizo (estilo balc\u00f3n) garantiza en todos los modelos un f\u00e1cil acceso a la zona de trabajo, asegurando as\u00ed una r\u00e1pida limpieza e inspecci\u00f3n. Las estuchadoras [&hellip;]<\/p>\n","protected":false},"author":1,"featured_media":0,"parent":0,"menu_order":0,"comment_status":"closed","ping_status":"closed","template":"","meta":{"_et_pb_use_builder":"on","_et_pb_old_content":"","_et_gb_content_width":""},"yoast_head":"<!-- This site is optimized with the Yoast SEO plugin v20.9 - https:\/\/yoast.com\/wordpress\/plugins\/seo\/ -->\n<title>Astucciatrici per Confezionamento Automatico - Prodotti - Nima Erre. Ti<\/title>\n<meta name=\"description\" content=\"Astucciatrici Compatte. Diverse Tipologie Disponibili di Macchine per il Packaging di Tubetti, Flaconi, Blister e Vasi. Scopri di pi\u00f9!\" \/>\n<meta name=\"robots\" content=\"index, follow, max-snippet:-1, max-image-preview:large, max-video-preview:-1\" \/>\n<link rel=\"canonical\" href=\"https:\/\/www.nimaerreti.it\/es\/estuchadoras\/\" \/>\n<meta property=\"og:locale\" content=\"es_ES\" \/>\n<meta property=\"og:type\" content=\"article\" \/>\n<meta property=\"og:title\" content=\"Astucciatrici per Confezionamento Automatico - Prodotti - Nima Erre. Ti\" \/>\n<meta property=\"og:description\" content=\"Astucciatrici Compatte. Diverse Tipologie Disponibili di Macchine per il Packaging di Tubetti, Flaconi, Blister e Vasi. Scopri di pi\u00f9!\" \/>\n<meta property=\"og:url\" content=\"https:\/\/www.nimaerreti.it\/es\/estuchadoras\/\" \/>\n<meta property=\"og:site_name\" content=\"NIMA-ERRE.TI\" \/>\n<meta property=\"article:modified_time\" content=\"2023-06-27T07:52:14+00:00\" \/>\n<meta name=\"twitter:card\" content=\"summary_large_image\" \/>\n<meta name=\"twitter:label1\" content=\"Tiempo de lectura\" \/>\n\t<meta name=\"twitter:data1\" content=\"3 minutos\" \/>\n<script type=\"application\/ld+json\" class=\"yoast-schema-graph\">{\"@context\":\"https:\/\/schema.org\",\"@graph\":[{\"@type\":\"WebPage\",\"@id\":\"https:\/\/www.nimaerreti.it\/es\/estuchadoras\/\",\"url\":\"https:\/\/www.nimaerreti.it\/es\/estuchadoras\/\",\"name\":\"Astucciatrici per Confezionamento Automatico - Prodotti - Nima Erre. Ti\",\"isPartOf\":{\"@id\":\"https:\/\/www.nimaerreti.it\/#website\"},\"datePublished\":\"2020-06-16T08:22:24+00:00\",\"dateModified\":\"2023-06-27T07:52:14+00:00\",\"description\":\"Astucciatrici Compatte. Diverse Tipologie Disponibili di Macchine per il Packaging di Tubetti, Flaconi, Blister e Vasi. Scopri di pi\u00f9!\",\"breadcrumb\":{\"@id\":\"https:\/\/www.nimaerreti.it\/es\/estuchadoras\/#breadcrumb\"},\"inLanguage\":\"es\",\"potentialAction\":[{\"@type\":\"ReadAction\",\"target\":[\"https:\/\/www.nimaerreti.it\/es\/estuchadoras\/\"]}]},{\"@type\":\"BreadcrumbList\",\"@id\":\"https:\/\/www.nimaerreti.it\/es\/estuchadoras\/#breadcrumb\",\"itemListElement\":[{\"@type\":\"ListItem\",\"position\":1,\"name\":\"Home\",\"item\":\"https:\/\/www.nimaerreti.it\/es\/\"},{\"@type\":\"ListItem\",\"position\":2,\"name\":\"Estuchadoras\"}]},{\"@type\":\"WebSite\",\"@id\":\"https:\/\/www.nimaerreti.it\/#website\",\"url\":\"https:\/\/www.nimaerreti.it\/\",\"name\":\"NIMA-ERRE.TI\",\"description\":\"Multiservice nel settore del confezionamento\",\"publisher\":{\"@id\":\"https:\/\/www.nimaerreti.it\/#organization\"},\"potentialAction\":[{\"@type\":\"SearchAction\",\"target\":{\"@type\":\"EntryPoint\",\"urlTemplate\":\"https:\/\/www.nimaerreti.it\/?s={search_term_string}\"},\"query-input\":\"required name=search_term_string\"}],\"inLanguage\":\"es\"},{\"@type\":\"Organization\",\"@id\":\"https:\/\/www.nimaerreti.it\/#organization\",\"name\":\"Nima-Erre.Ti Packaging\",\"url\":\"https:\/\/www.nimaerreti.it\/\",\"logo\":{\"@type\":\"ImageObject\",\"inLanguage\":\"es\",\"@id\":\"https:\/\/www.nimaerreti.it\/#\/schema\/logo\/image\/\",\"url\":\"https:\/\/www.nimaerreti.it\/wp-content\/uploads\/2020\/05\/Nima-Erre-Ti-logo-little-1.png\",\"contentUrl\":\"https:\/\/www.nimaerreti.it\/wp-content\/uploads\/2020\/05\/Nima-Erre-Ti-logo-little-1.png\",\"width\":350,\"height\":104,\"caption\":\"Nima-Erre.Ti Packaging\"},\"image\":{\"@id\":\"https:\/\/www.nimaerreti.it\/#\/schema\/logo\/image\/\"},\"sameAs\":[\"https:\/\/it.linkedin.com\/company\/nima-erre-ti-packaging-s-r-l\"]}]}<\/script>\n<!-- \/ Yoast SEO plugin. -->","yoast_head_json":{"title":"Astucciatrici per Confezionamento Automatico - Prodotti - Nima Erre. Ti","description":"Astucciatrici Compatte. Diverse Tipologie Disponibili di Macchine per il Packaging di Tubetti, Flaconi, Blister e Vasi. Scopri di pi\u00f9!","robots":{"index":"index","follow":"follow","max-snippet":"max-snippet:-1","max-image-preview":"max-image-preview:large","max-video-preview":"max-video-preview:-1"},"canonical":"https:\/\/www.nimaerreti.it\/es\/estuchadoras\/","og_locale":"es_ES","og_type":"article","og_title":"Astucciatrici per Confezionamento Automatico - Prodotti - Nima Erre. Ti","og_description":"Astucciatrici Compatte. Diverse Tipologie Disponibili di Macchine per il Packaging di Tubetti, Flaconi, Blister e Vasi. Scopri di pi\u00f9!","og_url":"https:\/\/www.nimaerreti.it\/es\/estuchadoras\/","og_site_name":"NIMA-ERRE.TI","article_modified_time":"2023-06-27T07:52:14+00:00","twitter_card":"summary_large_image","twitter_misc":{"Tiempo de lectura":"3 minutos"},"schema":{"@context":"https:\/\/schema.org","@graph":[{"@type":"WebPage","@id":"https:\/\/www.nimaerreti.it\/es\/estuchadoras\/","url":"https:\/\/www.nimaerreti.it\/es\/estuchadoras\/","name":"Astucciatrici per Confezionamento Automatico - Prodotti - Nima Erre. Ti","isPartOf":{"@id":"https:\/\/www.nimaerreti.it\/#website"},"datePublished":"2020-06-16T08:22:24+00:00","dateModified":"2023-06-27T07:52:14+00:00","description":"Astucciatrici Compatte. Diverse Tipologie Disponibili di Macchine per il Packaging di Tubetti, Flaconi, Blister e Vasi. Scopri di pi\u00f9!","breadcrumb":{"@id":"https:\/\/www.nimaerreti.it\/es\/estuchadoras\/#breadcrumb"},"inLanguage":"es","potentialAction":[{"@type":"ReadAction","target":["https:\/\/www.nimaerreti.it\/es\/estuchadoras\/"]}]},{"@type":"BreadcrumbList","@id":"https:\/\/www.nimaerreti.it\/es\/estuchadoras\/#breadcrumb","itemListElement":[{"@type":"ListItem","position":1,"name":"Home","item":"https:\/\/www.nimaerreti.it\/es\/"},{"@type":"ListItem","position":2,"name":"Estuchadoras"}]},{"@type":"WebSite","@id":"https:\/\/www.nimaerreti.it\/#website","url":"https:\/\/www.nimaerreti.it\/","name":"NIMA-ERRE.TI","description":"Multiservice nel settore del confezionamento","publisher":{"@id":"https:\/\/www.nimaerreti.it\/#organization"},"potentialAction":[{"@type":"SearchAction","target":{"@type":"EntryPoint","urlTemplate":"https:\/\/www.nimaerreti.it\/?s={search_term_string}"},"query-input":"required name=search_term_string"}],"inLanguage":"es"},{"@type":"Organization","@id":"https:\/\/www.nimaerreti.it\/#organization","name":"Nima-Erre.Ti Packaging","url":"https:\/\/www.nimaerreti.it\/","logo":{"@type":"ImageObject","inLanguage":"es","@id":"https:\/\/www.nimaerreti.it\/#\/schema\/logo\/image\/","url":"https:\/\/www.nimaerreti.it\/wp-content\/uploads\/2020\/05\/Nima-Erre-Ti-logo-little-1.png","contentUrl":"https:\/\/www.nimaerreti.it\/wp-content\/uploads\/2020\/05\/Nima-Erre-Ti-logo-little-1.png","width":350,"height":104,"caption":"Nima-Erre.Ti Packaging"},"image":{"@id":"https:\/\/www.nimaerreti.it\/#\/schema\/logo\/image\/"},"sameAs":["https:\/\/it.linkedin.com\/company\/nima-erre-ti-packaging-s-r-l"]}]}},"_links":{"self":[{"href":"https:\/\/www.nimaerreti.it\/es\/wp-json\/wp\/v2\/pages\/237104"}],"collection":[{"href":"https:\/\/www.nimaerreti.it\/es\/wp-json\/wp\/v2\/pages"}],"about":[{"href":"https:\/\/www.nimaerreti.it\/es\/wp-json\/wp\/v2\/types\/page"}],"author":[{"embeddable":true,"href":"https:\/\/www.nimaerreti.it\/es\/wp-json\/wp\/v2\/users\/1"}],"replies":[{"embeddable":true,"href":"https:\/\/www.nimaerreti.it\/es\/wp-json\/wp\/v2\/comments?post=237104"}],"version-history":[{"count":5,"href":"https:\/\/www.nimaerreti.it\/es\/wp-json\/wp\/v2\/pages\/237104\/revisions"}],"predecessor-version":[{"id":238231,"href":"https:\/\/www.nimaerreti.it\/es\/wp-json\/wp\/v2\/pages\/237104\/revisions\/238231"}],"wp:attachment":[{"href":"https:\/\/www.nimaerreti.it\/es\/wp-json\/wp\/v2\/media?parent=237104"}],"curies":[{"name":"wp","href":"https:\/\/api.w.org\/{rel}","templated":true}]}}