{"id":237082,"date":"2020-05-26T15:10:16","date_gmt":"2020-05-26T13:10:16","guid":{"rendered":"https:\/\/www.nimaerreti.it\/macchine-e-soluzioni\/"},"modified":"2023-06-27T09:48:53","modified_gmt":"2023-06-27T07:48:53","slug":"maquinas-y-soluciones","status":"publish","type":"page","link":"https:\/\/www.nimaerreti.it\/es\/maquinas-y-soluciones\/","title":{"rendered":"M\u00e1quinas y Soluciones"},"content":{"rendered":"<p>[et_pb_section fb_built=\u00bb1&#8243; admin_label=\u00bbLanding Hero\u00bb _builder_version=\u00bb4.16&#8243; background_image=\u00bbhttps:\/\/www.nimaerreti.it\/wp-content\/uploads\/2020\/10\/Nima-Erre.Ti-Packaging-Azienda-Sviluppo-Macchine-Confezionamento-Automatico_pc_tablet.jpg\u00bb custom_padding=\u00bb70px|0px|8px|0px||\u00bb animation_direction=\u00bbtop\u00bb background_last_edited=\u00bbon|tablet\u00bb background_image_tablet=\u00bbhttps:\/\/www.nimaerreti.it\/wp-content\/uploads\/2020\/10\/Nima-Erre.Ti-Packaging-Azienda-Sviluppo-Macchine-Confezionamento-Automatico_mobile.jpg\u00bb background_image_phone=\u00bbhttps:\/\/www.nimaerreti.it\/wp-content\/uploads\/2020\/10\/Nima-Erre.Ti-Packaging-Azienda-Sviluppo-Macchine-Confezionamento-Automatico_mobile.jpg\u00bb background_enable_image_tablet=\u00bbon\u00bb background_enable_image_phone=\u00bbon\u00bb locked=\u00bboff\u00bb global_colors_info=\u00bb{}\u00bb alt_tablet=\u00bbNima Erre.Ti Packaging, Azienda Sviluppo Macchine Confezionamento Automatico_mobile\u00bb title_text_tablet=\u00bbNima Erre.Ti Packaging, Azienda Sviluppo Macchine Confezionamento Automatico_mobile\u00bb alt_phone=\u00bbNima Erre.Ti Packaging, Azienda Sviluppo Macchine Confezionamento Automatico_mobile\u00bb title_text_phone=\u00bbNima Erre.Ti Packaging, Azienda Sviluppo Macchine Confezionamento Automatico_mobile\u00bb][et_pb_row column_structure=\u00bb1_2,1_2&#8243; _builder_version=\u00bb4.16&#8243; custom_margin=\u00bb|auto|20px|auto||\u00bb custom_width_px=\u00bb1280px\u00bb global_colors_info=\u00bb{}\u00bb][et_pb_column type=\u00bb1_2&#8243; _builder_version=\u00bb4.16&#8243; custom_padding=\u00bb|||\u00bb global_colors_info=\u00bb{}\u00bb custom_padding__hover=\u00bb|||\u00bb][et_pb_text _builder_version=\u00bb4.16&#8243; text_text_color=\u00bb#000000&#8243; text_font_size=\u00bb16px\u00bb text_line_height=\u00bb1.9em\u00bb locked=\u00bboff\u00bb global_colors_info=\u00bb{}\u00bb][\/et_pb_text][et_pb_text _builder_version=\u00bb4.16&#8243; text_font=\u00bb|700||on|||||\u00bb text_text_color=\u00bb#005da9&#8243; text_font_size=\u00bb40px\u00bb text_line_height=\u00bb1.3em\u00bb header_font=\u00bb|700|||||||\u00bb header_text_color=\u00bb#005da9&#8243; header_font_size=\u00bb40px\u00bb custom_margin=\u00bb||-1px||false|false\u00bb custom_padding=\u00bb|||\u00bb text_font_size_tablet=\u00bb\u00bb text_font_size_phone=\u00bb30px\u00bb text_font_size_last_edited=\u00bbon|phone\u00bb header_font_size_last_edited=\u00bboff|desktop\u00bb locked=\u00bboff\u00bb global_colors_info=\u00bb{}\u00bb]<\/p>\n<h1>M\u00e1quinas y soluciones<\/h1>\n<p>[\/et_pb_text][et_pb_text _builder_version=\u00bb4.16&#8243; _module_preset=\u00bbdefault\u00bb header_font=\u00bb|300|||||||\u00bb header_font_size=\u00bb16px\u00bb header_line_height=\u00bb1.3em\u00bb custom_padding=\u00bb8px|||||\u00bb locked=\u00bboff\u00bb global_colors_info=\u00bb{}\u00bb]<\/p>\n<h1>M\u00e1quinas para el envasado autom\u00e1tico<\/h1>\n<p>[\/et_pb_text][et_pb_divider divider_weight=\u00bb6px\u00bb _builder_version=\u00bb4.16&#8243; width=\u00bb20%\u00bb global_colors_info=\u00bb{}\u00bb][\/et_pb_divider][\/et_pb_column][et_pb_column type=\u00bb1_2&#8243; _builder_version=\u00bb4.16&#8243; custom_padding=\u00bb|||\u00bb global_colors_info=\u00bb{}\u00bb custom_padding__hover=\u00bb|||\u00bb][\/et_pb_column][\/et_pb_row][\/et_pb_section][et_pb_section fb_built=\u00bb1&#8243; admin_label=\u00bbGallery\u00bb _builder_version=\u00bb4.16&#8243; background_enable_color=\u00bboff\u00bb background_color_gradient_direction=\u00bb90deg\u00bb width=\u00bb80%\u00bb module_alignment=\u00bbcenter\u00bb custom_padding=\u00bb28px||28px||true|\u00bb locked=\u00bboff\u00bb global_colors_info=\u00bb{}\u00bb][et_pb_row _builder_version=\u00bb4.16&#8243; _module_preset=\u00bbdefault\u00bb width=\u00bb90%\u00bb locked=\u00bboff\u00bb global_colors_info=\u00bb{}\u00bb][et_pb_column type=\u00bb4_4&#8243; _builder_version=\u00bb4.16&#8243; _module_preset=\u00bbdefault\u00bb global_colors_info=\u00bb{}\u00bb][et_pb_text _builder_version=\u00bb4.16&#8243; _module_preset=\u00bbdefault\u00bb global_colors_info=\u00bb{}\u00bb]<\/p>\n<p>Siempre estamos buscando las mejores t\u00e9cnicas para el <strong>dise\u00f1o y la producci\u00f3n de m\u00e1quinas<\/strong> para el <strong>envasado autom\u00e1tico<\/strong> y <strong>soluciones de alto nivel<\/strong>. Con este objetivo, utilizamos <strong>tecnolog\u00edas<\/strong> y <strong>materiales de primera calidad<\/strong> para el desarrollo de nuestra maquinaria.<\/p>\n<p>En particular, construimos m\u00e1quinas para el envasado autom\u00e1tico para los sectores farmac\u00e9utico, cosm\u00e9tico, alimentario y qu\u00edmico.<\/p>\n<p>Contamos con un <strong>personal altamente cualificado<\/strong>. As\u00ed podemos garantizar la calidad de nuestras m\u00e1quinas de envasado y nuestros servicios en todas las etapas de desarrollo.<br \/>Desde el punto de vista de la <strong>seguridad<\/strong>, todas nuestras m\u00e1quinas y aplicaciones siempre se dise\u00f1an y fabrican de acuerdo con las <strong>Normas vigentes<\/strong> m\u00e1s actualizadas y las <strong>Directivas de Producto<\/strong> pertinentes. Todos nuestros productos est\u00e1n certificados.<\/p>\n<p>Desarrollamos m\u00e1quinas para el envasado autom\u00e1tico de <strong>primera categor\u00eda<\/strong> como: <strong>m\u00e1quinas llenadora de tubos, estuchadoras,\u00a0desempolvadores de tabletas,\u00a0llenadoras<\/strong>\u00a0y mucho m\u00e1s.<\/p>\n<p>[\/et_pb_text][\/et_pb_column][\/et_pb_row][et_pb_row column_structure=\u00bb1_3,1_3,1_3&#8243; use_custom_gutter=\u00bbon\u00bb gutter_width=\u00bb2&#8243; make_equal=\u00bbon\u00bb admin_label=\u00bbBest Beans Row\u00bb module_class=\u00bb et_pb_row_fullwidth\u00bb _builder_version=\u00bb4.16&#8243; width=\u00bb100%\u00bb width_tablet=\u00bb100%\u00bb width_phone=\u00bb\u00bb width_last_edited=\u00bbon|desktop\u00bb max_width=\u00bb100%\u00bb max_width_tablet=\u00bb100%\u00bb max_width_phone=\u00bb\u00bb max_width_last_edited=\u00bbon|desktop\u00bb custom_margin=\u00bb|||\u00bb make_fullwidth=\u00bbon\u00bb global_colors_info=\u00bb{}\u00bb][et_pb_column type=\u00bb1_3&#8243; _builder_version=\u00bb4.16&#8243; custom_padding=\u00bb|||\u00bb global_colors_info=\u00bb{}\u00bb custom_padding__hover=\u00bb|||\u00bb][et_pb_text _builder_version=\u00bb4.21.0&#8243; text_font=\u00bb|600|||||||\u00bb text_text_color=\u00bb#005da9&#8243; text_font_size=\u00bb25px\u00bb header_2_font=\u00bb|600|||||||\u00bb header_2_text_color=\u00bb#005da9&#8243; header_2_line_height=\u00bb1.4em\u00bb text_orientation=\u00bbcenter\u00bb link_option_url=\u00bb\/es\/maquinas-llenadora-de-tubos\/\u00bb locked=\u00bboff\u00bb global_colors_info=\u00bb{}\u00bb]<\/p>\n<h2>M\u00e1quinas llenadora de tubos para envasado<\/h2>\n<p>[\/et_pb_text][et_pb_image src=\u00bbhttps:\/\/www.nimaerreti.it\/wp-content\/uploads\/2020\/09\/Intubettatrici-Macchine-e-Soluzioni-Nima-Erre-Ti-Packaging.jpg\u00bb alt=\u00bbIntubettatrici, Macchine e Soluzioni Nima Erre.Ti Packaging\u00bb title_text=\u00bbIntubettatrici, Macchine e Soluzioni Nima Erre.Ti Packaging\u00bb url=\u00bb\/es\/maquinas-llenadora-de-tubos\/\u00bb show_bottom_space=\u00bboff\u00bb align=\u00bbcenter\u00bb align_tablet=\u00bbcenter\u00bb align_phone=\u00bb\u00bb align_last_edited=\u00bbon|desktop\u00bb _builder_version=\u00bb4.21.0&#8243; width=\u00bb80%\u00bb module_alignment=\u00bbcenter\u00bb custom_margin=\u00bb||14px|||\u00bb global_colors_info=\u00bb{}\u00bb filter_brightness__hover_enabled=\u00bbon|hover\u00bb filter_brightness__hover=\u00bb80%\u00bb src__hover_enabled=\u00bboff|desktop\u00bb background__hover_enabled=\u00bboff|desktop\u00bb][\/et_pb_image][et_pb_text _builder_version=\u00bb4.16&#8243; text_font_size=\u00bb12px\u00bb background_enable_color=\u00bboff\u00bb width=\u00bb80%\u00bb module_alignment=\u00bbcenter\u00bb global_colors_info=\u00bb{}\u00bb]<\/p>\n<p>M\u00e1quinas de llenado y cierre de tubos: m\u00e1quinas de envasado autom\u00e1ticas y semiautom\u00e1ticas, hasta 24.000 piezas\/hora.<\/p>\n<p>[\/et_pb_text][\/et_pb_column][et_pb_column type=\u00bb1_3&#8243; _builder_version=\u00bb4.16&#8243; custom_padding=\u00bb|||\u00bb global_colors_info=\u00bb{}\u00bb custom_padding__hover=\u00bb|||\u00bb][et_pb_text _builder_version=\u00bb4.21.0&#8243; text_font=\u00bb|600|||||||\u00bb text_text_color=\u00bb#005da9&#8243; text_font_size=\u00bb25px\u00bb header_2_font=\u00bb|600|||||||\u00bb header_2_text_color=\u00bb#005da9&#8243; header_2_line_height=\u00bb1.4em\u00bb text_orientation=\u00bbcenter\u00bb link_option_url=\u00bb\/es\/estuchadoras\/\u00bb locked=\u00bboff\u00bb global_colors_info=\u00bb{}\u00bb]<\/p>\n<h2>Estuchadoras para<br \/>envasado<\/h2>\n<p>[\/et_pb_text][et_pb_image src=\u00bbhttps:\/\/www.nimaerreti.it\/wp-content\/uploads\/2020\/09\/Astucciatrici-Macchine-e-Soluzioni-Nima-Erre-Ti-Packaging.jpg\u00bb alt=\u00bbAstucciatrici, Macchine e Soluzioni Nima Erre.Ti Packaging\u00bb title_text=\u00bbAstucciatrici, Macchine e Soluzioni Nima Erre.Ti Packaging\u00bb url=\u00bb\/es\/estuchadoras\/\u00bb show_bottom_space=\u00bboff\u00bb align=\u00bbcenter\u00bb align_tablet=\u00bbcenter\u00bb align_phone=\u00bb\u00bb align_last_edited=\u00bbon|desktop\u00bb _builder_version=\u00bb4.21.0&#8243; width=\u00bb80%\u00bb module_alignment=\u00bbcenter\u00bb custom_margin=\u00bb||14px|||\u00bb global_colors_info=\u00bb{}\u00bb filter_brightness__hover_enabled=\u00bbon|hover\u00bb filter_brightness__hover=\u00bb80%\u00bb][\/et_pb_image][et_pb_text _builder_version=\u00bb4.16&#8243; text_font_size=\u00bb12px\u00bb background_enable_color=\u00bboff\u00bb width=\u00bb80%\u00bb module_alignment=\u00bbcenter\u00bb global_colors_info=\u00bb{}\u00bb]<\/p>\n<p>Estuchadoras: m\u00e1quinas para el envasado autom\u00e1ticas y semiautom\u00e1ticas, hasta 15.000 piezas\/hora.<\/p>\n<p>[\/et_pb_text][\/et_pb_column][et_pb_column type=\u00bb1_3&#8243; _builder_version=\u00bb4.16&#8243; custom_padding=\u00bb|||\u00bb global_colors_info=\u00bb{}\u00bb custom_padding__hover=\u00bb|||\u00bb][et_pb_text _builder_version=\u00bb4.21.0&#8243; text_font=\u00bb|600|||||||\u00bb text_text_color=\u00bb#005da9&#8243; text_font_size=\u00bb25px\u00bb header_2_font=\u00bb|600|||||||\u00bb header_2_text_color=\u00bb#005da9&#8243; header_2_line_height=\u00bb1.4em\u00bb text_orientation=\u00bbcenter\u00bb link_option_url=\u00bb\/es\/desempolvadores-de-tabletas\/\u00bb locked=\u00bboff\u00bb global_colors_info=\u00bb{}\u00bb]<\/p>\n<h2>Desempolvadores<br \/>de tabletas<\/h2>\n<p>[\/et_pb_text][et_pb_image src=\u00bbhttps:\/\/www.nimaerreti.it\/wp-content\/uploads\/2020\/09\/Depolverizzatori-Compresse-Macchine-e-Soluzioni-Nima-Erre-Ti-Packaging.jpg\u00bb alt=\u00bbDepolverizzatori Compresse, Macchine e Soluzioni Nima Erre.Ti Packaging\u00bb title_text=\u00bbDepolverizzatori Compresse, Macchine e Soluzioni Nima Erre.Ti Packaging\u00bb url=\u00bb\/es\/desempolvadores-de-tabletas\/\u00bb show_bottom_space=\u00bboff\u00bb align=\u00bbcenter\u00bb align_tablet=\u00bbcenter\u00bb align_phone=\u00bb\u00bb align_last_edited=\u00bbon|desktop\u00bb _builder_version=\u00bb4.21.0&#8243; width=\u00bb80%\u00bb module_alignment=\u00bbcenter\u00bb custom_margin=\u00bb||14px|||\u00bb global_colors_info=\u00bb{}\u00bb filter_brightness__hover_enabled=\u00bbon|hover\u00bb filter_brightness__hover=\u00bb80%\u00bb][\/et_pb_image][et_pb_text _builder_version=\u00bb4.16&#8243; text_font_size=\u00bb12px\u00bb background_enable_color=\u00bboff\u00bb width=\u00bb80%\u00bb module_alignment=\u00bbcenter\u00bb global_colors_info=\u00bb{}\u00bb]<\/p>\n<p>Limpieza de tabletas y recuperaci\u00f3n de polvo despu\u00e9s de la prensa de tabletas, hasta 350.000 piezas\/hora.<\/p>\n<p>[\/et_pb_text][\/et_pb_column][\/et_pb_row][\/et_pb_section][et_pb_section fb_built=\u00bb1&#8243; disabled_on=\u00bboff|off|off\u00bb _builder_version=\u00bb4.16&#8243; custom_padding=\u00bb1px|||||\u00bb global_colors_info=\u00bb{}\u00bb][et_pb_row _builder_version=\u00bb4.16&#8243; width=\u00bb90%\u00bb global_colors_info=\u00bb{}\u00bb][et_pb_column type=\u00bb4_4&#8243; _builder_version=\u00bb4.16&#8243; global_colors_info=\u00bb{}\u00bb][et_pb_divider divider_weight=\u00bb4px\u00bb _builder_version=\u00bb4.16&#8243; width=\u00bb100%\u00bb global_colors_info=\u00bb{}\u00bb][\/et_pb_divider][\/et_pb_column][\/et_pb_row][et_pb_row column_structure=\u00bb1_2,1_2&#8243; _builder_version=\u00bb4.16&#8243; global_colors_info=\u00bb{}\u00bb][et_pb_column type=\u00bb1_2&#8243; _builder_version=\u00bb4.16&#8243; global_colors_info=\u00bb{}\u00bb][et_pb_image src=\u00bbhttps:\/\/www.nimaerreti.it\/wp-content\/uploads\/2020\/09\/Macchine-Automatiche-per-il-Confezionamento-Usate-Nima-Erre-Ti-Packaging.jpg\u00bb alt=\u00bbMacchine Automatiche per il Confezionamento Usate, Nima Erre.Ti Packaging\u00bb title_text=\u00bbMacchine Automatiche per il Confezionamento Usate, Nima Erre.Ti Packaging\u00bb _builder_version=\u00bb4.16&#8243; custom_padding=\u00bb|77px|0px|||\u00bb box_shadow_style=\u00bbpreset1&#8243; box_shadow_vertical=\u00bb7px\u00bb box_shadow_blur=\u00bb10px\u00bb box_shadow_spread=\u00bb-2px\u00bb global_colors_info=\u00bb{}\u00bb][\/et_pb_image][\/et_pb_column][et_pb_column type=\u00bb1_2&#8243; _builder_version=\u00bb4.16&#8243; global_colors_info=\u00bb{}\u00bb][et_pb_text _builder_version=\u00bb4.16&#8243; text_font=\u00bb|600|||||||\u00bb text_text_color=\u00bb#005da9&#8243; text_font_size=\u00bb25px\u00bb header_2_font=\u00bb|600|||||||\u00bb header_2_text_color=\u00bb#005da9&#8243; header_2_line_height=\u00bb1.4em\u00bb locked=\u00bboff\u00bb global_colors_info=\u00bb{}\u00bb]<\/p>\n<h2>M\u00e1quinas para el envasado autom\u00e1tico usadas<\/h2>\n<p>[\/et_pb_text][et_pb_text _builder_version=\u00bb4.16&#8243; custom_padding=\u00bb5px|||||\u00bb global_colors_info=\u00bb{}\u00bb]<\/p>\n<p>Amplia <strong>selecci\u00f3n constantemente actualizada de m\u00e1quinas para el envasado autom\u00e1tico multimarca usadas.<\/strong><\/p>\n<p>[\/et_pb_text][et_pb_button button_url=\u00bb\/es\/maquinas-usadas\/\u00bb button_text=\u00bbIr a M\u00e1quinas Usadas \u00bb button_alignment=\u00bbleft\u00bb _builder_version=\u00bb4.21.0&#8243; custom_button=\u00bbon\u00bb button_text_size=\u00bb20px\u00bb button_text_color=\u00bb#3d3d3d\u00bb button_border_width=\u00bb3px\u00bb button_border_color=\u00bb#e09900&#8243; button_border_radius=\u00bb15px\u00bb global_colors_info=\u00bb{}\u00bb][\/et_pb_button][\/et_pb_column][\/et_pb_row][\/et_pb_section][et_pb_section fb_built=\u00bb1&#8243; _builder_version=\u00bb4.16&#8243; custom_padding=\u00bb20px||20px||true|\u00bb saved_tabs=\u00bball\u00bb global_colors_info=\u00bb{}\u00bb][et_pb_row _builder_version=\u00bb4.16&#8243; global_colors_info=\u00bb{}\u00bb][et_pb_column type=\u00bb4_4&#8243; _builder_version=\u00bb4.16&#8243; global_colors_info=\u00bb{}\u00bb][et_pb_text _builder_version=\u00bb4.21.0&#8243; text_font_size=\u00bb12px\u00bb hover_enabled=\u00bb0&#8243; global_colors_info=\u00bb{}\u00bb sticky_enabled=\u00bb0&#8243;]<\/p>\n<p style=\"text-align: center;\"><a href=\"\/es\/maquinas-rotativas-llenadora-de-tubos\/\">M\u00e1quinas rotativas llenadora de tubos<\/a> | <a href=\"\/es\/maquinas-lineales-llenadora-de-tubos\/\">M\u00e1quinas lineales llenadora de tubos<\/a> | <a href=\"\/es\/deposito-de-tubos-de-alta-capacidad\/\">Dep\u00f3sito de tubos de alta capacidad<\/a> | <a href=\"\/es\/estuchadoras-alternas\/\">Estuchadoras alternas<\/a>\u00a0|\u00a0<a href=\"\/es\/estuchadoras-continuas\/\">Estuchadoras continuas<\/a> |\u00a0<a href=\"\/es\/desempolvadores-de-tabletas\/\">Desempolvadores de tabletas<\/a><\/p>\n<p>[\/et_pb_text][\/et_pb_column][\/et_pb_row][\/et_pb_section]<\/p>\n","protected":false},"excerpt":{"rendered":"<p>M\u00e1quinas y solucionesM\u00e1quinas para el envasado autom\u00e1ticoSiempre estamos buscando las mejores t\u00e9cnicas para el dise\u00f1o y la producci\u00f3n de m\u00e1quinas para el envasado autom\u00e1tico y soluciones de alto nivel. Con este objetivo, utilizamos tecnolog\u00edas y materiales de primera calidad para el desarrollo de nuestra maquinaria. En particular, construimos m\u00e1quinas para el envasado autom\u00e1tico para los [&hellip;]<\/p>\n","protected":false},"author":1,"featured_media":0,"parent":0,"menu_order":0,"comment_status":"closed","ping_status":"closed","template":"","meta":{"_et_pb_use_builder":"on","_et_pb_old_content":"","_et_gb_content_width":""},"yoast_head":"<!-- This site is optimized with the Yoast SEO plugin v20.9 - https:\/\/yoast.com\/wordpress\/plugins\/seo\/ -->\n<title>Macchine Automatiche per Confezionamento - Prodotti - Nima Erre. Ti<\/title>\n<meta name=\"description\" content=\"Macchine Automatiche per Confezionamento. L&#039;Azienda Produce Soluzioni di Alto Livello con Tecnologie e Materiali di Prima Qualit\u00e0. Scopri!\" \/>\n<meta name=\"robots\" content=\"index, follow, max-snippet:-1, max-image-preview:large, max-video-preview:-1\" \/>\n<link rel=\"canonical\" href=\"https:\/\/www.nimaerreti.it\/es\/maquinas-y-soluciones\/\" \/>\n<meta property=\"og:locale\" content=\"es_ES\" \/>\n<meta property=\"og:type\" content=\"article\" \/>\n<meta property=\"og:title\" content=\"Macchine Automatiche per Confezionamento - Prodotti - Nima Erre. Ti\" \/>\n<meta property=\"og:description\" content=\"Macchine Automatiche per Confezionamento. L&#039;Azienda Produce Soluzioni di Alto Livello con Tecnologie e Materiali di Prima Qualit\u00e0. Scopri!\" \/>\n<meta property=\"og:url\" content=\"https:\/\/www.nimaerreti.it\/es\/maquinas-y-soluciones\/\" \/>\n<meta property=\"og:site_name\" content=\"NIMA-ERRE.TI\" \/>\n<meta property=\"article:modified_time\" content=\"2023-06-27T07:48:53+00:00\" \/>\n<meta name=\"twitter:card\" content=\"summary_large_image\" \/>\n<meta name=\"twitter:label1\" content=\"Tiempo de lectura\" \/>\n\t<meta name=\"twitter:data1\" content=\"4 minutos\" \/>\n<script type=\"application\/ld+json\" class=\"yoast-schema-graph\">{\"@context\":\"https:\/\/schema.org\",\"@graph\":[{\"@type\":\"WebPage\",\"@id\":\"https:\/\/www.nimaerreti.it\/es\/maquinas-y-soluciones\/\",\"url\":\"https:\/\/www.nimaerreti.it\/es\/maquinas-y-soluciones\/\",\"name\":\"Macchine Automatiche per Confezionamento - Prodotti - Nima Erre. Ti\",\"isPartOf\":{\"@id\":\"https:\/\/www.nimaerreti.it\/#website\"},\"datePublished\":\"2020-05-26T13:10:16+00:00\",\"dateModified\":\"2023-06-27T07:48:53+00:00\",\"description\":\"Macchine Automatiche per Confezionamento. L'Azienda Produce Soluzioni di Alto Livello con Tecnologie e Materiali di Prima Qualit\u00e0. Scopri!\",\"breadcrumb\":{\"@id\":\"https:\/\/www.nimaerreti.it\/es\/maquinas-y-soluciones\/#breadcrumb\"},\"inLanguage\":\"es\",\"potentialAction\":[{\"@type\":\"ReadAction\",\"target\":[\"https:\/\/www.nimaerreti.it\/es\/maquinas-y-soluciones\/\"]}]},{\"@type\":\"BreadcrumbList\",\"@id\":\"https:\/\/www.nimaerreti.it\/es\/maquinas-y-soluciones\/#breadcrumb\",\"itemListElement\":[{\"@type\":\"ListItem\",\"position\":1,\"name\":\"Home\",\"item\":\"https:\/\/www.nimaerreti.it\/es\/\"},{\"@type\":\"ListItem\",\"position\":2,\"name\":\"M\u00e1quinas y Soluciones\"}]},{\"@type\":\"WebSite\",\"@id\":\"https:\/\/www.nimaerreti.it\/#website\",\"url\":\"https:\/\/www.nimaerreti.it\/\",\"name\":\"NIMA-ERRE.TI\",\"description\":\"Multiservice nel settore del confezionamento\",\"publisher\":{\"@id\":\"https:\/\/www.nimaerreti.it\/#organization\"},\"potentialAction\":[{\"@type\":\"SearchAction\",\"target\":{\"@type\":\"EntryPoint\",\"urlTemplate\":\"https:\/\/www.nimaerreti.it\/?s={search_term_string}\"},\"query-input\":\"required name=search_term_string\"}],\"inLanguage\":\"es\"},{\"@type\":\"Organization\",\"@id\":\"https:\/\/www.nimaerreti.it\/#organization\",\"name\":\"Nima-Erre.Ti Packaging\",\"url\":\"https:\/\/www.nimaerreti.it\/\",\"logo\":{\"@type\":\"ImageObject\",\"inLanguage\":\"es\",\"@id\":\"https:\/\/www.nimaerreti.it\/#\/schema\/logo\/image\/\",\"url\":\"https:\/\/www.nimaerreti.it\/wp-content\/uploads\/2020\/05\/Nima-Erre-Ti-logo-little-1.png\",\"contentUrl\":\"https:\/\/www.nimaerreti.it\/wp-content\/uploads\/2020\/05\/Nima-Erre-Ti-logo-little-1.png\",\"width\":350,\"height\":104,\"caption\":\"Nima-Erre.Ti Packaging\"},\"image\":{\"@id\":\"https:\/\/www.nimaerreti.it\/#\/schema\/logo\/image\/\"},\"sameAs\":[\"https:\/\/it.linkedin.com\/company\/nima-erre-ti-packaging-s-r-l\"]}]}<\/script>\n<!-- \/ Yoast SEO plugin. -->","yoast_head_json":{"title":"Macchine Automatiche per Confezionamento - Prodotti - Nima Erre. Ti","description":"Macchine Automatiche per Confezionamento. L'Azienda Produce Soluzioni di Alto Livello con Tecnologie e Materiali di Prima Qualit\u00e0. Scopri!","robots":{"index":"index","follow":"follow","max-snippet":"max-snippet:-1","max-image-preview":"max-image-preview:large","max-video-preview":"max-video-preview:-1"},"canonical":"https:\/\/www.nimaerreti.it\/es\/maquinas-y-soluciones\/","og_locale":"es_ES","og_type":"article","og_title":"Macchine Automatiche per Confezionamento - Prodotti - Nima Erre. Ti","og_description":"Macchine Automatiche per Confezionamento. L'Azienda Produce Soluzioni di Alto Livello con Tecnologie e Materiali di Prima Qualit\u00e0. Scopri!","og_url":"https:\/\/www.nimaerreti.it\/es\/maquinas-y-soluciones\/","og_site_name":"NIMA-ERRE.TI","article_modified_time":"2023-06-27T07:48:53+00:00","twitter_card":"summary_large_image","twitter_misc":{"Tiempo de lectura":"4 minutos"},"schema":{"@context":"https:\/\/schema.org","@graph":[{"@type":"WebPage","@id":"https:\/\/www.nimaerreti.it\/es\/maquinas-y-soluciones\/","url":"https:\/\/www.nimaerreti.it\/es\/maquinas-y-soluciones\/","name":"Macchine Automatiche per Confezionamento - Prodotti - Nima Erre. Ti","isPartOf":{"@id":"https:\/\/www.nimaerreti.it\/#website"},"datePublished":"2020-05-26T13:10:16+00:00","dateModified":"2023-06-27T07:48:53+00:00","description":"Macchine Automatiche per Confezionamento. L'Azienda Produce Soluzioni di Alto Livello con Tecnologie e Materiali di Prima Qualit\u00e0. Scopri!","breadcrumb":{"@id":"https:\/\/www.nimaerreti.it\/es\/maquinas-y-soluciones\/#breadcrumb"},"inLanguage":"es","potentialAction":[{"@type":"ReadAction","target":["https:\/\/www.nimaerreti.it\/es\/maquinas-y-soluciones\/"]}]},{"@type":"BreadcrumbList","@id":"https:\/\/www.nimaerreti.it\/es\/maquinas-y-soluciones\/#breadcrumb","itemListElement":[{"@type":"ListItem","position":1,"name":"Home","item":"https:\/\/www.nimaerreti.it\/es\/"},{"@type":"ListItem","position":2,"name":"M\u00e1quinas y Soluciones"}]},{"@type":"WebSite","@id":"https:\/\/www.nimaerreti.it\/#website","url":"https:\/\/www.nimaerreti.it\/","name":"NIMA-ERRE.TI","description":"Multiservice nel settore del confezionamento","publisher":{"@id":"https:\/\/www.nimaerreti.it\/#organization"},"potentialAction":[{"@type":"SearchAction","target":{"@type":"EntryPoint","urlTemplate":"https:\/\/www.nimaerreti.it\/?s={search_term_string}"},"query-input":"required name=search_term_string"}],"inLanguage":"es"},{"@type":"Organization","@id":"https:\/\/www.nimaerreti.it\/#organization","name":"Nima-Erre.Ti Packaging","url":"https:\/\/www.nimaerreti.it\/","logo":{"@type":"ImageObject","inLanguage":"es","@id":"https:\/\/www.nimaerreti.it\/#\/schema\/logo\/image\/","url":"https:\/\/www.nimaerreti.it\/wp-content\/uploads\/2020\/05\/Nima-Erre-Ti-logo-little-1.png","contentUrl":"https:\/\/www.nimaerreti.it\/wp-content\/uploads\/2020\/05\/Nima-Erre-Ti-logo-little-1.png","width":350,"height":104,"caption":"Nima-Erre.Ti Packaging"},"image":{"@id":"https:\/\/www.nimaerreti.it\/#\/schema\/logo\/image\/"},"sameAs":["https:\/\/it.linkedin.com\/company\/nima-erre-ti-packaging-s-r-l"]}]}},"_links":{"self":[{"href":"https:\/\/www.nimaerreti.it\/es\/wp-json\/wp\/v2\/pages\/237082"}],"collection":[{"href":"https:\/\/www.nimaerreti.it\/es\/wp-json\/wp\/v2\/pages"}],"about":[{"href":"https:\/\/www.nimaerreti.it\/es\/wp-json\/wp\/v2\/types\/page"}],"author":[{"embeddable":true,"href":"https:\/\/www.nimaerreti.it\/es\/wp-json\/wp\/v2\/users\/1"}],"replies":[{"embeddable":true,"href":"https:\/\/www.nimaerreti.it\/es\/wp-json\/wp\/v2\/comments?post=237082"}],"version-history":[{"count":5,"href":"https:\/\/www.nimaerreti.it\/es\/wp-json\/wp\/v2\/pages\/237082\/revisions"}],"predecessor-version":[{"id":238225,"href":"https:\/\/www.nimaerreti.it\/es\/wp-json\/wp\/v2\/pages\/237082\/revisions\/238225"}],"wp:attachment":[{"href":"https:\/\/www.nimaerreti.it\/es\/wp-json\/wp\/v2\/media?parent=237082"}],"curies":[{"name":"wp","href":"https:\/\/api.w.org\/{rel}","templated":true}]}}