{"id":237171,"date":"2020-06-16T10:24:25","date_gmt":"2020-06-16T08:24:25","guid":{"rendered":"https:\/\/www.nimaerreti.it\/astucciatrici-alternate\/"},"modified":"2023-06-23T17:02:59","modified_gmt":"2023-06-23T15:02:59","slug":"kartonierer-mit-alternierender-bewegung","status":"publish","type":"page","link":"https:\/\/www.nimaerreti.it\/de\/kartonierer-mit-alternierender-bewegung\/","title":{"rendered":"Kartonierer mit alternierender bewegung"},"content":{"rendered":"<p>[et_pb_section fb_built=&#8220;1&#8243; admin_label=&#8220;Landing Hero&#8220; _builder_version=&#8220;4.16&#8243; background_image=&#8220;https:\/\/www.nimaerreti.it\/wp-content\/uploads\/2020\/10\/Astucciatrici-per-Confezionamento-Automatico-Nima-Erre.Ti-Packaging_pc.jpg&#8220; custom_padding=&#8220;70px|0px|8px|0px||&#8220; animation_direction=&#8220;top&#8220; background_last_edited=&#8220;on|phone&#8220; background_image_tablet=&#8220;https:\/\/www.nimaerreti.it\/wp-content\/uploads\/2020\/10\/Astucciatrici-per-Confezionamento-Automatico-Nima-Erre.Ti-Packaging_tablet_mobile.jpg&#8220; background_enable_image_tablet=&#8220;on&#8220; background_position_tablet=&#8220;center_right&#8220; locked=&#8220;off&#8220; global_colors_info=&#8220;{}&#8220; alt_tablet=&#8220;Astucciatrici per Confezionamento Automatico, Nima Erre.Ti Packaging&#8220; title_text_tablet=&#8220;Astucciatrici per Confezionamento Automatico, Nima Erre.Ti Packaging&#8220;][et_pb_row column_structure=&#8220;1_2,1_2&#8243; _builder_version=&#8220;4.16&#8243; custom_margin=&#8220;|auto|20px|auto||&#8220; custom_width_px=&#8220;1280px&#8220; locked=&#8220;off&#8220; global_colors_info=&#8220;{}&#8220;][et_pb_column type=&#8220;1_2&#8243; _builder_version=&#8220;4.16&#8243; custom_padding=&#8220;|||&#8220; global_colors_info=&#8220;{}&#8220; custom_padding__hover=&#8220;|||&#8220;][et_pb_text _builder_version=&#8220;4.16&#8243; text_text_color=&#8220;#000000&#8243; text_font_size=&#8220;16px&#8220; text_line_height=&#8220;1.9em&#8220; locked=&#8220;off&#8220; global_colors_info=&#8220;{}&#8220;][\/et_pb_text][et_pb_text _builder_version=&#8220;4.16&#8243; text_font=&#8220;|700||on|||||&#8220; text_text_color=&#8220;#005da9&#8243; text_font_size=&#8220;30px&#8220; text_line_height=&#8220;1.3em&#8220; header_font=&#8220;|700|||||||&#8220; header_text_color=&#8220;#005da9&#8243; header_font_size=&#8220;40px&#8220; custom_margin=&#8220;||-1px||false|false&#8220; custom_padding=&#8220;|||&#8220; text_font_size_tablet=&#8220;&#8220; text_font_size_phone=&#8220;20px&#8220; text_font_size_last_edited=&#8220;on|phone&#8220; header_font_size_last_edited=&#8220;off|desktop&#8220; locked=&#8220;off&#8220; global_colors_info=&#8220;{}&#8220;]<\/p>\n<p>KARTONIERER MIT ALTERNIERENDER BEWEGUNG<\/p>\n<p>[\/et_pb_text][et_pb_text _builder_version=&#8220;4.16&#8243; _module_preset=&#8220;default&#8220; header_font=&#8220;|300|||||||&#8220; header_font_size=&#8220;16px&#8220; header_line_height=&#8220;1.3em&#8220; custom_padding=&#8220;8px|||||&#8220; locked=&#8220;off&#8220; global_colors_info=&#8220;{}&#8220;]<\/p>\n<h1>Kartonierer mit alternierender Bewegung zur automatischen Verpackung<\/h1>\n<p>[\/et_pb_text][et_pb_divider divider_weight=&#8220;6px&#8220; _builder_version=&#8220;4.16&#8243; width=&#8220;20%&#8220; global_colors_info=&#8220;{}&#8220;][\/et_pb_divider][\/et_pb_column][et_pb_column type=&#8220;1_2&#8243; _builder_version=&#8220;4.16&#8243; custom_padding=&#8220;|||&#8220; global_colors_info=&#8220;{}&#8220; custom_padding__hover=&#8220;|||&#8220;][\/et_pb_column][\/et_pb_row][\/et_pb_section][et_pb_section fb_built=&#8220;1&#8243; _builder_version=&#8220;4.16&#8243; background_color=&#8220;#f4f4f4&#8243; background_enable_image=&#8220;off&#8220; parallax=&#8220;on&#8220; parallax_method=&#8220;off&#8220; custom_margin=&#8220;0px||0px||false|false&#8220; custom_padding=&#8220;0px||0px||true|&#8220; global_colors_info=&#8220;{}&#8220;][et_pb_row _builder_version=&#8220;4.16&#8243; width=&#8220;90%&#8220; custom_padding=&#8220;5px||5px||true|&#8220; global_colors_info=&#8220;{}&#8220;][et_pb_column type=&#8220;4_4&#8243; _builder_version=&#8220;4.16&#8243; global_colors_info=&#8220;{}&#8220;][et_pb_text _builder_version=&#8220;4.21.0&#8243; text_font_size=&#8220;15px&#8220; custom_margin=&#8220;4px||4px||true|false&#8220; global_colors_info=&#8220;{}&#8220;]<\/p>\n<p><a href=\"\/de\/maschinen-und-losungen\/\">Maschinen und l\u00f6sungen<\/a> <strong><span style=\"color: #e09900;\">&gt;<\/span><\/strong>\u00a0<a href=\"\/de\/kartonierer\/\">Kartonierer<\/a>\u00a0<strong><span style=\"color: #e09900;\">&gt;<\/span><\/strong> Kartonierer mit alternierender bewegung<\/p>\n<p>[\/et_pb_text][\/et_pb_column][\/et_pb_row][\/et_pb_section][et_pb_section fb_built=&#8220;1&#8243; _builder_version=&#8220;4.16&#8243; background_color=&#8220;#f4f4f4&#8243; background_enable_color=&#8220;off&#8220; background_enable_image=&#8220;off&#8220; parallax=&#8220;on&#8220; parallax_method=&#8220;off&#8220; custom_padding=&#8220;0px||0px||true|&#8220; global_colors_info=&#8220;{}&#8220;][et_pb_row _builder_version=&#8220;4.16&#8243; width=&#8220;90%&#8220; global_colors_info=&#8220;{}&#8220;][et_pb_column type=&#8220;4_4&#8243; _builder_version=&#8220;4.16&#8243; global_colors_info=&#8220;{}&#8220;][et_pb_text _builder_version=&#8220;4.16&#8243; global_colors_info=&#8220;{}&#8220;]<\/p>\n<p>Die <strong>horizontalen Kartonierer mit alternierendem Bewegungsablauf<\/strong> von Nima Erre.Ti Packaging stellen eine gute L\u00f6sung dar, wenn pharmazeutische, chemische, Kosmetik- und Lebensmittelprodukte automatisch verpackt werden m\u00fcssen.<\/p>\n<p>Unsere Kartonierer mit alternierendem Bewegungsablauf sind in den folgenden <strong>Ausf\u00fchrungen<\/strong> erh\u00e4ltlich:<\/p>\n<p>\u2022<strong> halbautomatisch<\/strong>: mit manueller Beladung des Produkts<br \/>\u2022 <strong>vollautomatisch<\/strong>: mit F\u00f6rderband, das zum Typ des zu verpackenden Produktes passt<\/p>\n<p>Unserer Kartonierer mit alternierendem Bewegungsablauf zeichnet sich dadurch aus, dass er <strong>extrem kompakt<\/strong> ist. Durch seine <strong>freitragende Konstruktion<\/strong> (Balkonbauweise) ist der Arbeitsbereich bequem und einfach zug\u00e4nglich, was eine <strong>schnelle Reinigung und Inspektion<\/strong> m\u00f6glich macht.<\/p>\n<p>Dar\u00fcber hinaus sind diese Verpackungsmaschinen<strong> sehr flexibel<\/strong>, da sich diverse Schachtelgr\u00f6\u00dfen prozessieren lassen.<\/p>\n<p>[\/et_pb_text][\/et_pb_column][\/et_pb_row][\/et_pb_section][et_pb_section fb_built=&#8220;1&#8243; inner_shadow=&#8220;on&#8220; _builder_version=&#8220;4.16&#8243; background_color=&#8220;#f4f4f4&#8243; background_enable_image=&#8220;off&#8220; background_size=&#8220;contain&#8220; background_position=&#8220;top_left&#8220; background_last_edited=&#8220;off|desktop&#8220; parallax_phone=&#8220;off&#8220; background_size_phone=&#8220;cover&#8220; global_colors_info=&#8220;{}&#8220;][et_pb_row column_structure=&#8220;3_4,1_4&#8243; _builder_version=&#8220;4.16&#8243; global_colors_info=&#8220;{}&#8220; locked=&#8220;off&#8220;][et_pb_column type=&#8220;3_4&#8243; _builder_version=&#8220;4.16&#8243; global_colors_info=&#8220;{}&#8220;][et_pb_blog fullwidth=&#8220;off&#8220; include_categories=&#8220;20&#8243; show_author=&#8220;off&#8220; show_date=&#8220;off&#8220; show_categories=&#8220;off&#8220; _builder_version=&#8220;4.16&#8243; box_shadow_style=&#8220;preset3&#8243; box_shadow_horizontal=&#8220;6px&#8220; box_shadow_blur=&#8220;13px&#8220; box_shadow_spread=&#8220;-9px&#8220; global_colors_info=&#8220;{}&#8220;][\/et_pb_blog][\/et_pb_column][et_pb_column type=&#8220;1_4&#8243; _builder_version=&#8220;4.16&#8243; global_colors_info=&#8220;{}&#8220;][et_pb_toggle title=&#8220;Rotierende Tubenf\u00fcllmaschinen&#8220; open_toggle_background_color=&#8220;#f4f4f4&#8243; closed_toggle_background_color=&#8220;#f4f4f4&#8243; icon_color=&#8220;#0c71c3&#8243; open_icon_color=&#8220;#0c71c3&#8243; _builder_version=&#8220;4.21.0&#8243; title_font_size=&#8220;14px&#8220; body_font_size=&#8220;13px&#8220; custom_margin=&#8220;||5px|||&#8220; hover_enabled=&#8220;0&#8243; border_width_all=&#8220;0px&#8220; border_color_all=&#8220;#bfbfbf&#8220; border_width_left=&#8220;1px&#8220; saved_tabs=&#8220;all&#8220; global_colors_info=&#8220;{}&#8220; sticky_enabled=&#8220;0&#8243;]<\/p>\n<p><a href=\"\/de\/rotierende-tubenfullmaschine-mtr-70\/\">MTR-70<\/a><\/p>\n<p><a href=\"\/de\/rotierende-tubenfullmaschine-mtr-50\/\">MTR-50<\/a><\/p>\n<p><a href=\"\/de\/rotierende-tubenfullmaschine-mtr-40\/\">MTR-40<\/a><\/p>\n<p><a href=\"\/de\/rotierende-tubenfullmaschinen\/\">Zu allen Rotierende Tubenf\u00fcllmaschinen<\/a><\/p>\n<p>[\/et_pb_toggle][et_pb_toggle title=&#8220;Lineare Tubenf\u00fcllmaschinen&#8220; open_toggle_background_color=&#8220;#f4f4f4&#8243; closed_toggle_background_color=&#8220;#f4f4f4&#8243; icon_color=&#8220;#0c71c3&#8243; open_icon_color=&#8220;#0c71c3&#8243; _builder_version=&#8220;4.21.0&#8243; title_font_size=&#8220;14px&#8220; body_font_size=&#8220;13px&#8220; custom_margin=&#8220;-6px||-4px|||&#8220; border_width_all=&#8220;0px&#8220; border_color_all=&#8220;#bfbfbf&#8220; border_width_left=&#8220;1px&#8220; saved_tabs=&#8220;all&#8220; global_colors_info=&#8220;{}&#8220;]<\/p>\n<p><a href=\"\/de\/lineare-tubenfullmaschine-mtl-100\/\">MTL-100<\/a><\/p>\n<p><a href=\"\/de\/lineare-tubenfullmaschine-mtl-100-2\/\">MTL-100\/2<\/a><\/p>\n<p><a href=\"\/de\/lineare-tubenfullmaschine-mtl-200\/\">MTL-200<\/a><\/p>\n<p><a href=\"\/de\/lineare-tubenfullmaschine-mtl-200-2\/\">MTL-200\/2<\/a><\/p>\n<p><a href=\"\/de\/lineare-tubenfullmaschine-mtl-400\/\">MTL-400<\/a><\/p>\n<p><a href=\"\/de\/lineare-tubenfullmaschinen\/\">Zu allen Lineare Tubenf\u00fcllmaschinen<\/a><\/p>\n<p>[\/et_pb_toggle][et_pb_toggle title=&#8220;Tubenmagazin mit hohem Fassungsverm\u00f6gen&#8220; open_toggle_background_color=&#8220;#f4f4f4&#8243; closed_toggle_background_color=&#8220;##f4f4f4&#8243; icon_color=&#8220;#0c71c3&#8243; open_icon_color=&#8220;#0c71c3&#8243; _builder_version=&#8220;4.21.0&#8243; title_font_size=&#8220;14px&#8220; body_font_size=&#8220;13px&#8220; custom_margin=&#8220;3px||-3px|||&#8220; border_width_all=&#8220;0px&#8220; border_color_all=&#8220;#bfbfbf&#8220; border_width_left=&#8220;1px&#8220; saved_tabs=&#8220;all&#8220; global_colors_info=&#8220;{}&#8220;]<\/p>\n<p><a href=\"\/de\/jumbo-einzeln\/\">Jumbo einzeln<\/a><\/p>\n<p><a href=\"\/de\/jumbo-doppelt\/\">Jumbo doppelt<\/a><\/p>\n<p><a href=\"\/de\/tubenmagazin-mit-hohem-fassungsvermogen\/\">Zu allen Tubenmagazin mit hohem Fassungsverm\u00f6gen<\/a><\/p>\n<p>[\/et_pb_toggle][et_pb_toggle title=&#8220;Kartonierer mit alternierender Bewegung&#8220; open_toggle_background_color=&#8220;#f4f4f4&#8243; closed_toggle_background_color=&#8220;#f4f4f4&#8243; icon_color=&#8220;#0c71c3&#8243; open_icon_color=&#8220;#0c71c3&#8243; _builder_version=&#8220;4.21.0&#8243; title_font_size=&#8220;14px&#8220; body_font_size=&#8220;13px&#8220; custom_margin=&#8220;-7px||4px|||&#8220; border_width_all=&#8220;0px&#8220; border_color_all=&#8220;#bfbfbf&#8220; border_width_left=&#8220;1px&#8220; saved_tabs=&#8220;all&#8220; global_colors_info=&#8220;{}&#8220;]<\/p>\n<p><a href=\"\/de\/aa-100-compact\/\">AA-100 compact<\/a><\/p>\n<p><a href=\"\/de\/kartonierer-mit-alternierender-bewegung\/\">Zu Kartonierer mit alternierender bewegung<\/a><\/p>\n<p>[\/et_pb_toggle][et_pb_toggle title=&#8220;Kartonierer mit kontinuierlicher Bewegung&#8220; open_toggle_background_color=&#8220;#f4f4f4&#8243; closed_toggle_background_color=&#8220;#f4f4f4&#8243; icon_color=&#8220;#0c71c3&#8243; open_icon_color=&#8220;#0c71c3&#8243; _builder_version=&#8220;4.21.0&#8243; title_font_size=&#8220;14px&#8220; body_font_size=&#8220;13px&#8220; custom_margin=&#8220;-5px||5px||false|&#8220; border_width_all=&#8220;0px&#8220; border_color_all=&#8220;#bfbfbf&#8220; border_width_left=&#8220;1px&#8220; saved_tabs=&#8220;all&#8220; global_colors_info=&#8220;{}&#8220;]<\/p>\n<p><a href=\"\/de\/ac-250-compact\/\">AC-250 Compact<\/a><\/p>\n<p><a href=\"\/de\/kartonierer-mit-kontinuierlicher-bewegung\/\">Zu Kartonierer mit kontinuierlicher bewegung<\/a><\/p>\n<p>[\/et_pb_toggle][et_pb_toggle title=&#8220;Staubabscheider f\u00fcr Tabletten&#8220; open_toggle_background_color=&#8220;#f4f4f4&#8243; closed_toggle_background_color=&#8220;#f4f4f4&#8243; icon_color=&#8220;#0c71c3&#8243; open_icon_color=&#8220;#0c71c3&#8243; _builder_version=&#8220;4.21.0&#8243; title_font_size=&#8220;14px&#8220; body_font_size=&#8220;13px&#8220; custom_margin=&#8220;-9px|||||&#8220; custom_padding=&#8220;23px|||||&#8220; border_width_all=&#8220;0px&#8220; border_color_all=&#8220;#bfbfbf&#8220; border_width_left=&#8220;1px&#8220; saved_tabs=&#8220;all&#8220; global_colors_info=&#8220;{}&#8220;]<\/p>\n<p><a href=\"\/de\/staubabscheider-clean-system-standard\/\">Clean System Standard<\/a><\/p>\n<p><a href=\"\/de\/staubabscheider-clean-system-high-version\/\">Clean System High Version<\/a><\/p>\n<p><a href=\"\/de\/staubabscheider-fur-tabletten\/\">Zu Staubabscheider f\u00fcr Tabletten<\/a><\/p>\n<p>[\/et_pb_toggle][\/et_pb_column][\/et_pb_row][\/et_pb_section][et_pb_section fb_built=&#8220;1&#8243; _builder_version=&#8220;4.16&#8243; background_enable_color=&#8220;off&#8220; custom_padding=&#8220;0px||0px||true|&#8220; global_colors_info=&#8220;{}&#8220;][et_pb_row column_structure=&#8220;1_2,1_2&#8243; _builder_version=&#8220;4.16&#8243; custom_padding=&#8220;32px|||||&#8220; global_colors_info=&#8220;{}&#8220;][et_pb_column type=&#8220;1_2&#8243; _builder_version=&#8220;4.16&#8243; global_colors_info=&#8220;{}&#8220;][et_pb_button button_url=&#8220;\/de\/kartonierer\/&#8220; button_text=&#8220;Zu Kartonierer&#8220; button_alignment=&#8220;center&#8220; _builder_version=&#8220;4.21.0&#8243; custom_button=&#8220;on&#8220; button_text_size=&#8220;20px&#8220; button_text_color=&#8220;#3d3d3d&#8220; button_border_width=&#8220;3px&#8220; button_border_color=&#8220;#e09900&#8243; button_border_radius=&#8220;15px&#8220; global_colors_info=&#8220;{}&#8220;][\/et_pb_button][\/et_pb_column][et_pb_column type=&#8220;1_2&#8243; _builder_version=&#8220;4.16&#8243; global_colors_info=&#8220;{}&#8220;][et_pb_button button_url=&#8220;\/de\/maschinen-und-losungen\/&#8220; button_text=&#8220;Zu Maschinen und L\u00f6sungen &#8220; button_alignment=&#8220;center&#8220; _builder_version=&#8220;4.21.0&#8243; custom_button=&#8220;on&#8220; button_text_size=&#8220;20px&#8220; button_text_color=&#8220;#3d3d3d&#8220; button_border_width=&#8220;3px&#8220; button_border_color=&#8220;#e09900&#8243; button_border_radius=&#8220;15px&#8220; global_colors_info=&#8220;{}&#8220;][\/et_pb_button][\/et_pb_column][\/et_pb_row][\/et_pb_section][et_pb_section fb_built=&#8220;1&#8243; _builder_version=&#8220;4.16&#8243; custom_padding=&#8220;20px||20px||true|&#8220; saved_tabs=&#8220;all&#8220; global_colors_info=&#8220;{}&#8220;][et_pb_row _builder_version=&#8220;4.16&#8243; global_colors_info=&#8220;{}&#8220;][et_pb_column type=&#8220;4_4&#8243; _builder_version=&#8220;4.16&#8243; global_colors_info=&#8220;{}&#8220;][et_pb_text _builder_version=&#8220;4.21.0&#8243; text_font_size=&#8220;12px&#8220; global_colors_info=&#8220;{}&#8220;]<\/p>\n<p style=\"text-align: center;\"><a href=\"\/de\/rotierende-tubenfullmaschinen\/\">Rotierende Tubenf\u00fcllmaschinen<\/a>\u00a0| <a href=\"\/de\/lineare-tubenfullmaschinen\/\">Lineare Tubenf\u00fcllmaschinen<\/a> | <a href=\"\/de\/tubenmagazin-mit-hohem-fassungsvermogen\/\">Tubenmagazin mit hohem Fassungsverm\u00f6gen<\/a> | <a href=\"\/de\/kartonierer-mit-alternierender-bewegung\/\">Kartonierer mit alternierender Bewegung<\/a><br \/>\n| <a href=\"\/de\/kartonierer-mit-kontinuierlicher-bewegung\/\">Kartonierer mit kontinuierlicher Bewegung<\/a> |\u00a0<a href=\"\/de\/staubabscheider-fur-tabletten\/\">Staubabscheider f\u00fcr Tabletten<\/a><\/p>\n<p>[\/et_pb_text][\/et_pb_column][\/et_pb_row][\/et_pb_section]<\/p>\n","protected":false},"excerpt":{"rendered":"<p>KARTONIERER MIT ALTERNIERENDER BEWEGUNGKartonierer mit alternierender Bewegung zur automatischen VerpackungMaschinen und l\u00f6sungen &gt;\u00a0Kartonierer\u00a0&gt; Kartonierer mit alternierender bewegungDie horizontalen Kartonierer mit alternierendem Bewegungsablauf von Nima Erre.Ti Packaging stellen eine gute L\u00f6sung dar, wenn pharmazeutische, chemische, Kosmetik- und Lebensmittelprodukte automatisch verpackt werden m\u00fcssen. Unsere Kartonierer mit alternierendem Bewegungsablauf sind in den folgenden Ausf\u00fchrungen erh\u00e4ltlich: \u2022 halbautomatisch: mit [&hellip;]<\/p>\n","protected":false},"author":1,"featured_media":0,"parent":0,"menu_order":0,"comment_status":"closed","ping_status":"closed","template":"","meta":{"_et_pb_use_builder":"on","_et_pb_old_content":"","_et_gb_content_width":""},"yoast_head":"<!-- This site is optimized with the Yoast SEO plugin v20.9 - https:\/\/yoast.com\/wordpress\/plugins\/seo\/ -->\n<title>Astucciatrici Alternate per Confezionamento - Prodotti - Nima Erre. Ti %<\/title>\n<meta name=\"description\" content=\"Astucciatrici Alternate per Confezionamento Automatico. Macchine con Caratteristiche Tecniche Specifiche. Scopri il Catalogo!\" \/>\n<meta name=\"robots\" content=\"index, follow, max-snippet:-1, max-image-preview:large, max-video-preview:-1\" \/>\n<link rel=\"canonical\" href=\"https:\/\/www.nimaerreti.it\/de\/kartonierer-mit-alternierender-bewegung\/\" \/>\n<meta property=\"og:locale\" content=\"de_DE\" \/>\n<meta property=\"og:type\" content=\"article\" \/>\n<meta property=\"og:title\" content=\"Astucciatrici Alternate per Confezionamento - Prodotti - Nima Erre. Ti %\" \/>\n<meta property=\"og:description\" content=\"Astucciatrici Alternate per Confezionamento Automatico. Macchine con Caratteristiche Tecniche Specifiche. Scopri il Catalogo!\" \/>\n<meta property=\"og:url\" content=\"https:\/\/www.nimaerreti.it\/de\/kartonierer-mit-alternierender-bewegung\/\" \/>\n<meta property=\"og:site_name\" content=\"NIMA-ERRE.TI\" \/>\n<meta property=\"article:modified_time\" content=\"2023-06-23T15:02:59+00:00\" \/>\n<meta name=\"twitter:card\" content=\"summary_large_image\" \/>\n<meta name=\"twitter:label1\" content=\"Gesch\u00e4tzte Lesezeit\" \/>\n\t<meta name=\"twitter:data1\" content=\"3 Minuten\" \/>\n<script type=\"application\/ld+json\" class=\"yoast-schema-graph\">{\"@context\":\"https:\/\/schema.org\",\"@graph\":[{\"@type\":\"WebPage\",\"@id\":\"https:\/\/www.nimaerreti.it\/de\/kartonierer-mit-alternierender-bewegung\/\",\"url\":\"https:\/\/www.nimaerreti.it\/de\/kartonierer-mit-alternierender-bewegung\/\",\"name\":\"Astucciatrici Alternate per Confezionamento - Prodotti - Nima Erre. Ti %\",\"isPartOf\":{\"@id\":\"https:\/\/www.nimaerreti.it\/#website\"},\"datePublished\":\"2020-06-16T08:24:25+00:00\",\"dateModified\":\"2023-06-23T15:02:59+00:00\",\"description\":\"Astucciatrici Alternate per Confezionamento Automatico. Macchine con Caratteristiche Tecniche Specifiche. Scopri il Catalogo!\",\"breadcrumb\":{\"@id\":\"https:\/\/www.nimaerreti.it\/de\/kartonierer-mit-alternierender-bewegung\/#breadcrumb\"},\"inLanguage\":\"de-DE\",\"potentialAction\":[{\"@type\":\"ReadAction\",\"target\":[\"https:\/\/www.nimaerreti.it\/de\/kartonierer-mit-alternierender-bewegung\/\"]}]},{\"@type\":\"BreadcrumbList\",\"@id\":\"https:\/\/www.nimaerreti.it\/de\/kartonierer-mit-alternierender-bewegung\/#breadcrumb\",\"itemListElement\":[{\"@type\":\"ListItem\",\"position\":1,\"name\":\"Home\",\"item\":\"https:\/\/www.nimaerreti.it\/de\/\"},{\"@type\":\"ListItem\",\"position\":2,\"name\":\"Kartonierer mit alternierender bewegung\"}]},{\"@type\":\"WebSite\",\"@id\":\"https:\/\/www.nimaerreti.it\/#website\",\"url\":\"https:\/\/www.nimaerreti.it\/\",\"name\":\"NIMA-ERRE.TI\",\"description\":\"Multiservice nel settore del confezionamento\",\"publisher\":{\"@id\":\"https:\/\/www.nimaerreti.it\/#organization\"},\"potentialAction\":[{\"@type\":\"SearchAction\",\"target\":{\"@type\":\"EntryPoint\",\"urlTemplate\":\"https:\/\/www.nimaerreti.it\/?s={search_term_string}\"},\"query-input\":\"required name=search_term_string\"}],\"inLanguage\":\"de-DE\"},{\"@type\":\"Organization\",\"@id\":\"https:\/\/www.nimaerreti.it\/#organization\",\"name\":\"Nima-Erre.Ti Packaging\",\"url\":\"https:\/\/www.nimaerreti.it\/\",\"logo\":{\"@type\":\"ImageObject\",\"inLanguage\":\"de-DE\",\"@id\":\"https:\/\/www.nimaerreti.it\/#\/schema\/logo\/image\/\",\"url\":\"https:\/\/www.nimaerreti.it\/wp-content\/uploads\/2020\/05\/Nima-Erre-Ti-logo-little-1.png\",\"contentUrl\":\"https:\/\/www.nimaerreti.it\/wp-content\/uploads\/2020\/05\/Nima-Erre-Ti-logo-little-1.png\",\"width\":350,\"height\":104,\"caption\":\"Nima-Erre.Ti Packaging\"},\"image\":{\"@id\":\"https:\/\/www.nimaerreti.it\/#\/schema\/logo\/image\/\"},\"sameAs\":[\"https:\/\/it.linkedin.com\/company\/nima-erre-ti-packaging-s-r-l\"]}]}<\/script>\n<!-- \/ Yoast SEO plugin. -->","yoast_head_json":{"title":"Astucciatrici Alternate per Confezionamento - Prodotti - Nima Erre. Ti %","description":"Astucciatrici Alternate per Confezionamento Automatico. Macchine con Caratteristiche Tecniche Specifiche. Scopri il Catalogo!","robots":{"index":"index","follow":"follow","max-snippet":"max-snippet:-1","max-image-preview":"max-image-preview:large","max-video-preview":"max-video-preview:-1"},"canonical":"https:\/\/www.nimaerreti.it\/de\/kartonierer-mit-alternierender-bewegung\/","og_locale":"de_DE","og_type":"article","og_title":"Astucciatrici Alternate per Confezionamento - Prodotti - Nima Erre. Ti %","og_description":"Astucciatrici Alternate per Confezionamento Automatico. Macchine con Caratteristiche Tecniche Specifiche. Scopri il Catalogo!","og_url":"https:\/\/www.nimaerreti.it\/de\/kartonierer-mit-alternierender-bewegung\/","og_site_name":"NIMA-ERRE.TI","article_modified_time":"2023-06-23T15:02:59+00:00","twitter_card":"summary_large_image","twitter_misc":{"Gesch\u00e4tzte Lesezeit":"3 Minuten"},"schema":{"@context":"https:\/\/schema.org","@graph":[{"@type":"WebPage","@id":"https:\/\/www.nimaerreti.it\/de\/kartonierer-mit-alternierender-bewegung\/","url":"https:\/\/www.nimaerreti.it\/de\/kartonierer-mit-alternierender-bewegung\/","name":"Astucciatrici Alternate per Confezionamento - Prodotti - Nima Erre. Ti %","isPartOf":{"@id":"https:\/\/www.nimaerreti.it\/#website"},"datePublished":"2020-06-16T08:24:25+00:00","dateModified":"2023-06-23T15:02:59+00:00","description":"Astucciatrici Alternate per Confezionamento Automatico. Macchine con Caratteristiche Tecniche Specifiche. Scopri il Catalogo!","breadcrumb":{"@id":"https:\/\/www.nimaerreti.it\/de\/kartonierer-mit-alternierender-bewegung\/#breadcrumb"},"inLanguage":"de-DE","potentialAction":[{"@type":"ReadAction","target":["https:\/\/www.nimaerreti.it\/de\/kartonierer-mit-alternierender-bewegung\/"]}]},{"@type":"BreadcrumbList","@id":"https:\/\/www.nimaerreti.it\/de\/kartonierer-mit-alternierender-bewegung\/#breadcrumb","itemListElement":[{"@type":"ListItem","position":1,"name":"Home","item":"https:\/\/www.nimaerreti.it\/de\/"},{"@type":"ListItem","position":2,"name":"Kartonierer mit alternierender bewegung"}]},{"@type":"WebSite","@id":"https:\/\/www.nimaerreti.it\/#website","url":"https:\/\/www.nimaerreti.it\/","name":"NIMA-ERRE.TI","description":"Multiservice nel settore del confezionamento","publisher":{"@id":"https:\/\/www.nimaerreti.it\/#organization"},"potentialAction":[{"@type":"SearchAction","target":{"@type":"EntryPoint","urlTemplate":"https:\/\/www.nimaerreti.it\/?s={search_term_string}"},"query-input":"required name=search_term_string"}],"inLanguage":"de-DE"},{"@type":"Organization","@id":"https:\/\/www.nimaerreti.it\/#organization","name":"Nima-Erre.Ti Packaging","url":"https:\/\/www.nimaerreti.it\/","logo":{"@type":"ImageObject","inLanguage":"de-DE","@id":"https:\/\/www.nimaerreti.it\/#\/schema\/logo\/image\/","url":"https:\/\/www.nimaerreti.it\/wp-content\/uploads\/2020\/05\/Nima-Erre-Ti-logo-little-1.png","contentUrl":"https:\/\/www.nimaerreti.it\/wp-content\/uploads\/2020\/05\/Nima-Erre-Ti-logo-little-1.png","width":350,"height":104,"caption":"Nima-Erre.Ti Packaging"},"image":{"@id":"https:\/\/www.nimaerreti.it\/#\/schema\/logo\/image\/"},"sameAs":["https:\/\/it.linkedin.com\/company\/nima-erre-ti-packaging-s-r-l"]}]}},"_links":{"self":[{"href":"https:\/\/www.nimaerreti.it\/de\/wp-json\/wp\/v2\/pages\/237171"}],"collection":[{"href":"https:\/\/www.nimaerreti.it\/de\/wp-json\/wp\/v2\/pages"}],"about":[{"href":"https:\/\/www.nimaerreti.it\/de\/wp-json\/wp\/v2\/types\/page"}],"author":[{"embeddable":true,"href":"https:\/\/www.nimaerreti.it\/de\/wp-json\/wp\/v2\/users\/1"}],"replies":[{"embeddable":true,"href":"https:\/\/www.nimaerreti.it\/de\/wp-json\/wp\/v2\/comments?post=237171"}],"version-history":[{"count":5,"href":"https:\/\/www.nimaerreti.it\/de\/wp-json\/wp\/v2\/pages\/237171\/revisions"}],"predecessor-version":[{"id":238066,"href":"https:\/\/www.nimaerreti.it\/de\/wp-json\/wp\/v2\/pages\/237171\/revisions\/238066"}],"wp:attachment":[{"href":"https:\/\/www.nimaerreti.it\/de\/wp-json\/wp\/v2\/media?parent=237171"}],"curies":[{"name":"wp","href":"https:\/\/api.w.org\/{rel}","templated":true}]}}