{"id":237145,"date":"2020-06-16T07:50:20","date_gmt":"2020-06-16T05:50:20","guid":{"rendered":"https:\/\/www.nimaerreti.it\/news-ed-eventi\/"},"modified":"2023-06-23T14:38:47","modified_gmt":"2023-06-23T12:38:47","slug":"news-und-veranstaltungen","status":"publish","type":"page","link":"https:\/\/www.nimaerreti.it\/de\/news-und-veranstaltungen\/","title":{"rendered":"News und Veranstaltungen"},"content":{"rendered":"<p>[et_pb_section fb_built=&#8220;1&#8243; admin_label=&#8220;Landing Hero&#8220; _builder_version=&#8220;4.16&#8243; background_image=&#8220;https:\/\/www.nimaerreti.it\/wp-content\/uploads\/2020\/10\/Nima-Erre.Ti-Packaging-Azienda-Sviluppo-Macchine-Confezionamento-Automatico_pc_tablet.jpg&#8220; custom_padding=&#8220;70px|0px|8px|0px||&#8220; animation_direction=&#8220;top&#8220; background_last_edited=&#8220;on|tablet&#8220; background_image_tablet=&#8220;https:\/\/www.nimaerreti.it\/wp-content\/uploads\/2020\/10\/Nima-Erre.Ti-Packaging-Azienda-Sviluppo-Macchine-Confezionamento-Automatico_mobile.jpg&#8220; background_image_phone=&#8220;https:\/\/www.nimaerreti.it\/wp-content\/uploads\/2020\/10\/Nima-Erre.Ti-Packaging-Azienda-Sviluppo-Macchine-Confezionamento-Automatico_mobile.jpg&#8220; background_enable_image_tablet=&#8220;on&#8220; background_enable_image_phone=&#8220;on&#8220; background_position_phone=&#8220;center&#8220; locked=&#8220;off&#8220; global_colors_info=&#8220;{}&#8220; alt_tablet=&#8220;Nima Erre.Ti Packaging, Azienda Sviluppo Macchine Confezionamento Automatico_mobile&#8220; title_text_tablet=&#8220;Nima Erre.Ti Packaging, Azienda Sviluppo Macchine Confezionamento Automatico_mobile&#8220; alt_phone=&#8220;Nima Erre.Ti Packaging, Azienda Sviluppo Macchine Confezionamento Automatico_mobile&#8220; title_text_phone=&#8220;Nima Erre.Ti Packaging, Azienda Sviluppo Macchine Confezionamento Automatico_mobile&#8220;][et_pb_row column_structure=&#8220;1_2,1_2&#8243; _builder_version=&#8220;4.16&#8243; custom_margin=&#8220;|auto|20px|auto||&#8220; custom_width_px=&#8220;1280px&#8220; locked=&#8220;off&#8220; global_colors_info=&#8220;{}&#8220;][et_pb_column type=&#8220;1_2&#8243; _builder_version=&#8220;4.16&#8243; custom_padding=&#8220;|||&#8220; global_colors_info=&#8220;{}&#8220; custom_padding__hover=&#8220;|||&#8220;][et_pb_text _builder_version=&#8220;4.16&#8243; text_text_color=&#8220;#000000&#8243; text_font_size=&#8220;16px&#8220; text_line_height=&#8220;1.9em&#8220; locked=&#8220;off&#8220; global_colors_info=&#8220;{}&#8220;][\/et_pb_text][et_pb_text _builder_version=&#8220;4.16&#8243; header_font=&#8220;|on|||&#8220; header_text_color=&#8220;#005da9&#8243; header_font_size=&#8220;40px&#8220; header_line_height=&#8220;1.3em&#8220; background_layout=&#8220;dark&#8220; custom_padding=&#8220;|||&#8220; header_font_size_tablet=&#8220;&#8220; header_font_size_phone=&#8220;30px&#8220; header_font_size_last_edited=&#8220;on|phone&#8220; locked=&#8220;off&#8220; global_colors_info=&#8220;{}&#8220;]<\/p>\n<h1>NEWS UND VERANSTALTUNGEN<\/h1>\n<p>[\/et_pb_text][et_pb_divider divider_weight=&#8220;6px&#8220; _builder_version=&#8220;4.16&#8243; width=&#8220;20%&#8220; global_colors_info=&#8220;{}&#8220;][\/et_pb_divider][\/et_pb_column][et_pb_column type=&#8220;1_2&#8243; _builder_version=&#8220;4.16&#8243; custom_padding=&#8220;|||&#8220; global_colors_info=&#8220;{}&#8220; custom_padding__hover=&#8220;|||&#8220;][\/et_pb_column][\/et_pb_row][\/et_pb_section][et_pb_section fb_built=&#8220;1&#8243; _builder_version=&#8220;4.16&#8243; custom_padding=&#8220;30px||16px||false|false&#8220; global_colors_info=&#8220;{}&#8220;][et_pb_row _builder_version=&#8220;4.16&#8243; locked=&#8220;off&#8220; global_colors_info=&#8220;{}&#8220;][et_pb_column type=&#8220;4_4&#8243; _builder_version=&#8220;4.16&#8243; global_colors_info=&#8220;{}&#8220;][et_pb_text _builder_version=&#8220;4.16&#8243; text_orientation=&#8220;center&#8220; global_colors_info=&#8220;{}&#8220;]Auf dieser Seite finden Sie Informationen \u00fcber<strong> News<\/strong> und <strong>Veranstaltungen<\/strong> von Nima Erre.Ti Packaging s.r.l.<\/p>\n<p>Lesen Sie \u00fcber uns und erfahren Sie mehr \u00fcber die Veranstaltungen, an denen wir teilnehmen.<br \/>\n[\/et_pb_text][\/et_pb_column][\/et_pb_row][et_pb_row _builder_version=&#8220;4.16&#8243; global_colors_info=&#8220;{}&#8220;][et_pb_column type=&#8220;4_4&#8243; _builder_version=&#8220;4.16&#8243; global_colors_info=&#8220;{}&#8220;][et_pb_blog fullwidth=&#8220;off&#8220; include_categories=&#8220;4,14&#8243; show_author=&#8220;off&#8220; show_date=&#8220;off&#8220; show_categories=&#8220;off&#8220; _builder_version=&#8220;4.16&#8243; box_shadow_style=&#8220;preset3&#8243; global_colors_info=&#8220;{}&#8220;][\/et_pb_blog][\/et_pb_column][\/et_pb_row][\/et_pb_section][et_pb_section fb_built=&#8220;1&#8243; _builder_version=&#8220;4.16&#8243; custom_padding=&#8220;0px||0px||true|&#8220; global_colors_info=&#8220;{}&#8220;][et_pb_row column_structure=&#8220;1_2,1_2&#8243; _builder_version=&#8220;4.16&#8243; global_colors_info=&#8220;{}&#8220;][et_pb_column type=&#8220;1_2&#8243; _builder_version=&#8220;4.16&#8243; global_colors_info=&#8220;{}&#8220;][et_pb_button button_url=&#8220;\/de\/maschinen-und-losungen\/&#8220; button_text=&#8220;Zu Maschinen und L\u00f6sungen &#8220; button_alignment=&#8220;center&#8220; _builder_version=&#8220;4.21.0&#8243; custom_button=&#8220;on&#8220; button_text_size=&#8220;20px&#8220; button_text_color=&#8220;#3d3d3d&#8220; button_border_width=&#8220;3px&#8220; button_border_color=&#8220;#e09900&#8243; button_border_radius=&#8220;15px&#8220; global_colors_info=&#8220;{}&#8220;][\/et_pb_button][\/et_pb_column][et_pb_column type=&#8220;1_2&#8243; _builder_version=&#8220;4.16&#8243; global_colors_info=&#8220;{}&#8220;][et_pb_button button_url=&#8220;\/de\/dienste\/&#8220; button_text=&#8220;Zu den Diensten &#8220; button_alignment=&#8220;center&#8220; _builder_version=&#8220;4.21.0&#8243; custom_button=&#8220;on&#8220; button_text_size=&#8220;20px&#8220; button_text_color=&#8220;#3d3d3d&#8220; button_border_width=&#8220;3px&#8220; button_border_color=&#8220;#e09900&#8243; button_border_radius=&#8220;15px&#8220; global_colors_info=&#8220;{}&#8220;][\/et_pb_button][\/et_pb_column][\/et_pb_row][\/et_pb_section][et_pb_section fb_built=&#8220;1&#8243; _builder_version=&#8220;4.16&#8243; custom_padding=&#8220;20px||20px||true|&#8220; saved_tabs=&#8220;all&#8220; global_colors_info=&#8220;{}&#8220;][et_pb_row _builder_version=&#8220;4.16&#8243; global_colors_info=&#8220;{}&#8220;][et_pb_column type=&#8220;4_4&#8243; _builder_version=&#8220;4.16&#8243; global_colors_info=&#8220;{}&#8220;][et_pb_text _builder_version=&#8220;4.21.0&#8243; text_font_size=&#8220;12px&#8220; hover_enabled=&#8220;0&#8243; global_colors_info=&#8220;{}&#8220; sticky_enabled=&#8220;0&#8243;]<\/p>\n<p style=\"text-align: center;\"><a href=\"\/de\/rotierende-tubenfullmaschinen\/\">Rotierende Tubenf\u00fcllmaschinen<\/a>\u00a0| <a href=\"\/de\/lineare-tubenfullmaschinen\/\">Lineare Tubenf\u00fcllmaschinen<\/a> | <a href=\"\/de\/tubenmagazin-mit-hohem-fassungsvermogen\/\">Tubenmagazin mit hohem Fassungsverm\u00f6gen<\/a> | <a href=\"\/de\/kartonierer-mit-alternierender-bewegung\/\">Kartonierer mit alternierender Bewegung<\/a><br \/>| <a href=\"\/de\/kartonierer-mit-kontinuierlicher-bewegung\/\">Kartonierer mit kontinuierlicher Bewegung<\/a> |\u00a0<a href=\"\/de\/staubabscheider-fur-tabletten\/\">Staubabscheider f\u00fcr Tabletten<\/a><\/p>\n<p>[\/et_pb_text][\/et_pb_column][\/et_pb_row][\/et_pb_section]<\/p>\n","protected":false},"excerpt":{"rendered":"<p>NEWS UND VERANSTALTUNGEN Auf dieser Seite finden Sie Informationen \u00fcber News und Veranstaltungen von Nima Erre.Ti Packaging s.r.l. Lesen Sie \u00fcber uns und erfahren Sie mehr \u00fcber die Veranstaltungen, an denen wir teilnehmen. Rotierende Tubenf\u00fcllmaschinen\u00a0| Lineare Tubenf\u00fcllmaschinen | Tubenmagazin mit hohem Fassungsverm\u00f6gen | Kartonierer mit alternierender Bewegung| Kartonierer mit kontinuierlicher Bewegung |\u00a0Staubabscheider f\u00fcr Tabletten<\/p>\n","protected":false},"author":1,"featured_media":0,"parent":0,"menu_order":0,"comment_status":"closed","ping_status":"closed","template":"","meta":{"_et_pb_use_builder":"on","_et_pb_old_content":"","_et_gb_content_width":""},"yoast_head":"<!-- This site is optimized with the Yoast SEO plugin v20.9 - https:\/\/yoast.com\/wordpress\/plugins\/seo\/ -->\n<title>Eventi e News - Imballaggio e Macchinari per Packaging - Nima Erre. Ti<\/title>\n<meta name=\"description\" content=\"Eventi del settore Imballaggio e del Packaging. Pagina Dedicata a Tutti gli Appuntamenti e alle Novit\u00e0 a cui Nima Partecipa. Scopri Tutto!\" \/>\n<meta name=\"robots\" content=\"index, follow, max-snippet:-1, max-image-preview:large, max-video-preview:-1\" \/>\n<link rel=\"canonical\" href=\"https:\/\/www.nimaerreti.it\/de\/news-und-veranstaltungen\/\" \/>\n<meta property=\"og:locale\" content=\"de_DE\" \/>\n<meta property=\"og:type\" content=\"article\" \/>\n<meta property=\"og:title\" content=\"Eventi e News - Imballaggio e Macchinari per Packaging - Nima Erre. Ti\" \/>\n<meta property=\"og:description\" content=\"Eventi del settore Imballaggio e del Packaging. Pagina Dedicata a Tutti gli Appuntamenti e alle Novit\u00e0 a cui Nima Partecipa. Scopri Tutto!\" \/>\n<meta property=\"og:url\" content=\"https:\/\/www.nimaerreti.it\/de\/news-und-veranstaltungen\/\" \/>\n<meta property=\"og:site_name\" content=\"NIMA-ERRE.TI\" \/>\n<meta property=\"article:modified_time\" content=\"2023-06-23T12:38:47+00:00\" \/>\n<meta name=\"twitter:card\" content=\"summary_large_image\" \/>\n<meta name=\"twitter:label1\" content=\"Gesch\u00e4tzte Lesezeit\" \/>\n\t<meta name=\"twitter:data1\" content=\"2 Minuten\" \/>\n<script type=\"application\/ld+json\" class=\"yoast-schema-graph\">{\"@context\":\"https:\/\/schema.org\",\"@graph\":[{\"@type\":\"WebPage\",\"@id\":\"https:\/\/www.nimaerreti.it\/de\/news-und-veranstaltungen\/\",\"url\":\"https:\/\/www.nimaerreti.it\/de\/news-und-veranstaltungen\/\",\"name\":\"Eventi e News - Imballaggio e Macchinari per Packaging - Nima Erre. Ti\",\"isPartOf\":{\"@id\":\"https:\/\/www.nimaerreti.it\/#website\"},\"datePublished\":\"2020-06-16T05:50:20+00:00\",\"dateModified\":\"2023-06-23T12:38:47+00:00\",\"description\":\"Eventi del settore Imballaggio e del Packaging. Pagina Dedicata a Tutti gli Appuntamenti e alle Novit\u00e0 a cui Nima Partecipa. Scopri Tutto!\",\"breadcrumb\":{\"@id\":\"https:\/\/www.nimaerreti.it\/de\/news-und-veranstaltungen\/#breadcrumb\"},\"inLanguage\":\"de-DE\",\"potentialAction\":[{\"@type\":\"ReadAction\",\"target\":[\"https:\/\/www.nimaerreti.it\/de\/news-und-veranstaltungen\/\"]}]},{\"@type\":\"BreadcrumbList\",\"@id\":\"https:\/\/www.nimaerreti.it\/de\/news-und-veranstaltungen\/#breadcrumb\",\"itemListElement\":[{\"@type\":\"ListItem\",\"position\":1,\"name\":\"Home\",\"item\":\"https:\/\/www.nimaerreti.it\/de\/\"},{\"@type\":\"ListItem\",\"position\":2,\"name\":\"News und Veranstaltungen\"}]},{\"@type\":\"WebSite\",\"@id\":\"https:\/\/www.nimaerreti.it\/#website\",\"url\":\"https:\/\/www.nimaerreti.it\/\",\"name\":\"NIMA-ERRE.TI\",\"description\":\"Multiservice nel settore del confezionamento\",\"publisher\":{\"@id\":\"https:\/\/www.nimaerreti.it\/#organization\"},\"potentialAction\":[{\"@type\":\"SearchAction\",\"target\":{\"@type\":\"EntryPoint\",\"urlTemplate\":\"https:\/\/www.nimaerreti.it\/?s={search_term_string}\"},\"query-input\":\"required name=search_term_string\"}],\"inLanguage\":\"de-DE\"},{\"@type\":\"Organization\",\"@id\":\"https:\/\/www.nimaerreti.it\/#organization\",\"name\":\"Nima-Erre.Ti Packaging\",\"url\":\"https:\/\/www.nimaerreti.it\/\",\"logo\":{\"@type\":\"ImageObject\",\"inLanguage\":\"de-DE\",\"@id\":\"https:\/\/www.nimaerreti.it\/#\/schema\/logo\/image\/\",\"url\":\"https:\/\/www.nimaerreti.it\/wp-content\/uploads\/2020\/05\/Nima-Erre-Ti-logo-little-1.png\",\"contentUrl\":\"https:\/\/www.nimaerreti.it\/wp-content\/uploads\/2020\/05\/Nima-Erre-Ti-logo-little-1.png\",\"width\":350,\"height\":104,\"caption\":\"Nima-Erre.Ti Packaging\"},\"image\":{\"@id\":\"https:\/\/www.nimaerreti.it\/#\/schema\/logo\/image\/\"},\"sameAs\":[\"https:\/\/it.linkedin.com\/company\/nima-erre-ti-packaging-s-r-l\"]}]}<\/script>\n<!-- \/ Yoast SEO plugin. -->","yoast_head_json":{"title":"Eventi e News - Imballaggio e Macchinari per Packaging - Nima Erre. Ti","description":"Eventi del settore Imballaggio e del Packaging. Pagina Dedicata a Tutti gli Appuntamenti e alle Novit\u00e0 a cui Nima Partecipa. Scopri Tutto!","robots":{"index":"index","follow":"follow","max-snippet":"max-snippet:-1","max-image-preview":"max-image-preview:large","max-video-preview":"max-video-preview:-1"},"canonical":"https:\/\/www.nimaerreti.it\/de\/news-und-veranstaltungen\/","og_locale":"de_DE","og_type":"article","og_title":"Eventi e News - Imballaggio e Macchinari per Packaging - Nima Erre. Ti","og_description":"Eventi del settore Imballaggio e del Packaging. Pagina Dedicata a Tutti gli Appuntamenti e alle Novit\u00e0 a cui Nima Partecipa. Scopri Tutto!","og_url":"https:\/\/www.nimaerreti.it\/de\/news-und-veranstaltungen\/","og_site_name":"NIMA-ERRE.TI","article_modified_time":"2023-06-23T12:38:47+00:00","twitter_card":"summary_large_image","twitter_misc":{"Gesch\u00e4tzte Lesezeit":"2 Minuten"},"schema":{"@context":"https:\/\/schema.org","@graph":[{"@type":"WebPage","@id":"https:\/\/www.nimaerreti.it\/de\/news-und-veranstaltungen\/","url":"https:\/\/www.nimaerreti.it\/de\/news-und-veranstaltungen\/","name":"Eventi e News - Imballaggio e Macchinari per Packaging - Nima Erre. Ti","isPartOf":{"@id":"https:\/\/www.nimaerreti.it\/#website"},"datePublished":"2020-06-16T05:50:20+00:00","dateModified":"2023-06-23T12:38:47+00:00","description":"Eventi del settore Imballaggio e del Packaging. Pagina Dedicata a Tutti gli Appuntamenti e alle Novit\u00e0 a cui Nima Partecipa. Scopri Tutto!","breadcrumb":{"@id":"https:\/\/www.nimaerreti.it\/de\/news-und-veranstaltungen\/#breadcrumb"},"inLanguage":"de-DE","potentialAction":[{"@type":"ReadAction","target":["https:\/\/www.nimaerreti.it\/de\/news-und-veranstaltungen\/"]}]},{"@type":"BreadcrumbList","@id":"https:\/\/www.nimaerreti.it\/de\/news-und-veranstaltungen\/#breadcrumb","itemListElement":[{"@type":"ListItem","position":1,"name":"Home","item":"https:\/\/www.nimaerreti.it\/de\/"},{"@type":"ListItem","position":2,"name":"News und Veranstaltungen"}]},{"@type":"WebSite","@id":"https:\/\/www.nimaerreti.it\/#website","url":"https:\/\/www.nimaerreti.it\/","name":"NIMA-ERRE.TI","description":"Multiservice nel settore del confezionamento","publisher":{"@id":"https:\/\/www.nimaerreti.it\/#organization"},"potentialAction":[{"@type":"SearchAction","target":{"@type":"EntryPoint","urlTemplate":"https:\/\/www.nimaerreti.it\/?s={search_term_string}"},"query-input":"required name=search_term_string"}],"inLanguage":"de-DE"},{"@type":"Organization","@id":"https:\/\/www.nimaerreti.it\/#organization","name":"Nima-Erre.Ti Packaging","url":"https:\/\/www.nimaerreti.it\/","logo":{"@type":"ImageObject","inLanguage":"de-DE","@id":"https:\/\/www.nimaerreti.it\/#\/schema\/logo\/image\/","url":"https:\/\/www.nimaerreti.it\/wp-content\/uploads\/2020\/05\/Nima-Erre-Ti-logo-little-1.png","contentUrl":"https:\/\/www.nimaerreti.it\/wp-content\/uploads\/2020\/05\/Nima-Erre-Ti-logo-little-1.png","width":350,"height":104,"caption":"Nima-Erre.Ti Packaging"},"image":{"@id":"https:\/\/www.nimaerreti.it\/#\/schema\/logo\/image\/"},"sameAs":["https:\/\/it.linkedin.com\/company\/nima-erre-ti-packaging-s-r-l"]}]}},"_links":{"self":[{"href":"https:\/\/www.nimaerreti.it\/de\/wp-json\/wp\/v2\/pages\/237145"}],"collection":[{"href":"https:\/\/www.nimaerreti.it\/de\/wp-json\/wp\/v2\/pages"}],"about":[{"href":"https:\/\/www.nimaerreti.it\/de\/wp-json\/wp\/v2\/types\/page"}],"author":[{"embeddable":true,"href":"https:\/\/www.nimaerreti.it\/de\/wp-json\/wp\/v2\/users\/1"}],"replies":[{"embeddable":true,"href":"https:\/\/www.nimaerreti.it\/de\/wp-json\/wp\/v2\/comments?post=237145"}],"version-history":[{"count":5,"href":"https:\/\/www.nimaerreti.it\/de\/wp-json\/wp\/v2\/pages\/237145\/revisions"}],"predecessor-version":[{"id":237978,"href":"https:\/\/www.nimaerreti.it\/de\/wp-json\/wp\/v2\/pages\/237145\/revisions\/237978"}],"wp:attachment":[{"href":"https:\/\/www.nimaerreti.it\/de\/wp-json\/wp\/v2\/media?parent=237145"}],"curies":[{"name":"wp","href":"https:\/\/api.w.org\/{rel}","templated":true}]}}