{"id":237091,"date":"2020-05-26T15:27:56","date_gmt":"2020-05-26T13:27:56","guid":{"rendered":"https:\/\/www.nimaerreti.it\/intubettatrici\/"},"modified":"2023-06-23T14:53:18","modified_gmt":"2023-06-23T12:53:18","slug":"tubenfullmaschinen","status":"publish","type":"page","link":"https:\/\/www.nimaerreti.it\/de\/tubenfullmaschinen\/","title":{"rendered":"Tubenf\u00fcllmaschinen"},"content":{"rendered":"<p>[et_pb_section fb_built=&#8220;1&#8243; admin_label=&#8220;Landing Hero&#8220; _builder_version=&#8220;4.16&#8243; background_image=&#8220;https:\/\/www.nimaerreti.it\/wp-content\/uploads\/2020\/10\/Intubettatrici-per-Confezionamento-Automatico-Nima-Erre.Ti-Packaging_pc.jpg&#8220; custom_padding=&#8220;70px|0px|8px|0px||&#8220; animation_direction=&#8220;top&#8220; background_last_edited=&#8220;on|desktop&#8220; background_image_tablet=&#8220;https:\/\/www.nimaerreti.it\/wp-content\/uploads\/2020\/10\/Intubettatrici-per-Confezionamento-Automatico-Nima-Erre.Ti-Packaging_tablet_mobile.jpg&#8220; background_enable_image_tablet=&#8220;on&#8220; background_position_tablet=&#8220;center_right&#8220; locked=&#8220;off&#8220; global_colors_info=&#8220;{}&#8220; alt_tablet=&#8220;Intubettatrici per Confezionamento Automatico, Nima Erre.Ti Packaging&#8220; title_text_tablet=&#8220;Intubettatrici per Confezionamento Automatico, Nima Erre.Ti Packaging&#8220;][et_pb_row column_structure=&#8220;1_2,1_2&#8243; _builder_version=&#8220;4.16&#8243; custom_margin=&#8220;|auto|20px|auto||&#8220; custom_width_px=&#8220;1280px&#8220; global_colors_info=&#8220;{}&#8220;][et_pb_column type=&#8220;1_2&#8243; _builder_version=&#8220;4.16&#8243; custom_padding=&#8220;|||&#8220; global_colors_info=&#8220;{}&#8220; custom_padding__hover=&#8220;|||&#8220;][et_pb_text _builder_version=&#8220;4.16&#8243; text_text_color=&#8220;#000000&#8243; text_font_size=&#8220;16px&#8220; text_line_height=&#8220;1.9em&#8220; locked=&#8220;off&#8220; global_colors_info=&#8220;{}&#8220;][\/et_pb_text][et_pb_text _builder_version=&#8220;4.16&#8243; text_font=&#8220;|700||on|||||&#8220; text_text_color=&#8220;#005da9&#8243; text_font_size=&#8220;30px&#8220; text_line_height=&#8220;1.3em&#8220; header_font=&#8220;|700|||||||&#8220; header_text_color=&#8220;#005da9&#8243; header_font_size=&#8220;40px&#8220; custom_margin=&#8220;||-1px||false|false&#8220; custom_padding=&#8220;|||&#8220; text_font_size_tablet=&#8220;&#8220; text_font_size_phone=&#8220;20px&#8220; text_font_size_last_edited=&#8220;on|phone&#8220; header_font_size_last_edited=&#8220;off|desktop&#8220; locked=&#8220;off&#8220; global_colors_info=&#8220;{}&#8220;]<\/p>\n<p>TUBENF\u00dcLLMASCHINEN<\/p>\n<p>[\/et_pb_text][et_pb_text _builder_version=&#8220;4.16&#8243; _module_preset=&#8220;default&#8220; header_font=&#8220;|300|||||||&#8220; header_font_size=&#8220;16px&#8220; header_line_height=&#8220;1.3em&#8220; custom_padding=&#8220;8px|||||&#8220; locked=&#8220;off&#8220; global_colors_info=&#8220;{}&#8220;]<\/p>\n<h1>Tubenf\u00fcllmaschinen zur automatischen Verpackung<\/h1>\n<p>[\/et_pb_text][et_pb_divider divider_weight=&#8220;6px&#8220; _builder_version=&#8220;4.16&#8243; width=&#8220;20%&#8220; global_colors_info=&#8220;{}&#8220;][\/et_pb_divider][\/et_pb_column][et_pb_column type=&#8220;1_2&#8243; _builder_version=&#8220;4.16&#8243; custom_padding=&#8220;|||&#8220; global_colors_info=&#8220;{}&#8220; custom_padding__hover=&#8220;|||&#8220;][\/et_pb_column][\/et_pb_row][\/et_pb_section][et_pb_section fb_built=&#8220;1&#8243; admin_label=&#8220;Gallery&#8220; _builder_version=&#8220;4.16&#8243; background_enable_color=&#8220;off&#8220; background_color_gradient_direction=&#8220;90deg&#8220; width=&#8220;80%&#8220; module_alignment=&#8220;center&#8220; custom_padding=&#8220;30px||30px||true|&#8220; locked=&#8220;off&#8220; global_colors_info=&#8220;{}&#8220;][et_pb_row _builder_version=&#8220;4.16&#8243; _module_preset=&#8220;default&#8220; width=&#8220;90%&#8220; locked=&#8220;off&#8220; global_colors_info=&#8220;{}&#8220;][et_pb_column type=&#8220;4_4&#8243; _builder_version=&#8220;4.16&#8243; _module_preset=&#8220;default&#8220; global_colors_info=&#8220;{}&#8220;][et_pb_text _builder_version=&#8220;4.16&#8243; _module_preset=&#8220;default&#8220; global_colors_info=&#8220;{}&#8220;]<\/p>\n<p><strong>Tubenf\u00fcllmaschinen<\/strong> sind <strong>automatische Verpackungsmaschinen<\/strong> zum <strong>F\u00fcllen<\/strong> und <strong>Verschlie\u00dfen<\/strong> von<strong> Kunststoff<\/strong>&#8211; und <strong>Aluminiumtuben.<\/strong><\/p>\n<p>Unsere Maschinen basieren auf <strong>\u00fcber 40 Jahren Erfahrung<\/strong> im Bereich der Tubenf\u00fcllmaschinen zur automatischen Verpackung.<\/p>\n<p>Die Tubenf\u00fcllmaschinen zur automatischen Verpackung sind sowohl in<strong> linearer Anordnung<\/strong>, als auch in klassisch <strong>rotierender<\/strong> Ausf\u00fchrung erh\u00e4ltlich.<\/p>\n<p>Insbesondere k\u00f6nnen wir F\u00fcll- und Verschlie\u00dfanlagen f\u00fcr Tuben mit <strong>diversen Durchmessern<\/strong> und<strong> aus unterschiedlichen Materialien<\/strong> liefern, wie z.B. f\u00fcr Tuben aus: Polyethylen, Laminaten, Polyfoil und Aluminium.<\/p>\n<p>Dar\u00fcber hinaus stehen f\u00fcr <strong>hohe Produktionszahlen<\/strong> auch \u201eJumbo\u201c <strong>Tubenmagazine mit hoher Ladekapazit\u00e4t<\/strong> zur Verf\u00fcgung. Die Tubenmagazine sind ideal zum <strong>Beschicken<\/strong> linearer Tubenf\u00fcllmaschinen mit <strong>Kunststoff<\/strong>&#8211; und <strong>Aluminiumtuben<\/strong>. Sie k\u00f6nnen aber auch f\u00fcr andere Zwecke verwendet werden und nicht nur f\u00fcr Tubenf\u00fcllmaschinen zur automatischen Verpackung.<\/p>\n<p>Die Tubenf\u00fcllmaschinen zur automatischen Verpackung werden nach den Bed\u00fcrfnissen des Kunden, den Eigenschaften der Tube und der gew\u00fcnschten Produktion ausgelegt.<br \/>Es stehen diesbez\u00fcglich <strong>zahlreiche Optionen<\/strong> und <strong>entsprechende Anpassungen<\/strong> zur Verf\u00fcgung.<\/p>\n<p>[\/et_pb_text][\/et_pb_column][\/et_pb_row][et_pb_row column_structure=&#8220;1_3,1_3,1_3&#8243; use_custom_gutter=&#8220;on&#8220; gutter_width=&#8220;2&#8243; make_equal=&#8220;on&#8220; admin_label=&#8220;Best Beans Row&#8220; module_class=&#8220; et_pb_row_fullwidth&#8220; _builder_version=&#8220;4.16&#8243; width=&#8220;100%&#8220; width_tablet=&#8220;100%&#8220; width_phone=&#8220;&#8220; width_last_edited=&#8220;on|desktop&#8220; max_width=&#8220;100%&#8220; max_width_tablet=&#8220;100%&#8220; max_width_phone=&#8220;&#8220; max_width_last_edited=&#8220;on|desktop&#8220; custom_margin=&#8220;|||&#8220; make_fullwidth=&#8220;on&#8220; global_colors_info=&#8220;{}&#8220;][et_pb_column type=&#8220;1_3&#8243; _builder_version=&#8220;4.16&#8243; custom_padding=&#8220;|||&#8220; global_colors_info=&#8220;{}&#8220; custom_padding__hover=&#8220;|||&#8220;][et_pb_text _builder_version=&#8220;4.21.0&#8243; text_font=&#8220;|600|||||||&#8220; text_text_color=&#8220;#005da9&#8243; text_font_size=&#8220;25px&#8220; header_2_font=&#8220;|600|||||||&#8220; header_2_text_color=&#8220;#005da9&#8243; header_2_font_size=&#8220;22px&#8220; header_2_line_height=&#8220;1.4em&#8220; text_orientation=&#8220;center&#8220; link_option_url=&#8220;\/de\/rotierende-tubenfullmaschinen\/&#8220; hover_enabled=&#8220;0&#8243; locked=&#8220;off&#8220; global_colors_info=&#8220;{}&#8220; sticky_enabled=&#8220;0&#8243;]<\/p>\n<h2>Rotierende<br \/>Tubenf\u00fcllmaschinen<\/h2>\n<p>[\/et_pb_text][et_pb_image src=&#8220;https:\/\/www.nimaerreti.it\/wp-content\/uploads\/2020\/09\/Intubettatrici-Rotative-Nima-Erre-Ti-Packaging.jpg&#8220; alt=&#8220;Intubettatrici Rotative, Nima-Erre Ti Packaging&#8220; title_text=&#8220;Intubettatrici Rotative, Nima-Erre Ti Packaging&#8220; url=&#8220;\/de\/rotierende-tubenfullmaschinen\/&#8220; show_bottom_space=&#8220;off&#8220; align=&#8220;center&#8220; align_tablet=&#8220;center&#8220; align_phone=&#8220;&#8220; align_last_edited=&#8220;on|desktop&#8220; _builder_version=&#8220;4.21.0&#8243; width=&#8220;80%&#8220; module_alignment=&#8220;center&#8220; custom_margin=&#8220;||14px|||&#8220; global_colors_info=&#8220;{}&#8220; filter_brightness__hover_enabled=&#8220;on|hover&#8220; filter_brightness__hover=&#8220;80%&#8220;][\/et_pb_image][et_pb_text _builder_version=&#8220;4.16&#8243; _module_preset=&#8220;default&#8220; text_font_size=&#8220;12px&#8220; global_colors_info=&#8220;{}&#8220;]<\/p>\n<p style=\"text-align: center;\">Rotierende Tubenf\u00fcllmaschinen zur automatischen Verpackung bzw. zum Bef\u00fcllen und Verschlie\u00dfen von Tuben mit 10 bis 50 mm Durchmesser. F\u00fcr eine Tubenproduktion von bis zu 4.500 Stck.\/Stunde.<\/p>\n<p>[\/et_pb_text][\/et_pb_column][et_pb_column type=&#8220;1_3&#8243; _builder_version=&#8220;4.16&#8243; custom_padding=&#8220;|||&#8220; global_colors_info=&#8220;{}&#8220; custom_padding__hover=&#8220;|||&#8220;][et_pb_text _builder_version=&#8220;4.21.0&#8243; text_font=&#8220;|600|||||||&#8220; text_text_color=&#8220;#005da9&#8243; text_font_size=&#8220;25px&#8220; header_2_font=&#8220;|600|||||||&#8220; header_2_text_color=&#8220;#005da9&#8243; header_2_font_size=&#8220;22px&#8220; header_2_line_height=&#8220;1.4em&#8220; text_orientation=&#8220;center&#8220; link_option_url=&#8220;\/de\/lineare-tubenfullmaschinen\/&#8220; hover_enabled=&#8220;0&#8243; locked=&#8220;off&#8220; global_colors_info=&#8220;{}&#8220; sticky_enabled=&#8220;0&#8243;]<\/p>\n<h2>Lineare<br \/>Tubenf\u00fcllmaschinen<\/h2>\n<p>[\/et_pb_text][et_pb_image src=&#8220;https:\/\/www.nimaerreti.it\/wp-content\/uploads\/2020\/09\/Intubettatrici-Lineari-Nima-Erre-Ti-Packaging-1.jpg&#8220; alt=&#8220;Intubettatrici Lineari, Nima-Erre Ti Packaging&#8220; title_text=&#8220;Intubettatrici Lineari, Nima-Erre Ti Packaging&#8220; url=&#8220;\/de\/lineare-tubenfullmaschinen\/&#8220; show_bottom_space=&#8220;off&#8220; align=&#8220;center&#8220; align_tablet=&#8220;center&#8220; align_phone=&#8220;&#8220; align_last_edited=&#8220;on|desktop&#8220; _builder_version=&#8220;4.21.0&#8243; width=&#8220;80%&#8220; module_alignment=&#8220;center&#8220; custom_margin=&#8220;||14px|||&#8220; global_colors_info=&#8220;{}&#8220; filter_brightness__hover_enabled=&#8220;on|hover&#8220; filter_brightness__hover=&#8220;80%&#8220;][\/et_pb_image][et_pb_text _builder_version=&#8220;4.16&#8243; _module_preset=&#8220;default&#8220; text_font_size=&#8220;12px&#8220; global_colors_info=&#8220;{}&#8220;]<\/p>\n<p style=\"text-align: center;\">Lineare Tubenf\u00fcllmaschinen zur automatischen Verpackung bzw. zum Bef\u00fcllen und Verschlie\u00dfen von Tuben mit 10 bis 60 mm Durchmesser. F\u00fcr eine Tubenproduktion von bis zu 24.000 Stck.\/Stunde.<\/p>\n<p>[\/et_pb_text][\/et_pb_column][et_pb_column type=&#8220;1_3&#8243; _builder_version=&#8220;4.16&#8243; custom_padding=&#8220;|||&#8220; global_colors_info=&#8220;{}&#8220; custom_padding__hover=&#8220;|||&#8220;][et_pb_text _builder_version=&#8220;4.21.0&#8243; text_font=&#8220;|600|||||||&#8220; text_text_color=&#8220;#005da9&#8243; text_font_size=&#8220;25px&#8220; header_2_font=&#8220;|600|||||||&#8220; header_2_text_color=&#8220;#005da9&#8243; header_2_font_size=&#8220;22px&#8220; header_2_line_height=&#8220;1.4em&#8220; text_orientation=&#8220;center&#8220; link_option_url=&#8220;\/de\/tubenmagazin-mit-hohem-fassungsvermogen\/&#8220; hover_enabled=&#8220;0&#8243; locked=&#8220;off&#8220; global_colors_info=&#8220;{}&#8220; sticky_enabled=&#8220;0&#8243;]<\/p>\n<h2>Tubenmagazin mit hohem Fassungsverm\u00f6gen<\/h2>\n<p>[\/et_pb_text][et_pb_image src=&#8220;https:\/\/www.nimaerreti.it\/wp-content\/uploads\/2020\/09\/Caricatori-Tubetti-ad-Alte-Velocita-Magazzino-Tubetti-Nima-Erre-Ti-Packaging.jpg&#8220; alt=&#8220;Caricatori Tubetti ad Alta Velocit\u00e0, Magazzino Tubetti Nima-Erre Ti Packaging&#8220; title_text=&#8220;Caricatori Tubetti ad Alta Velocit\u00e0, Magazzino Tubetti Nima-Erre Ti Packaging&#8220; url=&#8220;\/de\/tubenmagazin-mit-hohem-fassungsvermogen\/&#8220; show_bottom_space=&#8220;off&#8220; align=&#8220;center&#8220; align_tablet=&#8220;center&#8220; align_phone=&#8220;&#8220; align_last_edited=&#8220;on|desktop&#8220; _builder_version=&#8220;4.21.0&#8243; width=&#8220;80%&#8220; module_alignment=&#8220;center&#8220; custom_margin=&#8220;||14px|||&#8220; global_colors_info=&#8220;{}&#8220; filter_brightness__hover_enabled=&#8220;on|hover&#8220; filter_brightness__hover=&#8220;80%&#8220;][\/et_pb_image][et_pb_text _builder_version=&#8220;4.16&#8243; _module_preset=&#8220;default&#8220; text_font_size=&#8220;12px&#8220; global_colors_info=&#8220;{}&#8220;]<\/p>\n<p style=\"text-align: center;\">Tubenmagazin mit hohem Fassungsverm\u00f6gen, das mit den Tubenf\u00fcllmaschinen kombiniert werden kann.<\/p>\n<p>[\/et_pb_text][\/et_pb_column][\/et_pb_row][\/et_pb_section][et_pb_section fb_built=&#8220;1&#8243; _builder_version=&#8220;4.16&#8243; custom_padding=&#8220;2px||25px|||&#8220; global_colors_info=&#8220;{}&#8220;][et_pb_row _builder_version=&#8220;4.16&#8243; global_colors_info=&#8220;{}&#8220;][et_pb_column type=&#8220;4_4&#8243; _builder_version=&#8220;4.16&#8243; global_colors_info=&#8220;{}&#8220;][et_pb_button button_url=&#8220;\/de\/maschinen-und-losungen\/&#8220; button_text=&#8220;Zu Maschinen und L\u00f6sungen &#8220; button_alignment=&#8220;center&#8220; _builder_version=&#8220;4.21.0&#8243; custom_button=&#8220;on&#8220; button_text_size=&#8220;20px&#8220; button_text_color=&#8220;#3d3d3d&#8220; button_border_width=&#8220;3px&#8220; button_border_color=&#8220;#e09900&#8243; button_border_radius=&#8220;15px&#8220; global_colors_info=&#8220;{}&#8220;][\/et_pb_button][\/et_pb_column][\/et_pb_row][\/et_pb_section][et_pb_section fb_built=&#8220;1&#8243; _builder_version=&#8220;4.16&#8243; custom_padding=&#8220;20px||20px||true|&#8220; saved_tabs=&#8220;all&#8220; global_colors_info=&#8220;{}&#8220;][et_pb_row _builder_version=&#8220;4.16&#8243; global_colors_info=&#8220;{}&#8220;][et_pb_column type=&#8220;4_4&#8243; _builder_version=&#8220;4.16&#8243; global_colors_info=&#8220;{}&#8220;][et_pb_text _builder_version=&#8220;4.21.0&#8243; text_font_size=&#8220;12px&#8220; hover_enabled=&#8220;0&#8243; global_colors_info=&#8220;{}&#8220; sticky_enabled=&#8220;0&#8243;]<\/p>\n<p style=\"text-align: center;\"><a href=\"\/de\/rotierende-tubenfullmaschinen\/\">Rotierende Tubenf\u00fcllmaschinen<\/a>\u00a0| <a href=\"\/de\/lineare-tubenfullmaschinen\/\">Lineare Tubenf\u00fcllmaschinen<\/a> | <a href=\"\/de\/tubenmagazin-mit-hohem-fassungsvermogen\/\">Tubenmagazin mit hohem Fassungsverm\u00f6gen<\/a> | <a href=\"\/de\/kartonierer-mit-alternierender-bewegung\/\">Kartonierer mit alternierender Bewegung<\/a><br \/>\n| <a href=\"\/de\/kartonierer-mit-kontinuierlicher-bewegung\/\">Kartonierer mit kontinuierlicher Bewegung<\/a> |\u00a0<a href=\"\/de\/staubabscheider-fur-tabletten\/\">Staubabscheider f\u00fcr Tabletten<\/a><\/p>\n<p>[\/et_pb_text][\/et_pb_column][\/et_pb_row][\/et_pb_section]<\/p>\n","protected":false},"excerpt":{"rendered":"<p>TUBENF\u00dcLLMASCHINENTubenf\u00fcllmaschinen zur automatischen VerpackungTubenf\u00fcllmaschinen sind automatische Verpackungsmaschinen zum F\u00fcllen und Verschlie\u00dfen von Kunststoff- und Aluminiumtuben. Unsere Maschinen basieren auf \u00fcber 40 Jahren Erfahrung im Bereich der Tubenf\u00fcllmaschinen zur automatischen Verpackung. Die Tubenf\u00fcllmaschinen zur automatischen Verpackung sind sowohl in linearer Anordnung, als auch in klassisch rotierender Ausf\u00fchrung erh\u00e4ltlich. Insbesondere k\u00f6nnen wir F\u00fcll- und Verschlie\u00dfanlagen f\u00fcr Tuben [&hellip;]<\/p>\n","protected":false},"author":1,"featured_media":0,"parent":0,"menu_order":0,"comment_status":"closed","ping_status":"closed","template":"","meta":{"_et_pb_use_builder":"on","_et_pb_old_content":"","_et_gb_content_width":""},"yoast_head":"<!-- This site is optimized with the Yoast SEO plugin v20.9 - https:\/\/yoast.com\/wordpress\/plugins\/seo\/ -->\n<title>Intubettatrici per Confezionamento Automatico - Prodotti - Nima Erre. Ti<\/title>\n<meta name=\"description\" content=\"Intubettatrici. Macchine Automatiche per Riempimento e Chiusura di Tubetti in Plastica e Alluminio. Scopri Tutte le Soluzioni Disponibili!\" \/>\n<meta name=\"robots\" content=\"index, follow, max-snippet:-1, max-image-preview:large, max-video-preview:-1\" \/>\n<link rel=\"canonical\" href=\"https:\/\/www.nimaerreti.it\/de\/tubenfullmaschinen\/\" \/>\n<meta property=\"og:locale\" content=\"de_DE\" \/>\n<meta property=\"og:type\" content=\"article\" \/>\n<meta property=\"og:title\" content=\"Intubettatrici per Confezionamento Automatico - Prodotti - Nima Erre. Ti\" \/>\n<meta property=\"og:description\" content=\"Intubettatrici. Macchine Automatiche per Riempimento e Chiusura di Tubetti in Plastica e Alluminio. Scopri Tutte le Soluzioni Disponibili!\" \/>\n<meta property=\"og:url\" content=\"https:\/\/www.nimaerreti.it\/de\/tubenfullmaschinen\/\" \/>\n<meta property=\"og:site_name\" content=\"NIMA-ERRE.TI\" \/>\n<meta property=\"article:modified_time\" content=\"2023-06-23T12:53:18+00:00\" \/>\n<meta name=\"twitter:card\" content=\"summary_large_image\" \/>\n<meta name=\"twitter:label1\" content=\"Gesch\u00e4tzte Lesezeit\" \/>\n\t<meta name=\"twitter:data1\" content=\"3 Minuten\" \/>\n<script type=\"application\/ld+json\" class=\"yoast-schema-graph\">{\"@context\":\"https:\/\/schema.org\",\"@graph\":[{\"@type\":\"WebPage\",\"@id\":\"https:\/\/www.nimaerreti.it\/de\/tubenfullmaschinen\/\",\"url\":\"https:\/\/www.nimaerreti.it\/de\/tubenfullmaschinen\/\",\"name\":\"Intubettatrici per Confezionamento Automatico - Prodotti - Nima Erre. Ti\",\"isPartOf\":{\"@id\":\"https:\/\/www.nimaerreti.it\/#website\"},\"datePublished\":\"2020-05-26T13:27:56+00:00\",\"dateModified\":\"2023-06-23T12:53:18+00:00\",\"description\":\"Intubettatrici. Macchine Automatiche per Riempimento e Chiusura di Tubetti in Plastica e Alluminio. Scopri Tutte le Soluzioni Disponibili!\",\"breadcrumb\":{\"@id\":\"https:\/\/www.nimaerreti.it\/de\/tubenfullmaschinen\/#breadcrumb\"},\"inLanguage\":\"de-DE\",\"potentialAction\":[{\"@type\":\"ReadAction\",\"target\":[\"https:\/\/www.nimaerreti.it\/de\/tubenfullmaschinen\/\"]}]},{\"@type\":\"BreadcrumbList\",\"@id\":\"https:\/\/www.nimaerreti.it\/de\/tubenfullmaschinen\/#breadcrumb\",\"itemListElement\":[{\"@type\":\"ListItem\",\"position\":1,\"name\":\"Home\",\"item\":\"https:\/\/www.nimaerreti.it\/de\/\"},{\"@type\":\"ListItem\",\"position\":2,\"name\":\"Tubenf\u00fcllmaschinen\"}]},{\"@type\":\"WebSite\",\"@id\":\"https:\/\/www.nimaerreti.it\/#website\",\"url\":\"https:\/\/www.nimaerreti.it\/\",\"name\":\"NIMA-ERRE.TI\",\"description\":\"Multiservice nel settore del confezionamento\",\"publisher\":{\"@id\":\"https:\/\/www.nimaerreti.it\/#organization\"},\"potentialAction\":[{\"@type\":\"SearchAction\",\"target\":{\"@type\":\"EntryPoint\",\"urlTemplate\":\"https:\/\/www.nimaerreti.it\/?s={search_term_string}\"},\"query-input\":\"required name=search_term_string\"}],\"inLanguage\":\"de-DE\"},{\"@type\":\"Organization\",\"@id\":\"https:\/\/www.nimaerreti.it\/#organization\",\"name\":\"Nima-Erre.Ti Packaging\",\"url\":\"https:\/\/www.nimaerreti.it\/\",\"logo\":{\"@type\":\"ImageObject\",\"inLanguage\":\"de-DE\",\"@id\":\"https:\/\/www.nimaerreti.it\/#\/schema\/logo\/image\/\",\"url\":\"https:\/\/www.nimaerreti.it\/wp-content\/uploads\/2020\/05\/Nima-Erre-Ti-logo-little-1.png\",\"contentUrl\":\"https:\/\/www.nimaerreti.it\/wp-content\/uploads\/2020\/05\/Nima-Erre-Ti-logo-little-1.png\",\"width\":350,\"height\":104,\"caption\":\"Nima-Erre.Ti Packaging\"},\"image\":{\"@id\":\"https:\/\/www.nimaerreti.it\/#\/schema\/logo\/image\/\"},\"sameAs\":[\"https:\/\/it.linkedin.com\/company\/nima-erre-ti-packaging-s-r-l\"]}]}<\/script>\n<!-- \/ Yoast SEO plugin. -->","yoast_head_json":{"title":"Intubettatrici per Confezionamento Automatico - Prodotti - Nima Erre. Ti","description":"Intubettatrici. Macchine Automatiche per Riempimento e Chiusura di Tubetti in Plastica e Alluminio. Scopri Tutte le Soluzioni Disponibili!","robots":{"index":"index","follow":"follow","max-snippet":"max-snippet:-1","max-image-preview":"max-image-preview:large","max-video-preview":"max-video-preview:-1"},"canonical":"https:\/\/www.nimaerreti.it\/de\/tubenfullmaschinen\/","og_locale":"de_DE","og_type":"article","og_title":"Intubettatrici per Confezionamento Automatico - Prodotti - Nima Erre. Ti","og_description":"Intubettatrici. Macchine Automatiche per Riempimento e Chiusura di Tubetti in Plastica e Alluminio. Scopri Tutte le Soluzioni Disponibili!","og_url":"https:\/\/www.nimaerreti.it\/de\/tubenfullmaschinen\/","og_site_name":"NIMA-ERRE.TI","article_modified_time":"2023-06-23T12:53:18+00:00","twitter_card":"summary_large_image","twitter_misc":{"Gesch\u00e4tzte Lesezeit":"3 Minuten"},"schema":{"@context":"https:\/\/schema.org","@graph":[{"@type":"WebPage","@id":"https:\/\/www.nimaerreti.it\/de\/tubenfullmaschinen\/","url":"https:\/\/www.nimaerreti.it\/de\/tubenfullmaschinen\/","name":"Intubettatrici per Confezionamento Automatico - Prodotti - Nima Erre. Ti","isPartOf":{"@id":"https:\/\/www.nimaerreti.it\/#website"},"datePublished":"2020-05-26T13:27:56+00:00","dateModified":"2023-06-23T12:53:18+00:00","description":"Intubettatrici. Macchine Automatiche per Riempimento e Chiusura di Tubetti in Plastica e Alluminio. Scopri Tutte le Soluzioni Disponibili!","breadcrumb":{"@id":"https:\/\/www.nimaerreti.it\/de\/tubenfullmaschinen\/#breadcrumb"},"inLanguage":"de-DE","potentialAction":[{"@type":"ReadAction","target":["https:\/\/www.nimaerreti.it\/de\/tubenfullmaschinen\/"]}]},{"@type":"BreadcrumbList","@id":"https:\/\/www.nimaerreti.it\/de\/tubenfullmaschinen\/#breadcrumb","itemListElement":[{"@type":"ListItem","position":1,"name":"Home","item":"https:\/\/www.nimaerreti.it\/de\/"},{"@type":"ListItem","position":2,"name":"Tubenf\u00fcllmaschinen"}]},{"@type":"WebSite","@id":"https:\/\/www.nimaerreti.it\/#website","url":"https:\/\/www.nimaerreti.it\/","name":"NIMA-ERRE.TI","description":"Multiservice nel settore del confezionamento","publisher":{"@id":"https:\/\/www.nimaerreti.it\/#organization"},"potentialAction":[{"@type":"SearchAction","target":{"@type":"EntryPoint","urlTemplate":"https:\/\/www.nimaerreti.it\/?s={search_term_string}"},"query-input":"required name=search_term_string"}],"inLanguage":"de-DE"},{"@type":"Organization","@id":"https:\/\/www.nimaerreti.it\/#organization","name":"Nima-Erre.Ti Packaging","url":"https:\/\/www.nimaerreti.it\/","logo":{"@type":"ImageObject","inLanguage":"de-DE","@id":"https:\/\/www.nimaerreti.it\/#\/schema\/logo\/image\/","url":"https:\/\/www.nimaerreti.it\/wp-content\/uploads\/2020\/05\/Nima-Erre-Ti-logo-little-1.png","contentUrl":"https:\/\/www.nimaerreti.it\/wp-content\/uploads\/2020\/05\/Nima-Erre-Ti-logo-little-1.png","width":350,"height":104,"caption":"Nima-Erre.Ti Packaging"},"image":{"@id":"https:\/\/www.nimaerreti.it\/#\/schema\/logo\/image\/"},"sameAs":["https:\/\/it.linkedin.com\/company\/nima-erre-ti-packaging-s-r-l"]}]}},"_links":{"self":[{"href":"https:\/\/www.nimaerreti.it\/de\/wp-json\/wp\/v2\/pages\/237091"}],"collection":[{"href":"https:\/\/www.nimaerreti.it\/de\/wp-json\/wp\/v2\/pages"}],"about":[{"href":"https:\/\/www.nimaerreti.it\/de\/wp-json\/wp\/v2\/types\/page"}],"author":[{"embeddable":true,"href":"https:\/\/www.nimaerreti.it\/de\/wp-json\/wp\/v2\/users\/1"}],"replies":[{"embeddable":true,"href":"https:\/\/www.nimaerreti.it\/de\/wp-json\/wp\/v2\/comments?post=237091"}],"version-history":[{"count":5,"href":"https:\/\/www.nimaerreti.it\/de\/wp-json\/wp\/v2\/pages\/237091\/revisions"}],"predecessor-version":[{"id":237983,"href":"https:\/\/www.nimaerreti.it\/de\/wp-json\/wp\/v2\/pages\/237091\/revisions\/237983"}],"wp:attachment":[{"href":"https:\/\/www.nimaerreti.it\/de\/wp-json\/wp\/v2\/media?parent=237091"}],"curies":[{"name":"wp","href":"https:\/\/api.w.org\/{rel}","templated":true}]}}