{"id":237080,"date":"2020-05-26T15:10:16","date_gmt":"2020-05-26T13:10:16","guid":{"rendered":"https:\/\/www.nimaerreti.it\/macchine-e-soluzioni\/"},"modified":"2023-06-23T14:50:42","modified_gmt":"2023-06-23T12:50:42","slug":"maschinen-und-losungen","status":"publish","type":"page","link":"https:\/\/www.nimaerreti.it\/de\/maschinen-und-losungen\/","title":{"rendered":"Maschinen und L\u00f6sungen"},"content":{"rendered":"<p>[et_pb_section fb_built=&#8220;1&#8243; admin_label=&#8220;Landing Hero&#8220; _builder_version=&#8220;4.16&#8243; background_image=&#8220;https:\/\/www.nimaerreti.it\/wp-content\/uploads\/2020\/10\/Nima-Erre.Ti-Packaging-Azienda-Sviluppo-Macchine-Confezionamento-Automatico_pc_tablet.jpg&#8220; custom_padding=&#8220;70px|0px|8px|0px||&#8220; animation_direction=&#8220;top&#8220; background_last_edited=&#8220;on|tablet&#8220; background_image_tablet=&#8220;https:\/\/www.nimaerreti.it\/wp-content\/uploads\/2020\/10\/Nima-Erre.Ti-Packaging-Azienda-Sviluppo-Macchine-Confezionamento-Automatico_mobile.jpg&#8220; background_image_phone=&#8220;https:\/\/www.nimaerreti.it\/wp-content\/uploads\/2020\/10\/Nima-Erre.Ti-Packaging-Azienda-Sviluppo-Macchine-Confezionamento-Automatico_mobile.jpg&#8220; background_enable_image_tablet=&#8220;on&#8220; background_enable_image_phone=&#8220;on&#8220; locked=&#8220;off&#8220; global_colors_info=&#8220;{}&#8220; alt_tablet=&#8220;Nima Erre.Ti Packaging, Azienda Sviluppo Macchine Confezionamento Automatico_mobile&#8220; title_text_tablet=&#8220;Nima Erre.Ti Packaging, Azienda Sviluppo Macchine Confezionamento Automatico_mobile&#8220; alt_phone=&#8220;Nima Erre.Ti Packaging, Azienda Sviluppo Macchine Confezionamento Automatico_mobile&#8220; title_text_phone=&#8220;Nima Erre.Ti Packaging, Azienda Sviluppo Macchine Confezionamento Automatico_mobile&#8220;][et_pb_row column_structure=&#8220;1_2,1_2&#8243; _builder_version=&#8220;4.16&#8243; custom_margin=&#8220;|auto|20px|auto||&#8220; custom_width_px=&#8220;1280px&#8220; global_colors_info=&#8220;{}&#8220;][et_pb_column type=&#8220;1_2&#8243; _builder_version=&#8220;4.16&#8243; custom_padding=&#8220;|||&#8220; global_colors_info=&#8220;{}&#8220; custom_padding__hover=&#8220;|||&#8220;][et_pb_text _builder_version=&#8220;4.16&#8243; text_text_color=&#8220;#000000&#8243; text_font_size=&#8220;16px&#8220; text_line_height=&#8220;1.9em&#8220; locked=&#8220;off&#8220; global_colors_info=&#8220;{}&#8220;][\/et_pb_text][et_pb_text _builder_version=&#8220;4.16&#8243; text_font=&#8220;|700||on|||||&#8220; text_text_color=&#8220;#005da9&#8243; text_font_size=&#8220;40px&#8220; text_line_height=&#8220;1.3em&#8220; header_font=&#8220;|700|||||||&#8220; header_text_color=&#8220;#005da9&#8243; header_font_size=&#8220;40px&#8220; custom_margin=&#8220;||-1px||false|false&#8220; custom_padding=&#8220;|||&#8220; text_font_size_tablet=&#8220;&#8220; text_font_size_phone=&#8220;30px&#8220; text_font_size_last_edited=&#8220;on|phone&#8220; header_font_size_last_edited=&#8220;off|desktop&#8220; locked=&#8220;off&#8220; global_colors_info=&#8220;{}&#8220;]<\/p>\n<p>Maschinen und L\u00f6sungen<\/p>\n<p>[\/et_pb_text][et_pb_text _builder_version=&#8220;4.16&#8243; _module_preset=&#8220;default&#8220; header_font=&#8220;|300|||||||&#8220; header_font_size=&#8220;16px&#8220; header_line_height=&#8220;1.3em&#8220; custom_padding=&#8220;8px|||||&#8220; locked=&#8220;off&#8220; global_colors_info=&#8220;{}&#8220;]<\/p>\n<h1>Automatische Verpackungsmaschinen<\/h1>\n<p>[\/et_pb_text][et_pb_divider divider_weight=&#8220;6px&#8220; _builder_version=&#8220;4.16&#8243; width=&#8220;20%&#8220; global_colors_info=&#8220;{}&#8220;][\/et_pb_divider][\/et_pb_column][et_pb_column type=&#8220;1_2&#8243; _builder_version=&#8220;4.16&#8243; custom_padding=&#8220;|||&#8220; global_colors_info=&#8220;{}&#8220; custom_padding__hover=&#8220;|||&#8220;][\/et_pb_column][\/et_pb_row][\/et_pb_section][et_pb_section fb_built=&#8220;1&#8243; admin_label=&#8220;Gallery&#8220; _builder_version=&#8220;4.16&#8243; background_enable_color=&#8220;off&#8220; background_color_gradient_direction=&#8220;90deg&#8220; width=&#8220;80%&#8220; module_alignment=&#8220;center&#8220; custom_padding=&#8220;28px||28px||true|&#8220; locked=&#8220;off&#8220; global_colors_info=&#8220;{}&#8220;][et_pb_row _builder_version=&#8220;4.16&#8243; _module_preset=&#8220;default&#8220; width=&#8220;90%&#8220; locked=&#8220;off&#8220; global_colors_info=&#8220;{}&#8220;][et_pb_column type=&#8220;4_4&#8243; _builder_version=&#8220;4.16&#8243; _module_preset=&#8220;default&#8220; global_colors_info=&#8220;{}&#8220;][et_pb_text _builder_version=&#8220;4.16&#8243; _module_preset=&#8220;default&#8220; global_colors_info=&#8220;{}&#8220;]<\/p>\n<p>Wir sind st\u00e4ndig auf der Suche nach den besten Techniken zur <strong>Planung und Realisierung automatischer Verpackungsmaschinen<\/strong> und <strong>L\u00f6sungen von h\u00f6chstem Niveau<\/strong>. Mit dieser Zielsetzung im Hinterkopf nutzen wir <strong>Top-Technologien<\/strong> und <strong>hochwertigstes Material<\/strong> zur Entwicklung unserer Maschinen.<\/p>\n<p>Insbesondere bauen wir Maschinen zur automatischen Verpackung von Pharmazeutika, Kosmetika, Lebensmitteln und chemischen Produkten.<\/p>\n<p>Unser <strong>Personal ist hochqualifiziert<\/strong>. Um in jeder Phase der Entwicklung die Qualit\u00e4t unserer Verpackungsmaschinen und unserer Dienstleistungen gew\u00e4hrleisten zu k\u00f6nnen.<br \/> In puncto <strong>Sicherheit<\/strong> werden all unsere Maschinen und Anwendungen nach den aktuell <strong>g\u00fcltigen Normen<\/strong> und einschl\u00e4gigen <strong>Produktrichtlinien<\/strong> entworfen und gebaut. Jedes unserer Produkte ist zertifiziert.<\/p>\n<p>Wir stellen automatische Verpackungsmaschinen der <strong>Spitzenklasse<\/strong> her, darunter: <strong>Tubenf\u00fcllmaschinen, Kartonierer, Staubabscheider f\u00fcr Tabletten, Abf\u00fcllmaschinen<\/strong> und vieles mehr.<\/p>\n<p>[\/et_pb_text][\/et_pb_column][\/et_pb_row][et_pb_row column_structure=&#8220;1_3,1_3,1_3&#8243; use_custom_gutter=&#8220;on&#8220; gutter_width=&#8220;2&#8243; make_equal=&#8220;on&#8220; admin_label=&#8220;Best Beans Row&#8220; module_class=&#8220; et_pb_row_fullwidth&#8220; _builder_version=&#8220;4.16&#8243; width=&#8220;100%&#8220; width_tablet=&#8220;100%&#8220; width_phone=&#8220;&#8220; width_last_edited=&#8220;on|desktop&#8220; max_width=&#8220;100%&#8220; max_width_tablet=&#8220;100%&#8220; max_width_phone=&#8220;&#8220; max_width_last_edited=&#8220;on|desktop&#8220; custom_margin=&#8220;|||&#8220; make_fullwidth=&#8220;on&#8220; global_colors_info=&#8220;{}&#8220;][et_pb_column type=&#8220;1_3&#8243; _builder_version=&#8220;4.16&#8243; custom_padding=&#8220;|||&#8220; global_colors_info=&#8220;{}&#8220; custom_padding__hover=&#8220;|||&#8220;][et_pb_text _builder_version=&#8220;4.21.0&#8243; text_font=&#8220;|600|||||||&#8220; text_text_color=&#8220;#005da9&#8243; text_font_size=&#8220;25px&#8220; header_2_font=&#8220;|600|||||||&#8220; header_2_text_color=&#8220;#005da9&#8243; header_2_line_height=&#8220;1.4em&#8220; text_orientation=&#8220;center&#8220; link_option_url=&#8220;\/de\/tubenfullmaschinen\/&#8220; hover_enabled=&#8220;0&#8243; locked=&#8220;off&#8220; global_colors_info=&#8220;{}&#8220; sticky_enabled=&#8220;0&#8243;]<\/p>\n<h2>Tubenf\u00fcllmaschinen zum Verpacken<\/h2>\n<p>[\/et_pb_text][et_pb_image src=&#8220;https:\/\/www.nimaerreti.it\/wp-content\/uploads\/2020\/09\/Intubettatrici-Macchine-e-Soluzioni-Nima-Erre-Ti-Packaging.jpg&#8220; alt=&#8220;Intubettatrici, Macchine e Soluzioni Nima Erre.Ti Packaging&#8220; title_text=&#8220;Intubettatrici, Macchine e Soluzioni Nima Erre.Ti Packaging&#8220; url=&#8220;\/de\/tubenfullmaschinen\/&#8220; show_bottom_space=&#8220;off&#8220; align=&#8220;center&#8220; align_tablet=&#8220;center&#8220; align_phone=&#8220;&#8220; align_last_edited=&#8220;on|desktop&#8220; _builder_version=&#8220;4.21.0&#8243; width=&#8220;80%&#8220; module_alignment=&#8220;center&#8220; custom_margin=&#8220;||14px|||&#8220; global_colors_info=&#8220;{}&#8220; filter_brightness__hover_enabled=&#8220;on|hover&#8220; filter_brightness__hover=&#8220;80%&#8220; src__hover_enabled=&#8220;off|desktop&#8220; background__hover_enabled=&#8220;off|desktop&#8220;][\/et_pb_image][et_pb_text _builder_version=&#8220;4.16&#8243; text_font_size=&#8220;12px&#8220; background_enable_color=&#8220;off&#8220; width=&#8220;80%&#8220; module_alignment=&#8220;center&#8220; global_colors_info=&#8220;{}&#8220;]<\/p>\n<p style=\"text-align: center;\">Tubenf\u00fcll- und Verschlie\u00dfmaschinen: automatisch und halbautomatisch arbeitende Verpackungsmaschinen, die bis zu 24.000 St\u00fcck\/Stunde prozessieren.<\/p>\n<p>[\/et_pb_text][\/et_pb_column][et_pb_column type=&#8220;1_3&#8243; _builder_version=&#8220;4.16&#8243; custom_padding=&#8220;|||&#8220; global_colors_info=&#8220;{}&#8220; custom_padding__hover=&#8220;|||&#8220;][et_pb_text _builder_version=&#8220;4.21.0&#8243; text_font=&#8220;|600|||||||&#8220; text_text_color=&#8220;#005da9&#8243; text_font_size=&#8220;25px&#8220; header_2_font=&#8220;|600|||||||&#8220; header_2_text_color=&#8220;#005da9&#8243; header_2_line_height=&#8220;1.4em&#8220; text_orientation=&#8220;center&#8220; link_option_url=&#8220;\/de\/kartonierer\/&#8220; hover_enabled=&#8220;0&#8243; locked=&#8220;off&#8220; global_colors_info=&#8220;{}&#8220; sticky_enabled=&#8220;0&#8243;]<\/p>\n<h2>Kartonierer zum<br \/>Verpacken<\/h2>\n<p>[\/et_pb_text][et_pb_image src=&#8220;https:\/\/www.nimaerreti.it\/wp-content\/uploads\/2020\/09\/Astucciatrici-Macchine-e-Soluzioni-Nima-Erre-Ti-Packaging.jpg&#8220; alt=&#8220;Astucciatrici, Macchine e Soluzioni Nima Erre.Ti Packaging&#8220; title_text=&#8220;Astucciatrici, Macchine e Soluzioni Nima Erre.Ti Packaging&#8220; url=&#8220;\/de\/kartonierer\/&#8220; show_bottom_space=&#8220;off&#8220; align=&#8220;center&#8220; align_tablet=&#8220;center&#8220; align_phone=&#8220;&#8220; align_last_edited=&#8220;on|desktop&#8220; _builder_version=&#8220;4.21.0&#8243; width=&#8220;80%&#8220; module_alignment=&#8220;center&#8220; custom_margin=&#8220;||14px|||&#8220; global_colors_info=&#8220;{}&#8220; filter_brightness__hover_enabled=&#8220;on|hover&#8220; filter_brightness__hover=&#8220;80%&#8220;][\/et_pb_image][et_pb_text _builder_version=&#8220;4.16&#8243; text_font_size=&#8220;12px&#8220; background_enable_color=&#8220;off&#8220; width=&#8220;80%&#8220; module_alignment=&#8220;center&#8220; global_colors_info=&#8220;{}&#8220;]<\/p>\n<p style=\"text-align: center;\">Kartonierer: automatisch und halbautomatisch arbeitende Verpackungsmaschinen, die bis zu 15.000 St\u00fcck\/Stunde prozessieren.<\/p>\n<p>[\/et_pb_text][\/et_pb_column][et_pb_column type=&#8220;1_3&#8243; _builder_version=&#8220;4.16&#8243; custom_padding=&#8220;|||&#8220; global_colors_info=&#8220;{}&#8220; custom_padding__hover=&#8220;|||&#8220;][et_pb_text _builder_version=&#8220;4.21.0&#8243; text_font=&#8220;|600|||||||&#8220; text_text_color=&#8220;#005da9&#8243; text_font_size=&#8220;25px&#8220; header_2_font=&#8220;|600|||||||&#8220; header_2_text_color=&#8220;#005da9&#8243; header_2_line_height=&#8220;1.4em&#8220; text_orientation=&#8220;center&#8220; link_option_url=&#8220;\/de\/kartonierer\/&#8220; hover_enabled=&#8220;0&#8243; locked=&#8220;off&#8220; global_colors_info=&#8220;{}&#8220; sticky_enabled=&#8220;0&#8243;]<\/p>\n<h2>Staubabscheider f\u00fcr<br \/>Tabletten<\/h2>\n<p>[\/et_pb_text][et_pb_image src=&#8220;https:\/\/www.nimaerreti.it\/wp-content\/uploads\/2020\/09\/Depolverizzatori-Compresse-Macchine-e-Soluzioni-Nima-Erre-Ti-Packaging.jpg&#8220; alt=&#8220;Depolverizzatori Compresse, Macchine e Soluzioni Nima Erre.Ti Packaging&#8220; title_text=&#8220;Depolverizzatori Compresse, Macchine e Soluzioni Nima Erre.Ti Packaging&#8220; url=&#8220;\/de\/staubabscheider-fur-tabletten\/&#8220; show_bottom_space=&#8220;off&#8220; align=&#8220;center&#8220; align_tablet=&#8220;center&#8220; align_phone=&#8220;&#8220; align_last_edited=&#8220;on|desktop&#8220; _builder_version=&#8220;4.21.0&#8243; width=&#8220;80%&#8220; module_alignment=&#8220;center&#8220; custom_margin=&#8220;||14px|||&#8220; global_colors_info=&#8220;{}&#8220; filter_brightness__hover_enabled=&#8220;on|hover&#8220; filter_brightness__hover=&#8220;80%&#8220;][\/et_pb_image][et_pb_text _builder_version=&#8220;4.16&#8243; text_font_size=&#8220;12px&#8220; background_enable_color=&#8220;off&#8220; width=&#8220;80%&#8220; module_alignment=&#8220;center&#8220; global_colors_info=&#8220;{}&#8220;]<\/p>\n<p>Tablettenreinigung und Staubr\u00fcckgewinnung nach dem Pressvorgang, die bis zu 350.000 St\u00fcck\/Stunde prozessieren.<\/p>\n<p>&nbsp;<\/p>\n<p>[\/et_pb_text][\/et_pb_column][\/et_pb_row][\/et_pb_section][et_pb_section fb_built=&#8220;1&#8243; disabled_on=&#8220;off|off|off&#8220; _builder_version=&#8220;4.16&#8243; custom_padding=&#8220;1px|||||&#8220; global_colors_info=&#8220;{}&#8220;][et_pb_row _builder_version=&#8220;4.16&#8243; width=&#8220;90%&#8220; global_colors_info=&#8220;{}&#8220;][et_pb_column type=&#8220;4_4&#8243; _builder_version=&#8220;4.16&#8243; global_colors_info=&#8220;{}&#8220;][et_pb_divider divider_weight=&#8220;4px&#8220; _builder_version=&#8220;4.16&#8243; width=&#8220;100%&#8220; global_colors_info=&#8220;{}&#8220;][\/et_pb_divider][\/et_pb_column][\/et_pb_row][et_pb_row column_structure=&#8220;1_2,1_2&#8243; _builder_version=&#8220;4.16&#8243; global_colors_info=&#8220;{}&#8220;][et_pb_column type=&#8220;1_2&#8243; _builder_version=&#8220;4.16&#8243; global_colors_info=&#8220;{}&#8220;][et_pb_image src=&#8220;https:\/\/www.nimaerreti.it\/wp-content\/uploads\/2020\/09\/Macchine-Automatiche-per-il-Confezionamento-Usate-Nima-Erre-Ti-Packaging.jpg&#8220; alt=&#8220;Macchine Automatiche per il Confezionamento Usate, Nima Erre.Ti Packaging&#8220; title_text=&#8220;Macchine Automatiche per il Confezionamento Usate, Nima Erre.Ti Packaging&#8220; _builder_version=&#8220;4.16&#8243; custom_padding=&#8220;|77px|0px|||&#8220; box_shadow_style=&#8220;preset1&#8243; box_shadow_vertical=&#8220;7px&#8220; box_shadow_blur=&#8220;10px&#8220; box_shadow_spread=&#8220;-2px&#8220; global_colors_info=&#8220;{}&#8220;][\/et_pb_image][\/et_pb_column][et_pb_column type=&#8220;1_2&#8243; _builder_version=&#8220;4.16&#8243; global_colors_info=&#8220;{}&#8220;][et_pb_text _builder_version=&#8220;4.16&#8243; text_font=&#8220;|600|||||||&#8220; text_text_color=&#8220;#005da9&#8243; text_font_size=&#8220;25px&#8220; header_2_font=&#8220;|600|||||||&#8220; header_2_text_color=&#8220;#005da9&#8243; header_2_line_height=&#8220;1.4em&#8220; locked=&#8220;off&#8220; global_colors_info=&#8220;{}&#8220;]<\/p>\n<h2>Gebrauchte automatische Verpackungsmaschinen<\/h2>\n<p>[\/et_pb_text][et_pb_text _builder_version=&#8220;4.16&#8243; custom_padding=&#8220;5px|||||&#8220; global_colors_info=&#8220;{}&#8220;]<\/p>\n<p><strong>Gro\u00dfe<\/strong> <strong>und st\u00e4ndig auf den neusten Stand gebrachte Auswahl gebrauchter automatischer Verpackungsmaschinen diverser Hersteller.<\/strong><\/p>\n<p>[\/et_pb_text][et_pb_button button_url=&#8220;\/de\/gebrauchtmaschinen\/&#8220; button_text=&#8220;Zu den Gebrauchtmaschinen &#8220; button_alignment=&#8220;left&#8220; _builder_version=&#8220;4.21.0&#8243; custom_button=&#8220;on&#8220; button_text_size=&#8220;20px&#8220; button_text_color=&#8220;#3d3d3d&#8220; button_border_width=&#8220;3px&#8220; button_border_color=&#8220;#e09900&#8243; button_border_radius=&#8220;15px&#8220; global_colors_info=&#8220;{}&#8220;][\/et_pb_button][\/et_pb_column][\/et_pb_row][\/et_pb_section][et_pb_section fb_built=&#8220;1&#8243; _builder_version=&#8220;4.16&#8243; custom_padding=&#8220;20px||20px||true|&#8220; saved_tabs=&#8220;all&#8220; global_colors_info=&#8220;{}&#8220;][et_pb_row _builder_version=&#8220;4.16&#8243; global_colors_info=&#8220;{}&#8220;][et_pb_column type=&#8220;4_4&#8243; _builder_version=&#8220;4.16&#8243; global_colors_info=&#8220;{}&#8220;][et_pb_text _builder_version=&#8220;4.21.0&#8243; text_font_size=&#8220;12px&#8220; hover_enabled=&#8220;0&#8243; global_colors_info=&#8220;{}&#8220; sticky_enabled=&#8220;0&#8243;]<\/p>\n<p style=\"text-align: center;\"><a href=\"\/de\/rotierende-tubenfullmaschinen\/\">Rotierende Tubenf\u00fcllmaschinen<\/a>\u00a0| <a href=\"\/de\/lineare-tubenfullmaschinen\/\">Lineare Tubenf\u00fcllmaschinen<\/a> | <a href=\"\/de\/tubenmagazin-mit-hohem-fassungsvermogen\/\">Tubenmagazin mit hohem Fassungsverm\u00f6gen<\/a> | <a href=\"\/de\/kartonierer-mit-alternierender-bewegung\/\">Kartonierer mit alternierender Bewegung<\/a><br \/>\n| <a href=\"\/de\/kartonierer-mit-kontinuierlicher-bewegung\/\">Kartonierer mit kontinuierlicher Bewegung<\/a> |\u00a0<a href=\"\/de\/staubabscheider-fur-tabletten\/\">Staubabscheider f\u00fcr Tabletten<\/a><\/p>\n<p>[\/et_pb_text][\/et_pb_column][\/et_pb_row][\/et_pb_section]<\/p>\n","protected":false},"excerpt":{"rendered":"<p>Maschinen und L\u00f6sungenAutomatische VerpackungsmaschinenWir sind st\u00e4ndig auf der Suche nach den besten Techniken zur Planung und Realisierung automatischer Verpackungsmaschinen und L\u00f6sungen von h\u00f6chstem Niveau. Mit dieser Zielsetzung im Hinterkopf nutzen wir Top-Technologien und hochwertigstes Material zur Entwicklung unserer Maschinen. Insbesondere bauen wir Maschinen zur automatischen Verpackung von Pharmazeutika, Kosmetika, Lebensmitteln und chemischen Produkten. Unser Personal [&hellip;]<\/p>\n","protected":false},"author":1,"featured_media":0,"parent":0,"menu_order":0,"comment_status":"closed","ping_status":"closed","template":"","meta":{"_et_pb_use_builder":"on","_et_pb_old_content":"","_et_gb_content_width":""},"yoast_head":"<!-- This site is optimized with the Yoast SEO plugin v20.9 - https:\/\/yoast.com\/wordpress\/plugins\/seo\/ -->\n<title>Macchine Automatiche per Confezionamento - Prodotti - Nima Erre. Ti<\/title>\n<meta name=\"description\" content=\"Macchine Automatiche per Confezionamento. L&#039;Azienda Produce Soluzioni di Alto Livello con Tecnologie e Materiali di Prima Qualit\u00e0. Scopri!\" \/>\n<meta name=\"robots\" content=\"index, follow, max-snippet:-1, max-image-preview:large, max-video-preview:-1\" \/>\n<link rel=\"canonical\" href=\"https:\/\/www.nimaerreti.it\/de\/maschinen-und-losungen\/\" \/>\n<meta property=\"og:locale\" content=\"de_DE\" \/>\n<meta property=\"og:type\" content=\"article\" \/>\n<meta property=\"og:title\" content=\"Macchine Automatiche per Confezionamento - Prodotti - Nima Erre. Ti\" \/>\n<meta property=\"og:description\" content=\"Macchine Automatiche per Confezionamento. L&#039;Azienda Produce Soluzioni di Alto Livello con Tecnologie e Materiali di Prima Qualit\u00e0. Scopri!\" \/>\n<meta property=\"og:url\" content=\"https:\/\/www.nimaerreti.it\/de\/maschinen-und-losungen\/\" \/>\n<meta property=\"og:site_name\" content=\"NIMA-ERRE.TI\" \/>\n<meta property=\"article:modified_time\" content=\"2023-06-23T12:50:42+00:00\" \/>\n<meta name=\"twitter:card\" content=\"summary_large_image\" \/>\n<meta name=\"twitter:label1\" content=\"Gesch\u00e4tzte Lesezeit\" \/>\n\t<meta name=\"twitter:data1\" content=\"4 Minuten\" \/>\n<script type=\"application\/ld+json\" class=\"yoast-schema-graph\">{\"@context\":\"https:\/\/schema.org\",\"@graph\":[{\"@type\":\"WebPage\",\"@id\":\"https:\/\/www.nimaerreti.it\/de\/maschinen-und-losungen\/\",\"url\":\"https:\/\/www.nimaerreti.it\/de\/maschinen-und-losungen\/\",\"name\":\"Macchine Automatiche per Confezionamento - Prodotti - Nima Erre. Ti\",\"isPartOf\":{\"@id\":\"https:\/\/www.nimaerreti.it\/#website\"},\"datePublished\":\"2020-05-26T13:10:16+00:00\",\"dateModified\":\"2023-06-23T12:50:42+00:00\",\"description\":\"Macchine Automatiche per Confezionamento. L'Azienda Produce Soluzioni di Alto Livello con Tecnologie e Materiali di Prima Qualit\u00e0. Scopri!\",\"breadcrumb\":{\"@id\":\"https:\/\/www.nimaerreti.it\/de\/maschinen-und-losungen\/#breadcrumb\"},\"inLanguage\":\"de-DE\",\"potentialAction\":[{\"@type\":\"ReadAction\",\"target\":[\"https:\/\/www.nimaerreti.it\/de\/maschinen-und-losungen\/\"]}]},{\"@type\":\"BreadcrumbList\",\"@id\":\"https:\/\/www.nimaerreti.it\/de\/maschinen-und-losungen\/#breadcrumb\",\"itemListElement\":[{\"@type\":\"ListItem\",\"position\":1,\"name\":\"Home\",\"item\":\"https:\/\/www.nimaerreti.it\/de\/\"},{\"@type\":\"ListItem\",\"position\":2,\"name\":\"Maschinen und L\u00f6sungen\"}]},{\"@type\":\"WebSite\",\"@id\":\"https:\/\/www.nimaerreti.it\/#website\",\"url\":\"https:\/\/www.nimaerreti.it\/\",\"name\":\"NIMA-ERRE.TI\",\"description\":\"Multiservice nel settore del confezionamento\",\"publisher\":{\"@id\":\"https:\/\/www.nimaerreti.it\/#organization\"},\"potentialAction\":[{\"@type\":\"SearchAction\",\"target\":{\"@type\":\"EntryPoint\",\"urlTemplate\":\"https:\/\/www.nimaerreti.it\/?s={search_term_string}\"},\"query-input\":\"required name=search_term_string\"}],\"inLanguage\":\"de-DE\"},{\"@type\":\"Organization\",\"@id\":\"https:\/\/www.nimaerreti.it\/#organization\",\"name\":\"Nima-Erre.Ti Packaging\",\"url\":\"https:\/\/www.nimaerreti.it\/\",\"logo\":{\"@type\":\"ImageObject\",\"inLanguage\":\"de-DE\",\"@id\":\"https:\/\/www.nimaerreti.it\/#\/schema\/logo\/image\/\",\"url\":\"https:\/\/www.nimaerreti.it\/wp-content\/uploads\/2020\/05\/Nima-Erre-Ti-logo-little-1.png\",\"contentUrl\":\"https:\/\/www.nimaerreti.it\/wp-content\/uploads\/2020\/05\/Nima-Erre-Ti-logo-little-1.png\",\"width\":350,\"height\":104,\"caption\":\"Nima-Erre.Ti Packaging\"},\"image\":{\"@id\":\"https:\/\/www.nimaerreti.it\/#\/schema\/logo\/image\/\"},\"sameAs\":[\"https:\/\/it.linkedin.com\/company\/nima-erre-ti-packaging-s-r-l\"]}]}<\/script>\n<!-- \/ Yoast SEO plugin. -->","yoast_head_json":{"title":"Macchine Automatiche per Confezionamento - Prodotti - Nima Erre. Ti","description":"Macchine Automatiche per Confezionamento. L'Azienda Produce Soluzioni di Alto Livello con Tecnologie e Materiali di Prima Qualit\u00e0. Scopri!","robots":{"index":"index","follow":"follow","max-snippet":"max-snippet:-1","max-image-preview":"max-image-preview:large","max-video-preview":"max-video-preview:-1"},"canonical":"https:\/\/www.nimaerreti.it\/de\/maschinen-und-losungen\/","og_locale":"de_DE","og_type":"article","og_title":"Macchine Automatiche per Confezionamento - Prodotti - Nima Erre. Ti","og_description":"Macchine Automatiche per Confezionamento. L'Azienda Produce Soluzioni di Alto Livello con Tecnologie e Materiali di Prima Qualit\u00e0. Scopri!","og_url":"https:\/\/www.nimaerreti.it\/de\/maschinen-und-losungen\/","og_site_name":"NIMA-ERRE.TI","article_modified_time":"2023-06-23T12:50:42+00:00","twitter_card":"summary_large_image","twitter_misc":{"Gesch\u00e4tzte Lesezeit":"4 Minuten"},"schema":{"@context":"https:\/\/schema.org","@graph":[{"@type":"WebPage","@id":"https:\/\/www.nimaerreti.it\/de\/maschinen-und-losungen\/","url":"https:\/\/www.nimaerreti.it\/de\/maschinen-und-losungen\/","name":"Macchine Automatiche per Confezionamento - Prodotti - Nima Erre. Ti","isPartOf":{"@id":"https:\/\/www.nimaerreti.it\/#website"},"datePublished":"2020-05-26T13:10:16+00:00","dateModified":"2023-06-23T12:50:42+00:00","description":"Macchine Automatiche per Confezionamento. L'Azienda Produce Soluzioni di Alto Livello con Tecnologie e Materiali di Prima Qualit\u00e0. Scopri!","breadcrumb":{"@id":"https:\/\/www.nimaerreti.it\/de\/maschinen-und-losungen\/#breadcrumb"},"inLanguage":"de-DE","potentialAction":[{"@type":"ReadAction","target":["https:\/\/www.nimaerreti.it\/de\/maschinen-und-losungen\/"]}]},{"@type":"BreadcrumbList","@id":"https:\/\/www.nimaerreti.it\/de\/maschinen-und-losungen\/#breadcrumb","itemListElement":[{"@type":"ListItem","position":1,"name":"Home","item":"https:\/\/www.nimaerreti.it\/de\/"},{"@type":"ListItem","position":2,"name":"Maschinen und L\u00f6sungen"}]},{"@type":"WebSite","@id":"https:\/\/www.nimaerreti.it\/#website","url":"https:\/\/www.nimaerreti.it\/","name":"NIMA-ERRE.TI","description":"Multiservice nel settore del confezionamento","publisher":{"@id":"https:\/\/www.nimaerreti.it\/#organization"},"potentialAction":[{"@type":"SearchAction","target":{"@type":"EntryPoint","urlTemplate":"https:\/\/www.nimaerreti.it\/?s={search_term_string}"},"query-input":"required name=search_term_string"}],"inLanguage":"de-DE"},{"@type":"Organization","@id":"https:\/\/www.nimaerreti.it\/#organization","name":"Nima-Erre.Ti Packaging","url":"https:\/\/www.nimaerreti.it\/","logo":{"@type":"ImageObject","inLanguage":"de-DE","@id":"https:\/\/www.nimaerreti.it\/#\/schema\/logo\/image\/","url":"https:\/\/www.nimaerreti.it\/wp-content\/uploads\/2020\/05\/Nima-Erre-Ti-logo-little-1.png","contentUrl":"https:\/\/www.nimaerreti.it\/wp-content\/uploads\/2020\/05\/Nima-Erre-Ti-logo-little-1.png","width":350,"height":104,"caption":"Nima-Erre.Ti Packaging"},"image":{"@id":"https:\/\/www.nimaerreti.it\/#\/schema\/logo\/image\/"},"sameAs":["https:\/\/it.linkedin.com\/company\/nima-erre-ti-packaging-s-r-l"]}]}},"_links":{"self":[{"href":"https:\/\/www.nimaerreti.it\/de\/wp-json\/wp\/v2\/pages\/237080"}],"collection":[{"href":"https:\/\/www.nimaerreti.it\/de\/wp-json\/wp\/v2\/pages"}],"about":[{"href":"https:\/\/www.nimaerreti.it\/de\/wp-json\/wp\/v2\/types\/page"}],"author":[{"embeddable":true,"href":"https:\/\/www.nimaerreti.it\/de\/wp-json\/wp\/v2\/users\/1"}],"replies":[{"embeddable":true,"href":"https:\/\/www.nimaerreti.it\/de\/wp-json\/wp\/v2\/comments?post=237080"}],"version-history":[{"count":5,"href":"https:\/\/www.nimaerreti.it\/de\/wp-json\/wp\/v2\/pages\/237080\/revisions"}],"predecessor-version":[{"id":237982,"href":"https:\/\/www.nimaerreti.it\/de\/wp-json\/wp\/v2\/pages\/237080\/revisions\/237982"}],"wp:attachment":[{"href":"https:\/\/www.nimaerreti.it\/de\/wp-json\/wp\/v2\/media?parent=237080"}],"curies":[{"name":"wp","href":"https:\/\/api.w.org\/{rel}","templated":true}]}}